{"id":9866,"date":"2026-04-16T20:48:28","date_gmt":"2026-04-16T18:48:28","guid":{"rendered":"https:\/\/www.sofforsangar.se\/?post_type=product&#038;p=9866"},"modified":"2026-04-16T20:52:01","modified_gmt":"2026-04-16T18:52:01","slug":"i-lager-robust-fotpall-80x80-rost","status":"publish","type":"product","link":"https:\/\/www.sofforsangar.se\/dk\/vare\/i-lager-robust-fotpall-80x80-rost\/","title":{"rendered":"I lager: Robust fotpall 80&#215;80 Rost"},"content":{"rendered":"<p>Robust fotpall \u00e4r en gener\u00f6s, praktisk och h\u00e4rlig fotpall i fin stil. Kan kombineras till dom flesta soffor och \u00e4ven bli ett fint komplement som extra sittplats till en eller flera personer.<\/p>\n<p><strong>M\u00e5l\/v\u00e6gt<br \/>\n<\/strong>80 x 80<br \/>\nH: 38 cm<br \/>\nM\u00e5lene kan variere op til 3 cm<br \/>\nVikt inkl emballage 26 kg<\/p>\n<p><strong>Materiale og farve:<\/strong><strong>:<\/strong><br \/>\nCordob Manchester. V\u00e4lj mellan f\u00e4rgerna Vit, Brun, Bl\u00e5, Ljusgr\u00e5, Rost, Senap, Gr\u00f6n eller Gr\u00e5. Kvalitet 100% polyester. Martindale 90,000. Pilling 4. Ljus\u00e4kthet 4-5. Tv\u00e4ttr\u00e5d Handtv\u00e4tt.<\/p>\n<p>Lazy sofa serien findes i et v\u00e6lg af farver og materialer.<\/p>\n<p><strong>Lidt fakta:<\/strong><br \/>\n-BELLUS Furniture\n-pocketfj\u00e4drar, Cloud-system \u2013 5 \u00e5rs garanti\n-memoryskum\n-4 pntepuder. 70*60\n-Ben 6 cm<br \/>\nHynderne: 35 kg koldskum, og et top lag af dun.<br \/>\nRammen p\u00e5 sofaen er massiv tr\u00e6, og Nozag fjeder.<br \/>\n&#8211;\u00a0 Standard ben, h\u00f6jd 1,5 cm.<\/p>\n<p><strong>Vedligeholdelses r\u00e5d<\/strong><br \/>\nRobust fotpall kommer i 1 st kolli. Benen \u00e4r f\u00f6rmonterade p\u00e5 pallen.<\/p>\n<p>Vi anbefaler at tilk\u00f8be vores plejeserie.\u00a0<a href=\"https:\/\/www.sofforsangar.se\/dk\/vare\/textilvard-textile-clean-protect\/\">Plejeserie<\/a>\u00a0for en l\u00e6nger levetid.<\/p>\n<h3>Fandt du ikke lige det du s\u00f8gte.<\/h3>\n<p>Vores butik i centrale Malm\u00f8, byder p\u00e5 masser af inspiration. Her har vi 1000 kvm med sk\u00f8nne m\u00f8bler. Ring eller mail s\u00e5 hj\u00e6lper vi dig.\n0046 40 13 99 11.<\/p>","protected":false},"excerpt":{"rendered":"<p>Robust fotpall \u00e4r en gener\u00f6s, praktisk och h\u00e4rlig fotpall i fin stil. Kan kombineras till dom flesta soffor och \u00e4ven bli ett fint komplement som extra sittplats till en eller flera personer. M\u00e5tt\/Vikt 80 x 80 H\u00f6jd 38 cm M\u00e5tten kan variera +- 3 cm beroende p\u00e5 kombination och kl\u00e4dselmaterial. Vikt inkl emballage 26 kg [&hellip;]<\/p>\n","protected":false},"featured_media":8295,"comment_status":"open","ping_status":"closed","template":"","meta":{"_acf_changed":false},"product_brand":[],"product_cat":[29],"product_tag":[],"class_list":{"0":"post-9866","1":"product","2":"type-product","3":"status-publish","4":"has-post-thumbnail","6":"product_cat-soffor-i-lager","7":"product_shipping_class-sma-mobler","9":"first","10":"instock","11":"taxable","12":"shipping-taxable","13":"purchasable","14":"product-type-variable","15":"has-default-attributes"},"acf":[],"_links":{"self":[{"href":"https:\/\/www.sofforsangar.se\/dk\/wp-json\/wp\/v2\/product\/9866","targetHints":{"allow":["GET"]}}],"collection":[{"href":"https:\/\/www.sofforsangar.se\/dk\/wp-json\/wp\/v2\/product"}],"about":[{"href":"https:\/\/www.sofforsangar.se\/dk\/wp-json\/wp\/v2\/types\/product"}],"replies":[{"embeddable":true,"href":"https:\/\/www.sofforsangar.se\/dk\/wp-json\/wp\/v2\/comments?post=9866"}],"wp:featuredmedia":[{"embeddable":true,"href":"https:\/\/www.sofforsangar.se\/dk\/wp-json\/wp\/v2\/media\/8295"}],"wp:attachment":[{"href":"https:\/\/www.sofforsangar.se\/dk\/wp-json\/wp\/v2\/media?parent=9866"}],"wp:term":[{"taxonomy":"product_brand","embeddable":true,"href":"https:\/\/www.sofforsangar.se\/dk\/wp-json\/wp\/v2\/product_brand?post=9866"},{"taxonomy":"product_cat","embeddable":true,"href":"https:\/\/www.sofforsangar.se\/dk\/wp-json\/wp\/v2\/product_cat?post=9866"},{"taxonomy":"product_tag","embeddable":true,"href":"https:\/\/www.sofforsangar.se\/dk\/wp-json\/wp\/v2\/product_tag?post=9866"}],"curies":[{"name":"wp","href":"https:\/\/api.w.org\/{rel}","templated":true}]}}