{"id":9837,"date":"2026-04-16T19:33:37","date_gmt":"2026-04-16T17:33:37","guid":{"rendered":"https:\/\/www.sofforsangar.se\/?post_type=product&#038;p=9837"},"modified":"2026-04-16T20:14:24","modified_gmt":"2026-04-16T18:14:24","slug":"i-lager-rio-soffa-3-sits-280-beige","status":"publish","type":"product","link":"https:\/\/www.sofforsangar.se\/dk\/vare\/i-lager-rio-soffa-3-sits-280-beige\/","title":{"rendered":"I lager: Rio soffa 3-sits 280 Beige"},"content":{"rendered":"<div class=\"elementor-element elementor-element-2d618048 elementor-widget elementor-widget-woocommerce-product-title elementor-page-title elementor-widget-heading\" data-id=\"2d618048\" data-element_type=\"widget\" data-widget_type=\"woocommerce-product-title.default\">\n<div class=\"elementor-widget-container\">\n<h2>Rio -hj\u00f8rnesofa med loungemodul<\/h2>\n<p>Rio er nok en af vores mest solgte modeller, de brede hynder giver en fantastisk siddekomfort, og en rigtig god st\u00f8tte. Denne sofa udstr\u00e5ler American Style.\nRio er en modul sofa, s\u00e5 giv os dine m\u00e5l, s\u00e5 hj\u00e6lper vi dig med at bygge din dr\u00f8mmesofa.<\/p>\n<\/div>\n<\/div>\n<div class=\"elementor-element elementor-element-7e329e03 elementor-widget elementor-widget-woocommerce-product-content\" data-id=\"7e329e03\" data-element_type=\"widget\" data-widget_type=\"woocommerce-product-content.default\">\n<h3>Specifikationer f\u00f6r Rio djup soffa<\/h3>\n<h4>M\u00e5l<\/h4>\n<p>M\u00e5tt 280 x 120 cm<br \/>\nH\u00f8jde: 84 cm<br \/>\nSide h\u00f8jde: 47 cm<br \/>\nSide dybde: 80 cm<br \/>\nBen: 10 cm<\/p>\n<p>M\u00e5lene kan variere op til 3 cm<\/p>\n<h4>Stoffer og farver<\/h4>\n<p>Lincoln 03 Manchester Beige. Kvalitet 100% polyester. Martindale 90,000-100,000. Pilling 4. Ljus\u00e4kthet 4-5. Tv\u00e4ttr\u00e5d Handtv\u00e4tt.<br \/>\nRio soffa finns som best\u00e4llningsvara i andra tyger &amp; f\u00e4rger.<\/p>\n<h4>Lidt fakta:<\/h4>\n<p>-fremstilles i EU-<br \/>\n- mulighed for at tage af betr\u00e6k.<br \/>\n- hynderne har pose fjedre, samt en bl\u00f8d kold skums top.<br \/>\n-ryghynderne best\u00e5r af HR skum.<br \/>\n-Rammen best\u00e5r af en tr\u00e6ramme med nozag fjedre.<br \/>\n-ben  12 cm i  sort.<br \/>\n\u2013 Till denna storlek av Rio 3-sits soffa ing\u00e5r 4 stycken dekorkuddar i samma tyg\/f\u00e4rg som \u00f6vriga soffan.<\/p>\n<h4>Vedligeholdelses r\u00e5d<\/h4>\n<p>Vi anbefaler at tilk\u00f8be vores plejeserie.\u00a0<a href=\"https:\/\/www.sofforsangar.se\/dk\/vare\/textilvard-textile-clean-protect\/\">Plejeserie<\/a>\u00a0for en l\u00e6nger levetid.<\/p>\n<h2>Fandt du ikke lige det du s\u00f8gte.<\/h2>\n<p>Vores butik i centrale Malm\u00f8, byder p\u00e5 masser af inspiration. Her har vi 1000 kvm med sk\u00f8nne m\u00f8bler. Ring eller mail s\u00e5 hj\u00e6lper vi dig.\n0046 40 13 99 11.<\/p>\n<\/div>","protected":false},"excerpt":{"rendered":"<p>Plads til hele familien<\/p>","protected":false},"featured_media":8550,"comment_status":"open","ping_status":"closed","template":"","meta":{"_acf_changed":false},"product_brand":[],"product_cat":[29],"product_tag":[],"class_list":{"0":"post-9837","1":"product","2":"type-product","3":"status-publish","4":"has-post-thumbnail","6":"product_cat-soffor-i-lager","7":"product_shipping_class-stora-mobler","9":"first","10":"instock","11":"sale","12":"taxable","13":"shipping-taxable","14":"purchasable","15":"product-type-variable","16":"has-default-attributes"},"acf":[],"_links":{"self":[{"href":"https:\/\/www.sofforsangar.se\/dk\/wp-json\/wp\/v2\/product\/9837","targetHints":{"allow":["GET"]}}],"collection":[{"href":"https:\/\/www.sofforsangar.se\/dk\/wp-json\/wp\/v2\/product"}],"about":[{"href":"https:\/\/www.sofforsangar.se\/dk\/wp-json\/wp\/v2\/types\/product"}],"replies":[{"embeddable":true,"href":"https:\/\/www.sofforsangar.se\/dk\/wp-json\/wp\/v2\/comments?post=9837"}],"wp:featuredmedia":[{"embeddable":true,"href":"https:\/\/www.sofforsangar.se\/dk\/wp-json\/wp\/v2\/media\/8550"}],"wp:attachment":[{"href":"https:\/\/www.sofforsangar.se\/dk\/wp-json\/wp\/v2\/media?parent=9837"}],"wp:term":[{"taxonomy":"product_brand","embeddable":true,"href":"https:\/\/www.sofforsangar.se\/dk\/wp-json\/wp\/v2\/product_brand?post=9837"},{"taxonomy":"product_cat","embeddable":true,"href":"https:\/\/www.sofforsangar.se\/dk\/wp-json\/wp\/v2\/product_cat?post=9837"},{"taxonomy":"product_tag","embeddable":true,"href":"https:\/\/www.sofforsangar.se\/dk\/wp-json\/wp\/v2\/product_tag?post=9837"}],"curies":[{"name":"wp","href":"https:\/\/api.w.org\/{rel}","templated":true}]}}