{"id":9658,"date":"2026-02-09T20:36:19","date_gmt":"2026-02-09T18:36:19","guid":{"rendered":"https:\/\/www.sofforsangar.se\/?post_type=product&#038;p=9658"},"modified":"2026-02-17T13:59:48","modified_gmt":"2026-02-17T11:59:48","slug":"robust-3-sits-maxi-divansoffa-hogerstalld-gron","status":"publish","type":"product","link":"https:\/\/www.sofforsangar.se\/dk\/vare\/robust-3-sits-maxi-divansoffa-hogerstalld-gron\/","title":{"rendered":"I lager: Robust 3-sits Maxi divansoffa H\u00f6gerst\u00e4lld Gr\u00f6n"},"content":{"rendered":"<p>Robust er hel fantastisk med plads til hele familien.\n\nDet perfekte valg , hvis du er p\u00e5 jag efter en sk\u00f8n sofa  lige til a synke ned i. \n\nRobust er med sit flotte nordiske design, en rigtig eyecatcher. Kan fremstilles i et v\u00e6ld af sk\u00f8nne farver.\n\n\nHer finder alle i familien hurtigt sin ynglings plads.<\/p>\n<h3>Lidt fakta:<\/h3>\n<p class=\"translation-block\">-BELLUS Furniture\n-pocketfj\u00e4drar, Cloud-system \u2013 5 \u00e5rs garanti\n-memoryskum\n-4 pntepuder. 70*60\n-Ben 6 cm<\/p>\n<h3>M\u00e5l\/v\u00e6gt<\/h3>\n<p>B: 348 cm<br \/>\nH: 83 cm<br \/>\nDybde: 176 cm<br \/>\nSide h\u00f8jde: 40 cm<br \/>\nSide dybde: 67 cm<br \/>\nBen 6 cm<br \/>\nM\u00e5lene kan variere op til 3 cm<br \/>\nV\u00e6gt 133 kg<\/p>\n<p>Puffen er 80x80 cm<\/p>\n<h3>Stoffer og farver<\/h3>\n<p>Cordob Manchester. Gr\u00f6n. Kvalitet 100% polyester. Martindale 90,000. Pilling 4. Ljus\u00e4kthet 4-5. Tv\u00e4ttr\u00e5d Handtv\u00e4tt.<\/p>\n<p>Robust 3-sits Maxi divansoffa finns som best\u00e4llningsvara i andra tyger &amp; f\u00e4rger. Klicka p\u00e5 Tyg- och f\u00e4rgl\u00e4nken i sidfoten l\u00e4ngst ner f\u00f6r att best\u00e4lla Gratis tygprover.<\/p>\n<h3>Tips:<\/h3>\n<p>Robus kommer i 2 kolli, og klikkes let sammen uden brug af v\u00e6rkt\u00f8j.<\/p>\n<p>Vi anbefaler at tilk\u00f8be vores plejeserie. <a href=\"https:\/\/www.sofforsangar.se\/dk\/vare\/textilvard-textile-clean-protect\/\">Plejeserie<\/a> for en l\u00e6nger levetid.<\/p>\n<h3>Fandt du ikke lige det du s\u00f8gte.<\/h3>\n<p>Vores butik i centrale Malm\u00f8, byder p\u00e5 masser af inspiration. Her har vi 1000 kvm med sk\u00f8nne m\u00f8bler. Ring eller mail s\u00e5 hj\u00e6lper vi dig.\n0046 40 13 99 11.<\/p>","protected":false},"excerpt":{"rendered":"<p>Robust Divansoffa \u00e4r en gener\u00f6s helt fantastisk loungesoffa med en bred divan med plats f\u00f6r tv\u00e5 personer. Soffan rymmer totalt sex personer, dvs gott om plats f\u00f6r den stora familjen. Denna supersk\u00f6na soffa \u00e4r en modell som med sitt tunga utseende &#8221;kramar&#8221; golvet och \u00e4r dessutom byggbar f\u00f6r en flexibel interi\u00f6rl\u00f6sning. Fotpall, 80&#215;80, finns att [&hellip;]<\/p>\n","protected":false},"featured_media":9552,"comment_status":"open","ping_status":"closed","template":"","meta":{"_acf_changed":false},"product_brand":[],"product_cat":[29],"product_tag":[],"class_list":{"0":"post-9658","1":"product","2":"type-product","3":"status-publish","4":"has-post-thumbnail","6":"product_cat-soffor-i-lager","7":"product_shipping_class-stora-mobler","9":"first","10":"instock","11":"sale","12":"taxable","13":"shipping-taxable","14":"purchasable","15":"product-type-variable","16":"has-default-attributes"},"acf":[],"_links":{"self":[{"href":"https:\/\/www.sofforsangar.se\/dk\/wp-json\/wp\/v2\/product\/9658","targetHints":{"allow":["GET"]}}],"collection":[{"href":"https:\/\/www.sofforsangar.se\/dk\/wp-json\/wp\/v2\/product"}],"about":[{"href":"https:\/\/www.sofforsangar.se\/dk\/wp-json\/wp\/v2\/types\/product"}],"replies":[{"embeddable":true,"href":"https:\/\/www.sofforsangar.se\/dk\/wp-json\/wp\/v2\/comments?post=9658"}],"wp:featuredmedia":[{"embeddable":true,"href":"https:\/\/www.sofforsangar.se\/dk\/wp-json\/wp\/v2\/media\/9552"}],"wp:attachment":[{"href":"https:\/\/www.sofforsangar.se\/dk\/wp-json\/wp\/v2\/media?parent=9658"}],"wp:term":[{"taxonomy":"product_brand","embeddable":true,"href":"https:\/\/www.sofforsangar.se\/dk\/wp-json\/wp\/v2\/product_brand?post=9658"},{"taxonomy":"product_cat","embeddable":true,"href":"https:\/\/www.sofforsangar.se\/dk\/wp-json\/wp\/v2\/product_cat?post=9658"},{"taxonomy":"product_tag","embeddable":true,"href":"https:\/\/www.sofforsangar.se\/dk\/wp-json\/wp\/v2\/product_tag?post=9658"}],"curies":[{"name":"wp","href":"https:\/\/api.w.org\/{rel}","templated":true}]}}