{"id":9634,"date":"2026-02-05T17:26:53","date_gmt":"2026-02-05T15:26:53","guid":{"rendered":"https:\/\/www.sofforsangar.se\/?post_type=product&#038;p=9634"},"modified":"2026-02-20T13:34:33","modified_gmt":"2026-02-20T11:34:33","slug":"tuva-3-sits-dunsoffa","status":"publish","type":"product","link":"https:\/\/www.sofforsangar.se\/dk\/vare\/tuva-3-sits-dunsoffa\/","title":{"rendered":"Tuva &#8211; 3-sits dunsoffa"},"content":{"rendered":"<h2>Tuva &#8211; Sk\u00f6naste dunsoffan!<\/h2>\n<p data-start=\"0\" data-end=\"95\">Denna lyxiga soffa \u00e4r som gjord f\u00f6r h\u00e4rligt soffmys. Tuva \u00e4r v\u00e5r mjuka, omfamnande soffa som bjuder in till avkoppling och sk\u00f6nt h\u00e4ng.<\/p>\n<p data-start=\"97\" data-end=\"262\">Soffan \u00e4r en tidl\u00f6s designklassiker med gener\u00f6st sittdjup och fyllig dunstoppning som ger en komfort som \u00e4r sv\u00e5rslagen. I denna fantastiska soffa kan du varva ner, landa och njuta \u2013 varje dag.<\/p>\n<p data-start=\"264\" data-end=\"379\" data-is-last-node=\"\" data-is-only-node=\"\">Du kan v\u00e4lja mellan 3 naturf\u00e4rger helt efter vilka toner du \u00f6nskar f\u00e5 in i ditt hem. Fotpall finns att v\u00e4lja till.<\/p>\n<div class=\"elementor-element elementor-element-7e329e03 elementor-widget elementor-widget-woocommerce-product-content\" data-id=\"7e329e03\" data-element_type=\"widget\" data-widget_type=\"woocommerce-product-content.default\">\n<p>Leveranstid: Soffor i lager levereras inom 2-6 dagar. Best\u00e4llningsvaror levereras inom 7-9 veckor.<\/p>\n<\/div>\n<h3>Specifikationer f\u00f6r Tuva 3-sits djup soffa<\/h3>\n<h4>M\u00e5l<\/h4>\n<p>L\u00e4ngd 237 cm<br \/>\nDjup 105 cm<br \/>\nH: 86 cm<br \/>\nSitth\u00f6jd 52 cm<br \/>\nSittdjup 71 cm<\/p>\n<p>M\u00e5lene kan variere op til 3 cm<\/p>\n<h4>Stoffer og farver<\/h4>\n<p>Teddy i f\u00e4rgerna Cream, Shitake eller Silver. Kvalitet 100% polyester. Martindale &gt;40,000. Pilling 4. Ljus\u00e4kthet 4. Tv\u00e4ttr\u00e5d 30\u00b0C.\u00a0.<\/p>\n<h4>Lidt fakta:<\/h4>\n<p>\u2013\u00a0 Tuva \u00e4r tillverkad inom EU.<br \/>\n\u2013\u00a0 Sitsarna best\u00e5r av en k\u00e4rna av HR kallskum (35kg\/m\u00b3) svept med en mix av silikoniserad fiber och dun\/fj\u00e4der.<br \/>\n\u2013\u00a0 Ryggdynorna inneh\u00e5ller en mix av silikoniserad fiber och dun\/fj\u00e4der.<br \/>\n\u2013\u00a0 Sitt- och ryggdynorna \u00e4r v\u00e4ndbara, dvs man f\u00e5r samma komfort om man v\u00e4nder p\u00e5 dynorna.<br \/>\n\u2013\u00a0 Kl\u00e4dsel p\u00e5 sittdynor, ryggdynor och dekorkuddar har avtagbar och tv\u00e4ttbar kl\u00e4dsel.<br \/>\n\u2013\u00a0 Stomme av nozagfj\u00e4drar, bok, furu och plywood.<br \/>\n\u2013\u00a0 Ben, 8 cm h\u00f6ga, tr\u00e4ben i medar f\u00f6r soffa. Fotpallen har smalare mer rektangul\u00e4ra tr\u00e4ben. V\u00e4lj f\u00e4rg mellan Vitpigmenterad ek, Oljad ek, R\u00f6kt ek, M\u00f6rkbrun ek eller Svarta.<br \/>\n\u2013\u00a0 I k\u00f6pet ing\u00e5r 4 stycken dekorationskuddar, 45&#215;45 cm, med en blandning av dun\/fj\u00e4der och silikoniserad fiber i samma tyg\/f\u00e4rg som \u00f6vriga soffan.<\/p>\n<h4>Vedligeholdelses r\u00e5d<\/h4>\n<p>Vi rekommenderar vid k\u00f6p av dunsoffa att man d\u00e5 och d\u00e5 reser dynorna upp p\u00e5 h\u00f6gkant och bankar till dom f\u00f6r att f\u00f6rdela om inneh\u00e5llet. Vi rekommenderar \u00e4ven att k\u00f6pa till <a href=\"https:\/\/www.sofforsangar.se\/dk\/vare\/textilvard-textile-clean-protect\/\">Plejeserie<\/a> for en l\u00e6nger levetid.<\/p>\n<h2>Fandt du ikke lige det du s\u00f8gte.<\/h2>\n<p>Vores butik i centrale Malm\u00f8, byder p\u00e5 masser af inspiration. Her har vi 1000 kvm med sk\u00f8nne m\u00f8bler. Ring eller mail s\u00e5 hj\u00e6lper vi dig.\n0046 40 13 99 11.<\/p>","protected":false},"excerpt":{"rendered":"<p>L\u00e5t dig njuta i Tuva dunstoppad 3-sitssoffa med en fantastisk komfort.<\/p>","protected":false},"featured_media":9726,"comment_status":"open","ping_status":"closed","template":"","meta":{"_acf_changed":false},"product_brand":[],"product_cat":[31,32,57,34],"product_tag":[226],"class_list":{"0":"post-9634","1":"product","2":"type-product","3":"status-publish","4":"has-post-thumbnail","6":"product_cat-2-4-sitssoffa","7":"product_cat-djup-soffa","8":"product_cat-manchestersoffa","9":"product_cat-huvudkategori-soffor","10":"product_tag-euforia","11":"product_shipping_class-stora-mobler","13":"first","14":"instock","15":"sale","16":"taxable","17":"shipping-taxable","18":"purchasable","19":"product-type-variable","20":"has-default-attributes"},"acf":[],"_links":{"self":[{"href":"https:\/\/www.sofforsangar.se\/dk\/wp-json\/wp\/v2\/product\/9634","targetHints":{"allow":["GET"]}}],"collection":[{"href":"https:\/\/www.sofforsangar.se\/dk\/wp-json\/wp\/v2\/product"}],"about":[{"href":"https:\/\/www.sofforsangar.se\/dk\/wp-json\/wp\/v2\/types\/product"}],"replies":[{"embeddable":true,"href":"https:\/\/www.sofforsangar.se\/dk\/wp-json\/wp\/v2\/comments?post=9634"}],"wp:featuredmedia":[{"embeddable":true,"href":"https:\/\/www.sofforsangar.se\/dk\/wp-json\/wp\/v2\/media\/9726"}],"wp:attachment":[{"href":"https:\/\/www.sofforsangar.se\/dk\/wp-json\/wp\/v2\/media?parent=9634"}],"wp:term":[{"taxonomy":"product_brand","embeddable":true,"href":"https:\/\/www.sofforsangar.se\/dk\/wp-json\/wp\/v2\/product_brand?post=9634"},{"taxonomy":"product_cat","embeddable":true,"href":"https:\/\/www.sofforsangar.se\/dk\/wp-json\/wp\/v2\/product_cat?post=9634"},{"taxonomy":"product_tag","embeddable":true,"href":"https:\/\/www.sofforsangar.se\/dk\/wp-json\/wp\/v2\/product_tag?post=9634"}],"curies":[{"name":"wp","href":"https:\/\/api.w.org\/{rel}","templated":true}]}}