{"id":9389,"date":"2026-01-14T17:44:49","date_gmt":"2026-01-14T15:44:49","guid":{"rendered":"https:\/\/www.sofforsangar.se\/?post_type=product&#038;p=9389"},"modified":"2026-02-17T14:01:20","modified_gmt":"2026-02-17T12:01:20","slug":"bixy-fatolj","status":"publish","type":"product","link":"https:\/\/www.sofforsangar.se\/dk\/vare\/bixy-fatolj\/","title":{"rendered":"Bixy f\u00e5t\u00f6lj"},"content":{"rendered":"<p>Bixy f\u00e5t\u00f6lj \u00e4r en modern f\u00e5t\u00f6lj i enkel och ren stil. Sittkomforten \u00e4r riktigt fin med maximal plats av sittyta. Dynan h\u00e5ller sig sp\u00e4nstig och fin \u00f6ver tid. Modellens h\u00f6ga ben m\u00f6jligg\u00f6r att f\u00e5t\u00f6ljen upplevs som \u00f6ppen och n\u00e4tt och det \u00e4r \u00e4ven l\u00e4tt att st\u00e4da undertill. Med dess stilrena form, fantastiskt m\u00f6nster i leopard kommer f\u00e5t\u00f6ljen bli det sj\u00e4lvklara blickpunkten i ditt hem och bli en \u00e4lskad och omtyckt favoritf\u00e5t\u00f6lj.<\/p>\n<p><strong>M\u00e5l<br \/>\n<\/strong>Bredd 100 cm<br \/>\nD: 103 cm<br \/>\nH; 87 cm<br \/>\nSide h\u00f8jde: 45 cm<br \/>\nSide dybde: 65 cm<br \/>\nBen 18 cm<br \/>\nM\u00e5lene kan variere +- 3 cm.<\/p>\n<p><strong>Materiale og farve:<\/strong><strong>:<\/strong><br \/>\nWild 208 Beige Leopard. V\u00e4lj mellan f\u00e4rgerna Vit, Beige, Gr\u00e5, Vit\/svart, M\u00f6rkbeige\/svart, Rost\/svart, Antracit\/svart eller Brun\/svart. Kvalitet 100% polyester v\u00e4vd i Jacquard-teknik. Martindale 35,000. Pilling 4. Ljus\u00e4kthet 4-5. Tv\u00e4ttr\u00e5d Vattentv\u00e4tt\/ej maskintv\u00e4tt alt. kemtv\u00e4tt.<\/p>\n<p>I v\u00e5r butik i Malm\u00f6 finns det m\u00e5nga andra tyger och f\u00e4rger att v\u00e4lja till din Bixy f\u00e5t\u00f6lj.<\/p>\n<p><strong>Lidt fakta:<\/strong><br \/>\nSide hynder koldskum , topdelen er 200 g fiber.\nFuldt aftagbart betr\u00e6k.<br \/>\n&#8211;\u00a0 Ryggdyna: bollfiber mixat med rivet skum. Avtagbar och tv\u00e4ttbar kl\u00e4dsel.<br \/>\nRammen p\u00e5 sofaen er massiv tr\u00e6, og Nozag fjeder.<br \/>\n&#8211;\u00a0 Ben som standard i svart metall, h\u00f6jd 18 cm.<\/p>\n<p><strong>Vedligeholdelses r\u00e5d<\/strong><br \/>\nBixy f\u00e5t\u00f6lj kommer i 1 st kolli + ben. Benen monteras p\u00e5 med hj\u00e4lp av skruvdragare.<\/p>\n<p>Vi anbefaler at tilk\u00f8be vores plejeserie.\u00a0<a href=\"https:\/\/www.sofforsangar.se\/dk\/vare\/textilvard-textile-clean-protect\/\">Plejeserie<\/a>\u00a0for en l\u00e6nger levetid.<\/p>\n<h3>Fandt du ikke lige det du s\u00f8gte.<\/h3>\n<p>Vores butik i centrale Malm\u00f8, byder p\u00e5 masser af inspiration. Her har vi 1000 kvm med sk\u00f8nne m\u00f8bler. Ring eller mail s\u00e5 hj\u00e6lper vi dig.\n0046 40 13 99 11.<\/p>","protected":false},"excerpt":{"rendered":"<p>Bixy \u00e4r en st\u00f6rre modell av f\u00e5t\u00f6lj. Fantastisk komfortabel och valbar i hela 8 kul\u00f6rer i fr\u00e4ckaste Leopardtyg.<\/p>","protected":false},"featured_media":9398,"comment_status":"open","ping_status":"closed","template":"","meta":{"_acf_changed":false},"product_brand":[],"product_cat":[44],"product_tag":[],"class_list":{"0":"post-9389","1":"product","2":"type-product","3":"status-publish","4":"has-post-thumbnail","6":"product_cat-fatoljer","7":"product_shipping_class-stora-mobler","9":"first","10":"onbackorder","11":"taxable","12":"shipping-taxable","13":"purchasable","14":"product-type-variable","15":"has-default-attributes"},"acf":[],"_links":{"self":[{"href":"https:\/\/www.sofforsangar.se\/dk\/wp-json\/wp\/v2\/product\/9389","targetHints":{"allow":["GET"]}}],"collection":[{"href":"https:\/\/www.sofforsangar.se\/dk\/wp-json\/wp\/v2\/product"}],"about":[{"href":"https:\/\/www.sofforsangar.se\/dk\/wp-json\/wp\/v2\/types\/product"}],"replies":[{"embeddable":true,"href":"https:\/\/www.sofforsangar.se\/dk\/wp-json\/wp\/v2\/comments?post=9389"}],"wp:featuredmedia":[{"embeddable":true,"href":"https:\/\/www.sofforsangar.se\/dk\/wp-json\/wp\/v2\/media\/9398"}],"wp:attachment":[{"href":"https:\/\/www.sofforsangar.se\/dk\/wp-json\/wp\/v2\/media?parent=9389"}],"wp:term":[{"taxonomy":"product_brand","embeddable":true,"href":"https:\/\/www.sofforsangar.se\/dk\/wp-json\/wp\/v2\/product_brand?post=9389"},{"taxonomy":"product_cat","embeddable":true,"href":"https:\/\/www.sofforsangar.se\/dk\/wp-json\/wp\/v2\/product_cat?post=9389"},{"taxonomy":"product_tag","embeddable":true,"href":"https:\/\/www.sofforsangar.se\/dk\/wp-json\/wp\/v2\/product_tag?post=9389"}],"curies":[{"name":"wp","href":"https:\/\/api.w.org\/{rel}","templated":true}]}}