{"id":9055,"date":"2026-01-07T19:51:31","date_gmt":"2026-01-07T17:51:31","guid":{"rendered":"https:\/\/www.sofforsangar.se\/?post_type=product&#038;p=9055"},"modified":"2026-02-17T14:02:07","modified_gmt":"2026-02-17T12:02:07","slug":"trinity-sang-inkl-sanggavel","status":"publish","type":"product","link":"https:\/\/www.sofforsangar.se\/dk\/vare\/trinity-sang-inkl-sanggavel\/","title":{"rendered":"Trinity s\u00e4ng inkl s\u00e4nggavel"},"content":{"rendered":"<h2>Trinity s\u00e4ng &#8211; Lyxig komfort och en fastare s\u00e4ng<\/h2>\n<p>Lidt ekstra luksus i verdagen med, <strong>Trinity s\u00e4ng<\/strong> \u2013 en lyxig s\u00e4ng som kombinerar modern teknik med tidl\u00f6s design. Trinity erbjuder en o\u00f6vertr\u00e4ffad sovkomfort. Den fasta designen \u00e4r perfekt f\u00f6r dig som \u00f6nskar en s\u00e4ng som ger st\u00f6d underifr\u00e5n toppad med en mjuk b\u00e4ddmadrass.<\/p>\n<h3>Pocketres\u00e5r f\u00f6r st\u00f6d och komfort<\/h3>\n<p>Res\u00e5rmadrassen i <strong>Trinity rams\u00e4ng<\/strong> har en <strong>Posefjeder<\/strong> vilket inneb\u00e4r att s\u00e4ngen anpassar sig efter din kropp och ger ett f\u00f6ljsamt st\u00f6d. Du f\u00e5r en optimal viktf\u00f6rdelning och minskar tryckpunkter, vilket ger en djup och avkopplande s\u00f6mn.<\/p>\n<h3>Komfort<\/h3>\n<p>Trinity kan endast f\u00e5s i en <strong>fast komfort<\/strong> for dig som onsker en mere fast komfort.<\/p>\n<h3>B\u00e4sts\u00e4ljande b\u00e4ddmadrass med fuktavst\u00f6tning<\/h3>\n<p>B\u00e4ddmadrassen \u00e4r en av v\u00e5ra b\u00e4sts\u00e4ljande modeller med en <strong>k\u00e4rna av extra mjukt skum<\/strong> som ger perfekt formstabilitet och f\u00f6ljsamhet. Skummets egenskaper g\u00f6r att fukt h\u00e5ller sig borta fr\u00e5n kroppen. B\u00e4ddmadrassen h\u00e5ller formen \u00f6ver tid och ger en lyxig k\u00e4nsla natt efter natt och erbjuder tillsammans med s\u00e4ngen en <strong>fast sovkomfort med en tjock och mjuk b\u00e4ddmadrass.\u00a0\u00a0<\/strong><\/p>\n<h3>Elegant design i din ynglingsfarve.<\/h3>\n<p>P\u00e5 v\u00e5r hemsida kan du v\u00e4lja Trinity s\u00e4ng i nio olika f\u00e4rger:<\/p>\n<ul>\n<li><strong>Cream<\/strong><\/li>\n<li><strong>Camel<\/strong><\/li>\n<li><strong>Sand<\/strong><\/li>\n<li><strong>Truffle<\/strong><\/li>\n<li><strong>Stone<\/strong><\/li>\n<li><strong>Espresso<\/strong><\/li>\n<li><strong>Teal<\/strong><\/li>\n<li><strong>Deep Blue<\/strong><\/li>\n<li><strong>Black<\/strong><\/li>\n<\/ul>\n<p>Dessa f\u00e4rger ger en klassisk och stilren look som passar i alla sovrum. F\u00f6r den som \u00f6nskar n\u00e5got helt unikt erbjuder vi ett <strong>n\u00e4stan obegr\u00e4nsat f\u00e4rgurval i butik<\/strong> d\u00e4r vi hj\u00e4lper dig att skr\u00e4ddarsy s\u00e4ngen efter dina specifika \u00f6nskem\u00e5l.<\/p>\n<h4><strong>Perfekt Kombination av Stil, Komfort och Funktion<\/strong><\/h4>\n<p>Trinity s\u00e4ng erbjuder inte bara en lyxig sovupplevelse, utan \u00e4r \u00e4ven byggd f\u00f6r att h\u00e5lla \u00f6ver tid. Kombinationen av <strong>Posefjeder<\/strong> och v\u00e5r b\u00e4sts\u00e4ljande skummadrass med extra mjukt skum g\u00f6r den till ett utm\u00e4rkt val f\u00f6r dig som v\u00e4rderar kvalitet, h\u00e5llbarhet och design. Med Trinity f\u00e5r du en s\u00e4ng som b\u00e5de ser fantastisk ut och som kommer ge dig o\u00f6vertr\u00e4ffad sovkomfort i m\u00e5nga \u00e5r fram\u00f6ver.<\/p>\n<h3>Vi \u00f8nsker at give dig som kunde flere muligheder.<\/h3>\n<p>Hos os kan du altid v\u00e6lge om du bare vil k\u00f8be en seng, eller du vil k\u00f8be en pakke med en matchende sengegavel. Vi tilbyder ogs\u00e5 et st\u00f8rre udvalg af ben. I b\u00e5de tr\u00e6 og metal.<br \/>\nDu kan g\u00f8re dine valg og l\u00e6gge i varekurven.<\/p>\n<h4>Leveranstid p\u00e5 Trinity s\u00e4ng<\/h4>\n<p>Har vi ikke din dr\u00f8mmeseng p\u00e5 lager, har vi en forventet leveringstid p\u00e5 6-8 uger.<\/p>\n<h3>Specifikationer f\u00f6r Trinity s\u00e4ng<\/h3>\n<h4>M\u00e5l<\/h4>\n<p>Madrass l\u00e4ngd: standard 200 eller extra l\u00e5ng 210 cm<br \/>\nMadrass bredd: 90, 105, 120, 140, 160, 180 eller 210 cm<br \/>\nH\u00f6jd: 67 cm<br \/>\nTopmadras: 10 cm<\/p>\n<h4>Betr\u00e6k og Farver.<\/h4>\n<ul>\n<li>Memphis 2 Cream (visas p\u00e5 bilden)<br \/>\nKvalitet 90% polyester, 10% nylon.<br \/>\nMartindale &gt;100,000.<br \/>\nPilling 4-5.<br \/>\nLysf\u00f8lsomhed: 4<br \/>\nFlams\u00e4kert.<br \/>\nOeko-Tex\u00ae standard 100-certifierat.<br \/>\nVaskes i h\u00e5nden.<\/li>\n<\/ul>\n<h3>Tips &amp; r\u00e5d<\/h3>\n<p>Sengen kommer i 7 kolli + ben, let at montere uden brug af v\u00e6rkt\u00f8j.<\/p>\n<p>Vi anbefaler at tilk\u00f8be vores plejeserie. <a href=\"https:\/\/www.sofforsangar.se\/dk\/vare\/sangvard-bed-conditioner\/\"><strong>Plejeserie<\/strong><\/a> for en l\u00e6nger levetid.<\/p>\n<h3>Fandt du ikke lige det du s\u00f8gte.<\/h3>\n<p>Vores butik i centrale Malm\u00f8, byder p\u00e5 masser af inspiration. Her har vi 1000 kvm med sk\u00f8nne m\u00f8bler. Ring eller mail s\u00e5 hj\u00e6lper vi dig.\n0046 40 13 99 11.<\/p>","protected":false},"excerpt":{"rendered":"<p>Trinity s\u00e4ng &#8211; Lyxig komfort och en fastare s\u00e4ng Ge ditt sovrum en k\u00e4nsla av elegans och exklusiv komfort med Trinity s\u00e4ng \u2013 en lyxig s\u00e4ng som kombinerar modern teknik med tidl\u00f6s design. Trinity erbjuder en o\u00f6vertr\u00e4ffad sovkomfort. Den fasta designen \u00e4r perfekt f\u00f6r dig som \u00f6nskar en s\u00e4ng som ger st\u00f6d underifr\u00e5n toppad med [&hellip;]<\/p>\n","protected":false},"featured_media":9362,"comment_status":"open","ping_status":"closed","template":"","meta":{"_acf_changed":false},"product_brand":[],"product_cat":[38,39,40,47,26,42],"product_tag":[],"class_list":{"0":"post-9055","1":"product","2":"type-product","3":"status-publish","4":"has-post-thumbnail","6":"product_cat-extra-bred-sang","7":"product_cat-extra-lang-sang","8":"product_cat-komplett-sangpaket","9":"product_cat-ramsang","10":"product_cat-sangar","11":"product_cat-huvudkategori-sangar","12":"product_shipping_class-stora-mobler","14":"first","15":"onbackorder","16":"featured","17":"taxable","18":"shipping-taxable","19":"purchasable","20":"product-type-variable","21":"has-default-attributes"},"acf":[],"_links":{"self":[{"href":"https:\/\/www.sofforsangar.se\/dk\/wp-json\/wp\/v2\/product\/9055","targetHints":{"allow":["GET"]}}],"collection":[{"href":"https:\/\/www.sofforsangar.se\/dk\/wp-json\/wp\/v2\/product"}],"about":[{"href":"https:\/\/www.sofforsangar.se\/dk\/wp-json\/wp\/v2\/types\/product"}],"replies":[{"embeddable":true,"href":"https:\/\/www.sofforsangar.se\/dk\/wp-json\/wp\/v2\/comments?post=9055"}],"wp:featuredmedia":[{"embeddable":true,"href":"https:\/\/www.sofforsangar.se\/dk\/wp-json\/wp\/v2\/media\/9362"}],"wp:attachment":[{"href":"https:\/\/www.sofforsangar.se\/dk\/wp-json\/wp\/v2\/media?parent=9055"}],"wp:term":[{"taxonomy":"product_brand","embeddable":true,"href":"https:\/\/www.sofforsangar.se\/dk\/wp-json\/wp\/v2\/product_brand?post=9055"},{"taxonomy":"product_cat","embeddable":true,"href":"https:\/\/www.sofforsangar.se\/dk\/wp-json\/wp\/v2\/product_cat?post=9055"},{"taxonomy":"product_tag","embeddable":true,"href":"https:\/\/www.sofforsangar.se\/dk\/wp-json\/wp\/v2\/product_tag?post=9055"}],"curies":[{"name":"wp","href":"https:\/\/api.w.org\/{rel}","templated":true}]}}