{"id":879,"date":"2023-02-13T11:39:08","date_gmt":"2023-02-13T09:39:08","guid":{"rendered":"https:\/\/www.sofforsangar.se\/?post_type=product&#038;p=879"},"modified":"2026-01-17T12:41:28","modified_gmt":"2026-01-17T10:41:28","slug":"euforia-35-sits-manchestersoffa","status":"publish","type":"product","link":"https:\/\/www.sofforsangar.se\/dk\/vare\/euforia-35-sits-manchestersoffa\/","title":{"rendered":"Euforia 3,5 personers"},"content":{"rendered":"<h2>Euforia -Verdens sk\u00f8nneste sofa.<\/h2>\n<p>Euforia er en sk\u00f8n loungesofa, og m\u00e5ske verdens sk\u00f8nneste.\nDenne 3 personers er 287cm, de dybe hynder indbyder til at slappe af.\nVi har et stort udvalg at farver og materialer. Og vi lagerf\u00f8re selvf\u00f8lgelig de mest popul\u00e6re farver. \nKom og pr\u00f8v denne fantastiske sofa.<\/p>\n<div class=\"elementor-element elementor-element-7e329e03 elementor-widget elementor-widget-woocommerce-product-content\" data-id=\"7e329e03\" data-element_type=\"widget\" data-widget_type=\"woocommerce-product-content.default\">\n<p>Leveranstid: Soffor i lager levererar vi inom 2-6 dagar. Best\u00e4llningsvaror levereras inom 6-8 veckor.<\/p>\n<\/div>\n<h3>Specifikationer f\u00f6r Euforia 3,5-sits djup soffa<\/h3>\n<h4>M\u00e5l<\/h4>\n<p>L: 287 cm<br \/>\nD: 118 cm<br \/>\nH:81 cm<br \/>\nSide h\u00f8jde: 50 cm<br \/>\nSide dybde: 75 cm<\/p>\n<p>M\u00e5lene kan variere op til 3 cm<\/p>\n<h4>Stoffer og farver<\/h4>\n<p>Euforia 3,5 personer<\/p>\n<h4>Lidt fakta:<\/h4>\n<p>-Euforia er produceret i EU.<br \/>\n-Aftagelige betr\u00e6k.<br \/>\n-Ben, 13 cm giver sofaen et sv\u00e6vende indtryk.<br \/>\n-4  dekorations puder indg\u00e5r, for \u00f8get siddekomfort.<\/p>\n<h4>Vedligeholdelses r\u00e5d<\/h4>\n<p>Vi anbefaler at tilk\u00f8be vores plejeserie.\u00a0<a href=\"https:\/\/www.sofforsangar.se\/dk\/vare\/textilvard-textile-clean-protect\/\">Plejeserie<\/a>\u00a0for en l\u00e6nger levetid.<\/p>\n<h2>Fandt du ikke lige det du s\u00f8gte.<\/h2>\n<p>Vores butik i centrale Malm\u00f8, byder p\u00e5 masser af inspiration. Her har vi 1000 kvm med sk\u00f8nne m\u00f8bler. Ring eller mail s\u00e5 hj\u00e6lper vi dig.\n0046 40 13 99 11.<\/p>","protected":false},"excerpt":{"rendered":"<p>Kender du til Euforia, m\u00e5ske verdens sk\u00f8nneste sofa ? En riktig lounge sofa, der med sine 286 cm har plads til hele familien.<\/p>","protected":false},"featured_media":880,"comment_status":"open","ping_status":"closed","template":"","meta":{"_acf_changed":false},"product_brand":[],"product_cat":[31,32,57,34],"product_tag":[226],"class_list":{"0":"post-879","1":"product","2":"type-product","3":"status-publish","4":"has-post-thumbnail","6":"product_cat-2-4-sitssoffa","7":"product_cat-djup-soffa","8":"product_cat-manchestersoffa","9":"product_cat-huvudkategori-soffor","10":"product_tag-euforia","11":"product_shipping_class-stora-mobler","13":"first","14":"onbackorder","15":"sale","16":"taxable","17":"shipping-taxable","18":"purchasable","19":"product-type-variable","20":"has-default-attributes"},"acf":[],"_links":{"self":[{"href":"https:\/\/www.sofforsangar.se\/dk\/wp-json\/wp\/v2\/product\/879","targetHints":{"allow":["GET"]}}],"collection":[{"href":"https:\/\/www.sofforsangar.se\/dk\/wp-json\/wp\/v2\/product"}],"about":[{"href":"https:\/\/www.sofforsangar.se\/dk\/wp-json\/wp\/v2\/types\/product"}],"replies":[{"embeddable":true,"href":"https:\/\/www.sofforsangar.se\/dk\/wp-json\/wp\/v2\/comments?post=879"}],"wp:featuredmedia":[{"embeddable":true,"href":"https:\/\/www.sofforsangar.se\/dk\/wp-json\/wp\/v2\/media\/880"}],"wp:attachment":[{"href":"https:\/\/www.sofforsangar.se\/dk\/wp-json\/wp\/v2\/media?parent=879"}],"wp:term":[{"taxonomy":"product_brand","embeddable":true,"href":"https:\/\/www.sofforsangar.se\/dk\/wp-json\/wp\/v2\/product_brand?post=879"},{"taxonomy":"product_cat","embeddable":true,"href":"https:\/\/www.sofforsangar.se\/dk\/wp-json\/wp\/v2\/product_cat?post=879"},{"taxonomy":"product_tag","embeddable":true,"href":"https:\/\/www.sofforsangar.se\/dk\/wp-json\/wp\/v2\/product_tag?post=879"}],"curies":[{"name":"wp","href":"https:\/\/api.w.org\/{rel}","templated":true}]}}