{"id":8306,"date":"2025-04-18T15:54:35","date_gmt":"2025-04-18T13:54:35","guid":{"rendered":"https:\/\/www.sofforsangar.se\/?post_type=product&#038;p=8306"},"modified":"2026-04-18T03:08:36","modified_gmt":"2026-04-18T01:08:36","slug":"adele-l-soffa","status":"publish","type":"product","link":"https:\/\/www.sofforsangar.se\/dk\/vare\/adele-l-soffa\/","title":{"rendered":"Adele L-soffa"},"content":{"rendered":"<p>Adele L-soffa \u00e4r en enormt fin och gudomligt komfortabel soffa med mjuka sk\u00f6na sitsar och fint st\u00f6d i ryggen. Designen \u00e4r nordisk med inslag av speciella detaljer och n\u00e5got rundare och mjukare armst\u00f6d. Sitth\u00f6jden \u00e4r n\u00e5got h\u00f6gre och ger d\u00e4rf\u00f6r en komfortabel sittupplevelse. Extra plus \u00e4r att man kan sitta i skarven p\u00e5 de tv\u00e5 sittdynorna och inte k\u00e4nna skarven alls. Adele soffa g\u00e5r att v\u00e4lja i flertalet f\u00e4rger men \u00e4ven i andra storlekar och utf\u00f6randen. Soffan g\u00e5r \u00e4ven att specialbest\u00e4lla s\u00e5 att soffan tillverkas med fastmonterade sitt- och ryggdynor. F\u00f6r de som anser att ingenting p\u00e5 soffan ska r\u00f6ra eller flytta p\u00e5 sig. I denna sk\u00f6na soffa kan man tillbringa \u00e5tskilliga timmar f\u00f6r social samvaro eller bara njuta i sitt eget s\u00e4llskap f\u00f6r avslappnande TV-h\u00e4ng.<\/p>\n<h3>M\u00e5l\/v\u00e6gt<\/h3>\n<p>L\u00e4ngd 270 cm f\u00f6r den l\u00e5nga delen med armst\u00f6d<br \/>\nDjup sch\u00e4slongdel 221 cm<br \/>\nH: 88 cm<br \/>\nSide h\u00f8jde: 50 cm<br \/>\nSide dybde: 57 cm<br \/>\nFrih\u00f6jd under soffan 13 cm<br \/>\nM\u00e5lene kan variere op til 3 cm<br \/>\nVikt inkl emballage 99 kg<\/p>\n<h3>Stoffer og farver<\/h3>\n<p>Shaff. V\u00e4lj mellan f\u00e4rgerna Rost, Cacao, Gul, Gr\u00e5gr\u00f6n, Gr\u00f6n, Brun, Gr\u00e5, Off\/white, Bl\u00e5, Djup bl\u00e5 eller Svart. Kvalitet 100% polyester. Martindale 90,000. Pilling 4-5. Ljus\u00e4kthet 4-5. Tv\u00e4ttr\u00e5d Handtv\u00e4tt.<\/p>\n<p>Adele finns \u00e4ven som best\u00e4llningsvara i andra tyger &amp; f\u00e4rger samt \u00e4ven i skinn\/l\u00e4der. Klicka p\u00e5 Tyg- och f\u00e4rgl\u00e4nken i sidfoten l\u00e4ngst ner f\u00f6r att best\u00e4lla Gratis tygprover.<\/p>\n<h3>Lidt fakta:<\/h3>\n<p>&#8211;\u00a0 Adele \u00e4r tillverkad av Bellus.<br \/>\n&#8211;\u00a0 Sitsar: Bask\u00e4rna av HR skum 35 kg, toppad med HR skum 25 kg, svept med fiber 200 g. Avtagbar tv\u00e4ttbar kl\u00e4dsel.<br \/>\n&#8211;\u00a0 Ryggdynor: silikoniserad polyesterfiber insytt i 3 kanaler. Avtagbar tv\u00e4ttbar kl\u00e4dsel.<br \/>\n&#8211;\u00a0 Dekorkuddar: ing\u00e5r 2 st dekorkuddar till Adele L-soffa i samma tyg\/f\u00e4rg som \u00f6vriga soffan. 40&#215;40. Avtagbar tv\u00e4ttbar kl\u00e4dsel.<br \/>\nRammen p\u00e5 sofaen er massiv tr\u00e6, og Nozag fjeder.<br \/>\n&#8211;\u00a0 Ben: som standard i 13 cm h\u00f6ga metallben i matt svart eller rostfritt.\u00c4r man kort till v\u00e4xten rekommenderas att man v\u00e4ljer 11 cm h\u00f6ga tr\u00e4ben ist\u00e4llet. V\u00e4lj mellan f\u00e4rgerna Svarta, M\u00f6rkbruna, Valn\u00f6t, ek, Bok eller Vita. <strong>Ange i kassan om du \u00f6nskar ben i svart eller rostfritt eller ben i tr\u00e4 och vilken f\u00e4rg.<\/strong><\/p>\n<h3>Tips &amp; r\u00e5d<\/h3>\n<p>Adele L-soffa levereras i 2 st kolli. Delarna monteras l\u00e4tt ihop utan verktyg. Benen skruvas p\u00e5 varp\u00e5 skruvdragare kan beh\u00f6vas.<\/p>\n<p>Vi anbefaler at tilk\u00f8be vores plejeserie. <a href=\"https:\/\/www.sofforsangar.se\/dk\/vare\/textilvard-textile-clean-protect\/\">Plejeserie<\/a> eller <a href=\"https:\/\/www.sofforsangar.se\/dk\/vare\/skinnvard-leather-clean-protect\/\">skinnv\u00e5rd<\/a> for en l\u00e6nger levetid.<\/p>\n<h3>Fandt du ikke lige det du s\u00f8gte.<\/h3>\n<p>Vores butik i centrale Malm\u00f8, byder p\u00e5 masser af inspiration. Her har vi 1000 kvm med sk\u00f8nne m\u00f8bler. Ring eller mail s\u00e5 hj\u00e6lper vi dig.\n0046 40 13 99 11.<\/p>","protected":false},"excerpt":{"rendered":"<p>Adele L-soffa \u00e4r en enormt fin och gudomligt komfortabel soffa med mjuka sk\u00f6na sitsar och fint st\u00f6d i ryggen. Designen \u00e4r nordisk med inslag av speciella detaljer och n\u00e5got rundare och mjukare armst\u00f6d. Sitth\u00f6jden \u00e4r n\u00e5got h\u00f6gre och ger d\u00e4rf\u00f6r en komfortabel sittupplevelse. Extra plus \u00e4r att man kan sitta i skarven p\u00e5 de tv\u00e5 [&hellip;]<\/p>\n","protected":false},"featured_media":9578,"comment_status":"open","ping_status":"closed","template":"","meta":{"_acf_changed":false},"product_brand":[],"product_cat":[35,34],"product_tag":[],"class_list":{"0":"post-8306","1":"product","2":"type-product","3":"status-publish","4":"has-post-thumbnail","6":"product_cat-divan-schaslongsoffa","7":"product_cat-huvudkategori-soffor","8":"product_shipping_class-stora-mobler","10":"first","11":"instock","12":"taxable","13":"shipping-taxable","14":"purchasable","15":"product-type-variable","16":"has-default-attributes"},"acf":[],"_links":{"self":[{"href":"https:\/\/www.sofforsangar.se\/dk\/wp-json\/wp\/v2\/product\/8306","targetHints":{"allow":["GET"]}}],"collection":[{"href":"https:\/\/www.sofforsangar.se\/dk\/wp-json\/wp\/v2\/product"}],"about":[{"href":"https:\/\/www.sofforsangar.se\/dk\/wp-json\/wp\/v2\/types\/product"}],"replies":[{"embeddable":true,"href":"https:\/\/www.sofforsangar.se\/dk\/wp-json\/wp\/v2\/comments?post=8306"}],"wp:featuredmedia":[{"embeddable":true,"href":"https:\/\/www.sofforsangar.se\/dk\/wp-json\/wp\/v2\/media\/9578"}],"wp:attachment":[{"href":"https:\/\/www.sofforsangar.se\/dk\/wp-json\/wp\/v2\/media?parent=8306"}],"wp:term":[{"taxonomy":"product_brand","embeddable":true,"href":"https:\/\/www.sofforsangar.se\/dk\/wp-json\/wp\/v2\/product_brand?post=8306"},{"taxonomy":"product_cat","embeddable":true,"href":"https:\/\/www.sofforsangar.se\/dk\/wp-json\/wp\/v2\/product_cat?post=8306"},{"taxonomy":"product_tag","embeddable":true,"href":"https:\/\/www.sofforsangar.se\/dk\/wp-json\/wp\/v2\/product_tag?post=8306"}],"curies":[{"name":"wp","href":"https:\/\/api.w.org\/{rel}","templated":true}]}}