{"id":676,"date":"2022-08-31T15:43:52","date_gmt":"2022-08-31T13:43:52","guid":{"rendered":"https:\/\/www.sofforsangar.se\/?post_type=product&#038;p=676"},"modified":"2023-02-13T13:26:53","modified_gmt":"2023-02-13T11:26:53","slug":"isabel-madrass-skydd","status":"publish","type":"product","link":"https:\/\/www.sofforsangar.se\/dk\/vare\/isabel-madrass-skydd\/","title":{"rendered":"Isabel rullemadras."},"content":{"rendered":"<p>En rullemadras beskytter din nye sovesofa, eller seng.<\/p>\n<p>Leveringstid: 8-10 uger<\/p>\n<p><strong>M\u00e5l\/v\u00e6gt<br \/>\n<\/strong>L: 195 cm<br \/>\nD: 138 cm<br \/>\nTykkelse: 2 cm<br \/>\nV\u00e6gt 5 kg<\/p>\n<p><strong>Stoffer og farver<\/strong><br \/>\nOff-white.<\/p>\n<p><strong>Lidt fakta:<\/strong><br \/>\nFiberfilling 200 g<\/p>","protected":false},"excerpt":{"rendered":"<p>Isabel madrasskydd \u00e4r praktiskt att k\u00f6pa till vid k\u00f6p av b\u00e4ddsoffa. Skyddar \u00e4ven b\u00e4ddsoffan mot fl\u00e4ckar och smuts. Rullas eller viks l\u00e4tt ihop f\u00f6r enkel f\u00f6rvaring. Leveranstid: 6-8 veckor M\u00e5tt\/Vikt L\u00e4ngd 195 cm Djup 138 cm Tjocklek 2 cm Vikt inkl emballage 5 kg Tyg\/F\u00e4rg Off-white. Produktfakta Inneh\u00e5ller fiberfilling 200g.<\/p>","protected":false},"featured_media":679,"comment_status":"open","ping_status":"closed","template":"","meta":{"_acf_changed":false},"product_brand":[],"product_cat":[52,46,42],"product_tag":[],"class_list":{"0":"post-676","1":"product","2":"type-product","3":"status-publish","4":"has-post-thumbnail","6":"product_cat-baddsoffa","7":"product_cat-madrasser","8":"product_cat-huvudkategori-sangar","9":"product_shipping_class-stora-mobler","11":"first","12":"instock","13":"taxable","14":"shipping-taxable","15":"purchasable","16":"product-type-simple"},"acf":[],"_links":{"self":[{"href":"https:\/\/www.sofforsangar.se\/dk\/wp-json\/wp\/v2\/product\/676","targetHints":{"allow":["GET"]}}],"collection":[{"href":"https:\/\/www.sofforsangar.se\/dk\/wp-json\/wp\/v2\/product"}],"about":[{"href":"https:\/\/www.sofforsangar.se\/dk\/wp-json\/wp\/v2\/types\/product"}],"replies":[{"embeddable":true,"href":"https:\/\/www.sofforsangar.se\/dk\/wp-json\/wp\/v2\/comments?post=676"}],"wp:featuredmedia":[{"embeddable":true,"href":"https:\/\/www.sofforsangar.se\/dk\/wp-json\/wp\/v2\/media\/679"}],"wp:attachment":[{"href":"https:\/\/www.sofforsangar.se\/dk\/wp-json\/wp\/v2\/media?parent=676"}],"wp:term":[{"taxonomy":"product_brand","embeddable":true,"href":"https:\/\/www.sofforsangar.se\/dk\/wp-json\/wp\/v2\/product_brand?post=676"},{"taxonomy":"product_cat","embeddable":true,"href":"https:\/\/www.sofforsangar.se\/dk\/wp-json\/wp\/v2\/product_cat?post=676"},{"taxonomy":"product_tag","embeddable":true,"href":"https:\/\/www.sofforsangar.se\/dk\/wp-json\/wp\/v2\/product_tag?post=676"}],"curies":[{"name":"wp","href":"https:\/\/api.w.org\/{rel}","templated":true}]}}