{"id":656,"date":"2022-08-31T14:10:14","date_gmt":"2022-08-31T12:10:14","guid":{"rendered":"https:\/\/www.sofforsangar.se\/?post_type=product&#038;p=656"},"modified":"2023-04-03T22:49:20","modified_gmt":"2023-04-03T20:49:20","slug":"coffee-4-sits-divansoffa","status":"publish","type":"product","link":"https:\/\/www.sofforsangar.se\/dk\/vare\/coffee-4-sits-divansoffa\/","title":{"rendered":"Coffe 4 Chaiselong"},"content":{"rendered":"<p>Coffee 4-sits divansoffa \u00e4r stilren och lyxig till utseendet med\u00a0h\u00f6gre ben som ger soffan en \u00f6ppenhet.\u00a0Svankkuddar f\u00f6ljer med k\u00f6pet och bidrar till extra komfort. Sitsarna har\u00a0pocketfj\u00e4drar och memoryfoam\u00a0och bidrar till\u00a0att sittkomforten \u00e4r riktigt mjuk och komfortabel. Coffee \u00e4r idealsoffan f\u00f6r dig som vill ha\u00a0en h\u00e4rlig mix av komfort och design i sin soffa.<\/p>\n<p>Leveranstid: 8-10 veckor<\/p>\n<p><strong>M\u00e5tt\/Vikt<br \/>\n<\/strong>L\u00e4ngd 311 cm<br \/>\nDjup 104 cm<br \/>\nH\u00f6jd 90 cm<br \/>\nDjup divan 160 cm<br \/>\nSitth\u00f6jd 48 cm<br \/>\nSittdjup 61 cm<br \/>\nBenh\u00f6jd 17 cm (metallben).<br \/>\nM\u00e5tten kan variera +- 3 cm beroende p\u00e5 kombination och kl\u00e4dselmaterial.<br \/>\nTotalvikt inkl emballage 106 kg<\/p>\n<p><strong>Tyg\/F\u00e4r<\/strong><strong>g<\/strong><br \/>\nJuke Antracit. Kvalitet 100% polyester. Martindale 100,000. Pilling 5. Ljus\u00e4kthet 4-5. Tv\u00e4ttr\u00e5d Kemtv\u00e4tt.<\/p>\n<p>Coffee finns som best\u00e4llningsvara i andra tyger &amp; f\u00e4rger samt \u00e4ven i skinn\/l\u00e4der. Klicka p\u00e5 Tyg- och f\u00e4rgl\u00e4nken ovan f\u00f6r att best\u00e4lla Gratis tygprover.<u><\/u><\/p>\n<p><strong>Produktfakta<\/strong><br \/>\n&#8211;\u00a0 Tillverkare: Bellus.<br \/>\n&#8211;\u00a0 Sitsar: avtagbar\u00a0och\u00a0tv\u00e4ttbar kl\u00e4dsel, en k\u00e4rna av pocketfj\u00e4drar (260 fj\u00e4drar\/m\u00b2), Cloud-plus-system varav det ing\u00e5r\u00a0<strong>5 \u00e5rs garanti<\/strong>\u00a0avseende fj\u00e4derbrott, omsvepta med kallskum densitet 35 kg\/m\u00b3 och toppade med\u00a0fiber densitet 200 g\/m\u00b3\u00a0och\u00a0memoryskum.<br \/>\n&#8211;\u00a0 Ryggdynor: inneh\u00e5ller\u00a0silikoniserad fibervadd.<br \/>\n&#8211;\u00a0 Ram: plywood,\u00a0massivt\u00a0tr\u00e4 och nozagfj\u00e4drar.<br \/>\n&#8211;\u00a0 Ben: i\u00a0metall, h\u00f6jd 17 cm, i rostfritt st\u00e5l, svart nickel eller matt svart.<br \/>\n&#8211;\u00a0 Svankkuddar: ing\u00e5r\u00a03 stycken svankkuddar till soffan\u00a0i samma tyg\/f\u00e4rg\u00a0som\u00a0\u00f6vriga soffan. Avtagbar kl\u00e4dsel.<br \/>\n&#8211;\u00a0 Ben som standard i massivt tr\u00e4, h\u00f6jd 16 cm, i svart, m\u00f6rkbrun, valn\u00f6t, ek, bok eller vit. Valbara ben som tillval, h\u00f6jd 17 cm, i rostfritt st\u00e5l, svart nickel eller matt svart.<\/p>\n<p><var class=\"placeholder image\" data-placeholder=\"[[img@id=;2954;@resolution=;tiny;]]\" data-edit-title=\"Redigera\"><img decoding=\"async\" class=\"\" src=\"https:\/\/cdn.starwebserver.se\/shops\/lasoffor\/files\/cache\/cloud-system-logga_tiny.jpg?_=1613393581\" alt=\"\" width=\"300\" height=\"128\" data-placeholder=\"[[img@id=;2954;@resolution=;tiny;]]\" \/><\/var>\u200b<\/p>\n<p>Coffee 4-sits divansoffa kommer i 2 st kolli + ben. De tv\u00e5 delarna monteras l\u00e4tt ihop utan verktyg. Benen skruvas p\u00e5 varp\u00e5 skruvdragare kan beh\u00f6vas beroende p\u00e5 val av ben.<\/p>\n<p>Vi rekommenderar att k\u00f6pa till\u00a0<a href=\"https:\/\/sofforsangar.se\/produkt\/textilvard-textile-clean-protect\/\">textilskyddsmedel<\/a>\u00a0som skyddar, v\u00e5rdar och bevarar textilierna.<\/p>\n<h3>Intresserad av annan modell?<\/h3>\n<p>I v\u00e5r butik i Malm\u00f6 har vi m\u00e4ngder av valm\u00f6jligheter. M\u00e5nga produkter g\u00e5r att f\u00e5 i olika modeller, med olika tyger och ben. F\u00f6r intresse om annan modell, var god maila info@sofforsangar.se eller ring oss tel. 040-13 99 11.<\/p>\n","protected":false},"excerpt":{"rendered":"<p>Stilren sofa<\/p>","protected":false},"featured_media":660,"comment_status":"open","ping_status":"closed","template":"","meta":{"_acf_changed":false},"product_brand":[],"product_cat":[35,53,33,34],"product_tag":[],"class_list":{"0":"post-656","1":"product","2":"type-product","3":"status-publish","4":"has-post-thumbnail","6":"product_cat-divan-schaslongsoffa","7":"product_cat-modulsoffa","8":"product_cat-sammetssoffa","9":"product_cat-huvudkategori-soffor","10":"product_shipping_class-stora-mobler","12":"first","13":"instock","14":"taxable","15":"shipping-taxable","16":"purchasable","17":"product-type-variable","18":"has-default-attributes"},"acf":[],"_links":{"self":[{"href":"https:\/\/www.sofforsangar.se\/dk\/wp-json\/wp\/v2\/product\/656","targetHints":{"allow":["GET"]}}],"collection":[{"href":"https:\/\/www.sofforsangar.se\/dk\/wp-json\/wp\/v2\/product"}],"about":[{"href":"https:\/\/www.sofforsangar.se\/dk\/wp-json\/wp\/v2\/types\/product"}],"replies":[{"embeddable":true,"href":"https:\/\/www.sofforsangar.se\/dk\/wp-json\/wp\/v2\/comments?post=656"}],"wp:featuredmedia":[{"embeddable":true,"href":"https:\/\/www.sofforsangar.se\/dk\/wp-json\/wp\/v2\/media\/660"}],"wp:attachment":[{"href":"https:\/\/www.sofforsangar.se\/dk\/wp-json\/wp\/v2\/media?parent=656"}],"wp:term":[{"taxonomy":"product_brand","embeddable":true,"href":"https:\/\/www.sofforsangar.se\/dk\/wp-json\/wp\/v2\/product_brand?post=656"},{"taxonomy":"product_cat","embeddable":true,"href":"https:\/\/www.sofforsangar.se\/dk\/wp-json\/wp\/v2\/product_cat?post=656"},{"taxonomy":"product_tag","embeddable":true,"href":"https:\/\/www.sofforsangar.se\/dk\/wp-json\/wp\/v2\/product_tag?post=656"}],"curies":[{"name":"wp","href":"https:\/\/api.w.org\/{rel}","templated":true}]}}