{"id":645,"date":"2022-08-31T13:37:58","date_gmt":"2022-08-31T11:37:58","guid":{"rendered":"https:\/\/www.sofforsangar.se\/?post_type=product&#038;p=645"},"modified":"2025-05-21T23:34:54","modified_gmt":"2025-05-21T21:34:54","slug":"round-70-fotpall","status":"publish","type":"product","link":"https:\/\/www.sofforsangar.se\/dk\/vare\/round-70-fotpall\/","title":{"rendered":"Round 70 puf"},"content":{"rendered":"<p>Denne runde palle er et b\u00e5de praktisk, og pynter i ethvert hjem.\nKan anvendes til at hvile f\u00f8dderne p\u00e5, efter en lang arbejdsuge. Eller som ekstra siddepladser, hvis familien kommer forbi.<\/p>\n<p>Leveringstid: 8-10 uger<\/p>\n<p><strong>M\u00e5l\/v\u00e6gt<br \/>\n<\/strong>Dia: 70 cm<br \/>\nH: 38 cm<br \/>\nM\u00e5lene kan variere op til 3 cm<br \/>\nV\u00e6gt 1\n8 kg<\/p>\n<p><strong>Materiale og farve:<\/strong><strong>:<\/strong><br \/>\nJuke L\u00f8vegul velour i h\u00f8j kvalitet.<\/p>\n<p>Findes i et v\u00e6lg af farver og materialer.<\/p>\n<p><strong>Lidt fakta:<\/strong><\/p>\n<p>Round er produceret af Bellus Furniture, og har ben p\u00e5 1 cm.<\/p>\n<p>Alternativt: Round 70 cm i diameter, h\u00f8jde p\u00e5 38 cm.\nRound 35 cm i diameter, h\u00f8jde 50 cm.<\/p>\n<p><strong>Vedligeholdelses r\u00e5d<\/strong><br \/>\nVi anbefaler at tilk\u00f8be vores plejeserie.\u00a0<a href=\"https:\/\/www.sofforsangar.se\/dk\/vare\/textilvard-textile-clean-protect\/\">Plejeserie<\/a>\u00a0for en l\u00e6nger levetid.<\/p>\n<h3>Fandt du ikke lige det du s\u00f8gte.<\/h3>\n<p>Vores butik i centrale Malm\u00f8, byder p\u00e5 masser af inspiration. Her har vi 1000 kvm med sk\u00f8nne m\u00f8bler. Ring eller mail s\u00e5 hj\u00e6lper vi dig.\n0046 40 13 99 11.<\/p>","protected":false},"excerpt":{"rendered":"<p>Praktisk og dekorativ<\/p>","protected":false},"featured_media":643,"comment_status":"open","ping_status":"closed","template":"","meta":{"_acf_changed":false},"product_brand":[],"product_cat":[51,34],"product_tag":[],"class_list":{"0":"post-645","1":"product","2":"type-product","3":"status-publish","4":"has-post-thumbnail","6":"product_cat-fotpallar","7":"product_cat-huvudkategori-soffor","8":"product_shipping_class-hamta-pa-utlamningsstalle","10":"first","11":"instock","12":"taxable","13":"shipping-taxable","14":"purchasable","15":"product-type-simple"},"acf":[],"_links":{"self":[{"href":"https:\/\/www.sofforsangar.se\/dk\/wp-json\/wp\/v2\/product\/645","targetHints":{"allow":["GET"]}}],"collection":[{"href":"https:\/\/www.sofforsangar.se\/dk\/wp-json\/wp\/v2\/product"}],"about":[{"href":"https:\/\/www.sofforsangar.se\/dk\/wp-json\/wp\/v2\/types\/product"}],"replies":[{"embeddable":true,"href":"https:\/\/www.sofforsangar.se\/dk\/wp-json\/wp\/v2\/comments?post=645"}],"wp:featuredmedia":[{"embeddable":true,"href":"https:\/\/www.sofforsangar.se\/dk\/wp-json\/wp\/v2\/media\/643"}],"wp:attachment":[{"href":"https:\/\/www.sofforsangar.se\/dk\/wp-json\/wp\/v2\/media?parent=645"}],"wp:term":[{"taxonomy":"product_brand","embeddable":true,"href":"https:\/\/www.sofforsangar.se\/dk\/wp-json\/wp\/v2\/product_brand?post=645"},{"taxonomy":"product_cat","embeddable":true,"href":"https:\/\/www.sofforsangar.se\/dk\/wp-json\/wp\/v2\/product_cat?post=645"},{"taxonomy":"product_tag","embeddable":true,"href":"https:\/\/www.sofforsangar.se\/dk\/wp-json\/wp\/v2\/product_tag?post=645"}],"curies":[{"name":"wp","href":"https:\/\/api.w.org\/{rel}","templated":true}]}}