{"id":620,"date":"2022-08-31T12:20:20","date_gmt":"2022-08-31T10:20:20","guid":{"rendered":"https:\/\/www.sofforsangar.se\/?post_type=product&#038;p=620"},"modified":"2023-04-12T11:20:28","modified_gmt":"2023-04-12T09:20:28","slug":"metropol-divansoffa","status":"publish","type":"product","link":"https:\/\/www.sofforsangar.se\/dk\/vare\/metropol-divansoffa\/","title":{"rendered":"Metropol chaiselong"},"content":{"rendered":"<p>Metropol  er en design sofa med h\u00f8j ryg. De h\u00f8je ben giver sofaen et let udtryk.\nDu vil opleve en fantastisk side komfort, n\u00e5r du s\u00e6tter dig i denne model. Takket v\u00e6re posefjeder og memoryskum. Den perfekte sofa til at side i, med plads for hele familien.<\/p>\n<p>Leveringstid: 8-10 uger<\/p>\n<p><strong>M\u00e5l\/v\u00e6gt<br \/>\n<\/strong>L: 285 cm<br \/>\nD: 101 cm<br \/>\nH: 98 cm<br \/>\nChaiselong: 163 cm<br \/>\nSide h\u00f8jde: 46 cm<br \/>\nSide dybde: 63 cm<br \/>\nBen: 17 cm metal<br \/>\nM\u00e5lene kan variere op til 3 cm<br \/>\nV\u00e6gt 98 kg<\/p>\n<p><strong>Materiale og farve:<\/strong><strong>:<\/strong><br \/>\nTorello l\u00e6der .\nSort\nSofaen er fremstillet i korrigeret l\u00e6der og med pvc forst\u00e6rkning p\u00e5 rammen.<\/p>\n<p><strong>Lidt fakta:<\/strong><br \/>\nProduceres af Bellus.<br \/>\nBellus er specialiseret i sidekomfort, sofaen er produceret med posefjeder og memoryfoam, precis som i en seng.<br \/>\nRyg: Siikonisereret fiber.<br \/>\nRammen p\u00e5 sofaen er massiv tr\u00e6, og Nozag fjeder.<br \/>\nBen: Standart 16 cm tr\u00e6, mulighed for tilk\u00f8b af metal.<\/p>\n<p><strong>Vedligeholdelses r\u00e5d<\/strong><br \/>\nMetropol divansoffa kommer i 2 st kolli. De tv\u00e5 delarna monteras l\u00e4tt ihop utan verktyg. Benen skruvas p\u00e5 varp\u00e5 skruvdragare beh\u00f6vs.<\/p>\n<p>Vi anbefaler at tilk\u00f8be vores plejeserie.\u00a0<a href=\"https:\/\/www.sofforsangar.se\/dk\/vare\/skinnvard-leather-clean-protect\/\">skinnv\u00e5rdsmede<\/a>for en l\u00e6nger levetid.<\/p>\n<h3>Fandt du ikke lige det du s\u00f8gte.<\/h3>\n<p>Vores butik i centrale Malm\u00f8, byder p\u00e5 masser af inspiration. Her har vi 1000 kvm med sk\u00f8nne m\u00f8bler. Ring eller mail s\u00e5 hj\u00e6lper vi dig.\n0046 40 13 99 11.<\/p>","protected":false},"excerpt":{"rendered":"<p>H\u00f8j ryg<\/p>","protected":false},"featured_media":622,"comment_status":"open","ping_status":"closed","template":"","meta":{"_acf_changed":false},"product_brand":[],"product_cat":[35,54,34],"product_tag":[],"class_list":{"0":"post-620","1":"product","2":"type-product","3":"status-publish","4":"has-post-thumbnail","6":"product_cat-divan-schaslongsoffa","7":"product_cat-skinnsoffa","8":"product_cat-huvudkategori-soffor","9":"product_shipping_class-stora-mobler","11":"first","12":"instock","13":"taxable","14":"shipping-taxable","15":"purchasable","16":"product-type-variable","17":"has-default-attributes"},"acf":[],"_links":{"self":[{"href":"https:\/\/www.sofforsangar.se\/dk\/wp-json\/wp\/v2\/product\/620","targetHints":{"allow":["GET"]}}],"collection":[{"href":"https:\/\/www.sofforsangar.se\/dk\/wp-json\/wp\/v2\/product"}],"about":[{"href":"https:\/\/www.sofforsangar.se\/dk\/wp-json\/wp\/v2\/types\/product"}],"replies":[{"embeddable":true,"href":"https:\/\/www.sofforsangar.se\/dk\/wp-json\/wp\/v2\/comments?post=620"}],"wp:featuredmedia":[{"embeddable":true,"href":"https:\/\/www.sofforsangar.se\/dk\/wp-json\/wp\/v2\/media\/622"}],"wp:attachment":[{"href":"https:\/\/www.sofforsangar.se\/dk\/wp-json\/wp\/v2\/media?parent=620"}],"wp:term":[{"taxonomy":"product_brand","embeddable":true,"href":"https:\/\/www.sofforsangar.se\/dk\/wp-json\/wp\/v2\/product_brand?post=620"},{"taxonomy":"product_cat","embeddable":true,"href":"https:\/\/www.sofforsangar.se\/dk\/wp-json\/wp\/v2\/product_cat?post=620"},{"taxonomy":"product_tag","embeddable":true,"href":"https:\/\/www.sofforsangar.se\/dk\/wp-json\/wp\/v2\/product_tag?post=620"}],"curies":[{"name":"wp","href":"https:\/\/api.w.org\/{rel}","templated":true}]}}