{"id":613,"date":"2022-08-31T11:55:19","date_gmt":"2022-08-31T09:55:19","guid":{"rendered":"https:\/\/www.sofforsangar.se\/?post_type=product&#038;p=613"},"modified":"2026-03-05T15:46:46","modified_gmt":"2026-03-05T13:46:46","slug":"leeds-deluxe-howardsoffa-2-sits-2","status":"publish","type":"product","link":"https:\/\/www.sofforsangar.se\/dk\/vare\/leeds-deluxe-howardsoffa-2-sits-2\/","title":{"rendered":"Howard 2 personers sofa"},"content":{"rendered":"<p>Er du p\u00e5 udkig efter en klassisk sofa med riktigt god sidekomfort. S\u00e5 er den klassiske Howard sofa et godt alternativ.<\/p>\n<p>Howard sofaens varem\u00e6rke er at den har hjul p\u00e5 benene fremme, og runde arml\u00e6n.<\/p>\n<p><strong>M\u00e5l<\/strong><br \/>\nL : 150 cm<br \/>\nD: 98 cm<br \/>\nH:  90 cm<br \/>\nSide dybde : 61 cm<br \/>\nSide h\u00f8jde: 48 cm<br \/>\nBen<\/p>\n<p><strong>Stoffer og farver<\/strong><br \/>\nBl\u00f8dt og l\u00e6kkert betr\u00e6k<\/p>\n<p>Sofaen er f\u00e5es med mange forskellige betr\u00e6k.<\/p>\n<p><strong>Lidt fakta:<\/strong><br \/>\nL\u00f8st betr\u00e6k p\u00e5 side og ryg hynder.<br \/>\nVendbare hynder<br \/>\nRyg hynderne er kanalsyede<br \/>\nFiber fyld og revet koldskum.<br \/>\nFiber fyld og revet koldskum.<br \/>\n2 muligheder for ben.\nBrun\/messing\nSort\/krom.\nMedf\u00f8lger gulv beskyttelse ,<\/p>\n<p><strong>Vedligeholdelses r\u00e5d<\/strong><br \/>\nHoward 2 personers sofa leveres i 1 kolli, benen skrues p\u00e5 uden brug af v\u00e6rkt\u00f8j.<\/p>\n<p>Vi anbefaler at tilk\u00f8be vores plejeserie.\u00a0<a href=\"https:\/\/www.sofforsangar.se\/dk\/vare\/textilvard-textile-clean-protect\/\">Plejeserie<\/a>\u00a0for en l\u00e6nger levetid.<\/p>\n<h3>Fandt du ikke lige det du s\u00f8gte.<\/h3>\n<p>Vores butik i centrale Malm\u00f8, byder p\u00e5 masser af inspiration. Her har vi 1000 kvm med sk\u00f8nne m\u00f8bler. Ring eller mail s\u00e5 hj\u00e6lper vi dig.\n0046 40 13 99 11.<\/p>","protected":false},"excerpt":{"rendered":"<p>Klassisk<\/p>","protected":false},"featured_media":614,"comment_status":"open","ping_status":"closed","template":"","meta":{"_acf_changed":false},"product_brand":[],"product_cat":[31,37,34],"product_tag":[],"class_list":{"0":"post-613","1":"product","2":"type-product","3":"status-publish","4":"has-post-thumbnail","6":"product_cat-2-4-sitssoffa","7":"product_cat-howardsoffa","8":"product_cat-huvudkategori-soffor","9":"product_shipping_class-stora-mobler","11":"first","12":"onbackorder","13":"sale","14":"taxable","15":"shipping-taxable","16":"purchasable","17":"product-type-simple"},"acf":[],"_links":{"self":[{"href":"https:\/\/www.sofforsangar.se\/dk\/wp-json\/wp\/v2\/product\/613","targetHints":{"allow":["GET"]}}],"collection":[{"href":"https:\/\/www.sofforsangar.se\/dk\/wp-json\/wp\/v2\/product"}],"about":[{"href":"https:\/\/www.sofforsangar.se\/dk\/wp-json\/wp\/v2\/types\/product"}],"replies":[{"embeddable":true,"href":"https:\/\/www.sofforsangar.se\/dk\/wp-json\/wp\/v2\/comments?post=613"}],"wp:featuredmedia":[{"embeddable":true,"href":"https:\/\/www.sofforsangar.se\/dk\/wp-json\/wp\/v2\/media\/614"}],"wp:attachment":[{"href":"https:\/\/www.sofforsangar.se\/dk\/wp-json\/wp\/v2\/media?parent=613"}],"wp:term":[{"taxonomy":"product_brand","embeddable":true,"href":"https:\/\/www.sofforsangar.se\/dk\/wp-json\/wp\/v2\/product_brand?post=613"},{"taxonomy":"product_cat","embeddable":true,"href":"https:\/\/www.sofforsangar.se\/dk\/wp-json\/wp\/v2\/product_cat?post=613"},{"taxonomy":"product_tag","embeddable":true,"href":"https:\/\/www.sofforsangar.se\/dk\/wp-json\/wp\/v2\/product_tag?post=613"}],"curies":[{"name":"wp","href":"https:\/\/api.w.org\/{rel}","templated":true}]}}