{"id":605,"date":"2022-08-31T11:19:23","date_gmt":"2022-08-31T09:19:23","guid":{"rendered":"https:\/\/www.sofforsangar.se\/?post_type=product&#038;p=605"},"modified":"2023-12-02T14:24:39","modified_gmt":"2023-12-02T12:24:39","slug":"leeds-deluxe-howard-fotpall-2","status":"publish","type":"product","link":"https:\/\/www.sofforsangar.se\/dk\/vare\/leeds-deluxe-howard-fotpall-2\/","title":{"rendered":"Horward puf lille."},"content":{"rendered":"<p>Horward puf passer perfekt din din Horward sofa.<\/p>\n<p><strong>M\u00e5l<\/strong><br \/>\n68 x 44 cm<br \/>\nH\u00f6jd 48 cm<\/p>\n<p><strong>Stoffer og farver<\/strong><br \/>\nOrinoco Sand\nMartindale 50000\nPilling: 4-5\nVi anbefaler kemisk rensning<\/p>\n<p>Kan bestilles i mange forskellige farver og materialer.<\/p>\n<p><strong>Lidt fakta:<br \/>\n<\/strong>Denne puf er fremstillet af koldskum, og p\u00e5 toppen er der fiberfyld og revet polyester.<\/p>\n<p>Howard  leveres i 1 kolli, benen skrues p\u00e5 uden brug af v\u00e6rkt\u00f8j.<\/p>\n<p><strong>Vedligeholdelses r\u00e5d<\/strong><br \/>\nVi anbefaler at tilk\u00f8be vores plejeserie.\u00a0<a href=\"https:\/\/www.sofforsangar.se\/dk\/vare\/textilvard-textile-clean-protect\/\">Plejeserie<\/a>\u00a0for en l\u00e6nger levetid.<\/p>\n<h3>Fandt du ikke lige det du s\u00f8gte.<\/h3>\n<p>Vores butik i centrale Malm\u00f8, byder p\u00e5 masser af inspiration. Her har vi 1000 kvm med sk\u00f8nne m\u00f8bler. Ring eller mail s\u00e5 hj\u00e6lper vi dig.\n0046 40 13 99 11.<\/p>","protected":false},"excerpt":{"rendered":"<p>Klassisk<\/p>","protected":false},"featured_media":606,"comment_status":"open","ping_status":"closed","template":"","meta":{"_acf_changed":false},"product_brand":[],"product_cat":[51,37,34],"product_tag":[],"class_list":{"0":"post-605","1":"product","2":"type-product","3":"status-publish","4":"has-post-thumbnail","6":"product_cat-fotpallar","7":"product_cat-howardsoffa","8":"product_cat-huvudkategori-soffor","9":"product_shipping_class-stora-mobler","11":"first","12":"onbackorder","13":"sale","14":"taxable","15":"shipping-taxable","16":"purchasable","17":"product-type-simple"},"acf":[],"_links":{"self":[{"href":"https:\/\/www.sofforsangar.se\/dk\/wp-json\/wp\/v2\/product\/605","targetHints":{"allow":["GET"]}}],"collection":[{"href":"https:\/\/www.sofforsangar.se\/dk\/wp-json\/wp\/v2\/product"}],"about":[{"href":"https:\/\/www.sofforsangar.se\/dk\/wp-json\/wp\/v2\/types\/product"}],"replies":[{"embeddable":true,"href":"https:\/\/www.sofforsangar.se\/dk\/wp-json\/wp\/v2\/comments?post=605"}],"wp:featuredmedia":[{"embeddable":true,"href":"https:\/\/www.sofforsangar.se\/dk\/wp-json\/wp\/v2\/media\/606"}],"wp:attachment":[{"href":"https:\/\/www.sofforsangar.se\/dk\/wp-json\/wp\/v2\/media?parent=605"}],"wp:term":[{"taxonomy":"product_brand","embeddable":true,"href":"https:\/\/www.sofforsangar.se\/dk\/wp-json\/wp\/v2\/product_brand?post=605"},{"taxonomy":"product_cat","embeddable":true,"href":"https:\/\/www.sofforsangar.se\/dk\/wp-json\/wp\/v2\/product_cat?post=605"},{"taxonomy":"product_tag","embeddable":true,"href":"https:\/\/www.sofforsangar.se\/dk\/wp-json\/wp\/v2\/product_tag?post=605"}],"curies":[{"name":"wp","href":"https:\/\/api.w.org\/{rel}","templated":true}]}}