{"id":603,"date":"2022-08-31T11:09:42","date_gmt":"2022-08-31T09:09:42","guid":{"rendered":"https:\/\/www.sofforsangar.se\/?post_type=product&#038;p=603"},"modified":"2023-12-02T14:30:40","modified_gmt":"2023-12-02T12:30:40","slug":"leeds-nackstod-2","status":"publish","type":"product","link":"https:\/\/www.sofforsangar.se\/dk\/vare\/leeds-nackstod-2\/","title":{"rendered":"Nakke st\u00f8d"},"content":{"rendered":"<p>Dette nakkest\u00f8d er en klog investering til din sofa. Forl\u00e6ng h\u00f8jden p\u00e5 sofaen, for en bedre komfort.<\/p>\n<p><strong>M\u00e5l<br \/>\n<\/strong>P\u00f8lse formet<br \/>\nL: 55 cm<br \/>\nDia 17 cm<\/p>\n<p>Stativ:<br \/>\n70 x 44 cm<\/p>\n<p><strong>Stoffer og farver<\/strong><br \/>\nBl\u00f8dt og l\u00e6kkert betr\u00e6k<\/p>\n<p>Kan bestilles i mange andre farver og materialer.<\/p>\n<p><strong>Vedligeholdelses r\u00e5d<\/strong><br \/>\nVi anbefaler at tilk\u00f8be vores plejeserie.\u00a0<a href=\"https:\/\/www.sofforsangar.se\/dk\/vare\/textilvard-textile-clean-protect\/\">Plejeserie<\/a>\u00a0for en l\u00e6nger levetid.<\/p>","protected":false},"excerpt":{"rendered":"<p>Perfekt st\u00f8tte til Howard.<\/p>","protected":false},"featured_media":604,"comment_status":"open","ping_status":"closed","template":"","meta":{"_acf_changed":false},"product_brand":[],"product_cat":[37,34,172],"product_tag":[],"class_list":{"0":"post-603","1":"product","2":"type-product","3":"status-publish","4":"has-post-thumbnail","6":"product_cat-howardsoffa","7":"product_cat-huvudkategori-soffor","8":"product_cat-tillbehor-soffor","9":"product_shipping_class-stora-mobler","11":"first","12":"onbackorder","13":"sale","14":"taxable","15":"shipping-taxable","16":"purchasable","17":"product-type-simple"},"acf":[],"_links":{"self":[{"href":"https:\/\/www.sofforsangar.se\/dk\/wp-json\/wp\/v2\/product\/603","targetHints":{"allow":["GET"]}}],"collection":[{"href":"https:\/\/www.sofforsangar.se\/dk\/wp-json\/wp\/v2\/product"}],"about":[{"href":"https:\/\/www.sofforsangar.se\/dk\/wp-json\/wp\/v2\/types\/product"}],"replies":[{"embeddable":true,"href":"https:\/\/www.sofforsangar.se\/dk\/wp-json\/wp\/v2\/comments?post=603"}],"wp:featuredmedia":[{"embeddable":true,"href":"https:\/\/www.sofforsangar.se\/dk\/wp-json\/wp\/v2\/media\/604"}],"wp:attachment":[{"href":"https:\/\/www.sofforsangar.se\/dk\/wp-json\/wp\/v2\/media?parent=603"}],"wp:term":[{"taxonomy":"product_brand","embeddable":true,"href":"https:\/\/www.sofforsangar.se\/dk\/wp-json\/wp\/v2\/product_brand?post=603"},{"taxonomy":"product_cat","embeddable":true,"href":"https:\/\/www.sofforsangar.se\/dk\/wp-json\/wp\/v2\/product_cat?post=603"},{"taxonomy":"product_tag","embeddable":true,"href":"https:\/\/www.sofforsangar.se\/dk\/wp-json\/wp\/v2\/product_tag?post=603"}],"curies":[{"name":"wp","href":"https:\/\/api.w.org\/{rel}","templated":true}]}}