{"id":588,"date":"2022-08-31T01:30:07","date_gmt":"2022-08-30T23:30:07","guid":{"rendered":"https:\/\/www.sofforsangar.se\/?post_type=product&#038;p=588"},"modified":"2024-02-13T19:22:15","modified_gmt":"2024-02-13T17:22:15","slug":"leeds-deluxe-howardsoffa-4-sits-svangd","status":"publish","type":"product","link":"https:\/\/www.sofforsangar.se\/dk\/vare\/leeds-deluxe-howardsoffa-4-sits-svangd\/","title":{"rendered":"Howard 4 personers buet."},"content":{"rendered":"<p>Er du p\u00e5 udkig efter en klassisk sofa med riktigt god sidekomfort. S\u00e5 er den klassiske Howard sofa et godt alternativ.<\/p>\n<p>4 personers sofa, hvor sidekomforten er i h\u00f8js\u00e6de. Denne model er buet ryg, og kan derfor sagtens st\u00e5 midt i rummet.\nDenne model er den st\u00f8rste, men kan f\u00e5es i mindre.<\/p>\n<p><strong>M\u00e5l\/v\u00e6gt<br \/>\n<\/strong>B : 250 cm<br \/>\nD : 111<br \/>\nH :   90 cm<br \/>\nSide brede: 203 cm<br \/>\nSide h\u00f8jde: 48 cm<br \/>\nSide dybde: 56 cm<br \/>\nV\u00e6gt: 145 kg<\/p>\n<p><strong>Stoffer og farver<\/strong><br \/>\nOrinoco 23 Sand. Kvalitet 100% Polyester. Martindale 50,000. Pilling 4-5. Kemtv\u00e4tt.<\/p>\n<p>Sofaen er f\u00e5es med mange forskellige betr\u00e6k.<\/p>\n<p><strong>Lidt fakta:<br \/>\n<\/strong>L\u00f8st betr\u00e6k p\u00e5 side og ryg hynder.<br \/>\nVendbare hynder<br \/>\nRyghynder er kanal syede for bedre holdbarhed.<br \/>\nFiber fyld og revet koldskum.<br \/>\n2 muligheder for ben.\nBrun\/messing\nSort\/krom.\nMedf\u00f8lger gulv beskyttelse ,<\/p>\n<p><strong>Vedligeholdelses r\u00e5d<\/strong><br \/>\nHoward 4 personers sofa leveres i 1 kolli, benen skrues p\u00e5 uden brug af v\u00e6rkt\u00f8j.<\/p>\n<p>Vi anbefaler at tilk\u00f8be vores plejeserie.\u00a0<a href=\"https:\/\/www.sofforsangar.se\/dk\/vare\/textilvard-textile-clean-protect\/\">Plejeserie<\/a>\u00a0for en l\u00e6nger levetid.<\/p>\n<h3>Fandt du ikke lige det du s\u00f8gte.<\/h3>\n<p>Vores butik i centrale Malm\u00f8, byder p\u00e5 masser af inspiration. Her har vi 1000 kvm med sk\u00f8nne m\u00f8bler. Ring eller mail s\u00e5 hj\u00e6lper vi dig.\n0046 40 13 99 11.<\/p>","protected":false},"excerpt":{"rendered":"<p>Klassisk<\/p>","protected":false},"featured_media":589,"comment_status":"open","ping_status":"closed","template":"","meta":{"_acf_changed":false},"product_brand":[],"product_cat":[31,37,34],"product_tag":[],"class_list":{"0":"post-588","1":"product","2":"type-product","3":"status-publish","4":"has-post-thumbnail","6":"product_cat-2-4-sitssoffa","7":"product_cat-howardsoffa","8":"product_cat-huvudkategori-soffor","9":"product_shipping_class-stora-mobler","11":"first","12":"onbackorder","13":"sale","14":"taxable","15":"shipping-taxable","16":"purchasable","17":"product-type-simple"},"acf":[],"_links":{"self":[{"href":"https:\/\/www.sofforsangar.se\/dk\/wp-json\/wp\/v2\/product\/588","targetHints":{"allow":["GET"]}}],"collection":[{"href":"https:\/\/www.sofforsangar.se\/dk\/wp-json\/wp\/v2\/product"}],"about":[{"href":"https:\/\/www.sofforsangar.se\/dk\/wp-json\/wp\/v2\/types\/product"}],"replies":[{"embeddable":true,"href":"https:\/\/www.sofforsangar.se\/dk\/wp-json\/wp\/v2\/comments?post=588"}],"wp:featuredmedia":[{"embeddable":true,"href":"https:\/\/www.sofforsangar.se\/dk\/wp-json\/wp\/v2\/media\/589"}],"wp:attachment":[{"href":"https:\/\/www.sofforsangar.se\/dk\/wp-json\/wp\/v2\/media?parent=588"}],"wp:term":[{"taxonomy":"product_brand","embeddable":true,"href":"https:\/\/www.sofforsangar.se\/dk\/wp-json\/wp\/v2\/product_brand?post=588"},{"taxonomy":"product_cat","embeddable":true,"href":"https:\/\/www.sofforsangar.se\/dk\/wp-json\/wp\/v2\/product_cat?post=588"},{"taxonomy":"product_tag","embeddable":true,"href":"https:\/\/www.sofforsangar.se\/dk\/wp-json\/wp\/v2\/product_tag?post=588"}],"curies":[{"name":"wp","href":"https:\/\/api.w.org\/{rel}","templated":true}]}}