{"id":571,"date":"2022-08-30T18:22:41","date_gmt":"2022-08-30T16:22:41","guid":{"rendered":"https:\/\/www.sofforsangar.se\/?post_type=product&#038;p=571"},"modified":"2023-02-13T13:26:55","modified_gmt":"2023-02-13T11:26:55","slug":"princess-huvudgavel","status":"publish","type":"product","link":"https:\/\/www.sofforsangar.se\/dk\/vare\/princess-huvudgavel\/","title":{"rendered":"Princes Gavel"},"content":{"rendered":"<p>Princes er en  smuk gavel, den giver rummet et ekstra lyft. Bem\u00e6rk de fine detaljer i form af nitar.<\/p>\n<p>Leveringstid: 8-10 uger<\/p>\n<p><strong>M\u00e5l<\/strong><br \/>\nB: 180 cm<br \/>\nH: 140 cm<br \/>\nTykkelse:  12 cm<\/p>\n<p><strong>Stoffer og farver<\/strong><\/p>\n<p>Juke gr\u00e5 Velour i (pr gr 5)<\/p>\n<p>Princes findes i et v\u00e6lg af farver og materialer.<\/p>\n<p><strong>Lidt fakta:\u00a0\u00a0<\/strong><br \/>\nPrincess er fremstillet af BELLUS<br \/>\nGavlen findes i forskellige bredder.<br \/>\nFremstillet i h\u00e5nden.<br \/>\n- nitter i messing.<\/p>\n<p><strong>Vedligeholdelses r\u00e5d<\/strong><br \/>\nGavlen kommer i et kolli.<\/p>\n<p>Vi anbefaler at tilk\u00f8be vores plejeserie.\u00a0<a href=\"https:\/\/www.sofforsangar.se\/dk\/vare\/sangvard-bed-conditioner\/\">S\u00e4ngv\u00e5rdsprodukter<\/a>\u00a0for en l\u00e6nger levetid.<\/p>","protected":false},"excerpt":{"rendered":"<p>Princess \u00e4r en snygg och stilig huvudgavel. Designen ligger helt i tiden med detaljer i form av nitar som g\u00e5r l\u00e4ngs gavelns s\u00f6mmar. En dr\u00f6m att somna vid kv\u00e4ll efter kv\u00e4ll. Leveranstid: 6-8 veckor. M\u00e5tt Bredd: 180 cm H\u00f6jd: 140 cm Tjocklek: 12 cm Tyg\/F\u00e4rg Juke Gr\u00e5 Sammet (Pg. 5). Kvalitet 100% polyester. Martindale 100,000. [&hellip;]<\/p>\n","protected":false},"featured_media":572,"comment_status":"open","ping_status":"closed","template":"","meta":{"_acf_changed":false},"product_brand":[],"product_cat":[42,50],"product_tag":[],"class_list":{"0":"post-571","1":"product","2":"type-product","3":"status-publish","4":"has-post-thumbnail","6":"product_cat-huvudkategori-sangar","7":"product_cat-sanggavlar","8":"product_shipping_class-stora-mobler","10":"first","11":"instock","12":"taxable","13":"shipping-taxable","14":"purchasable","15":"product-type-simple"},"acf":[],"_links":{"self":[{"href":"https:\/\/www.sofforsangar.se\/dk\/wp-json\/wp\/v2\/product\/571","targetHints":{"allow":["GET"]}}],"collection":[{"href":"https:\/\/www.sofforsangar.se\/dk\/wp-json\/wp\/v2\/product"}],"about":[{"href":"https:\/\/www.sofforsangar.se\/dk\/wp-json\/wp\/v2\/types\/product"}],"replies":[{"embeddable":true,"href":"https:\/\/www.sofforsangar.se\/dk\/wp-json\/wp\/v2\/comments?post=571"}],"wp:featuredmedia":[{"embeddable":true,"href":"https:\/\/www.sofforsangar.se\/dk\/wp-json\/wp\/v2\/media\/572"}],"wp:attachment":[{"href":"https:\/\/www.sofforsangar.se\/dk\/wp-json\/wp\/v2\/media?parent=571"}],"wp:term":[{"taxonomy":"product_brand","embeddable":true,"href":"https:\/\/www.sofforsangar.se\/dk\/wp-json\/wp\/v2\/product_brand?post=571"},{"taxonomy":"product_cat","embeddable":true,"href":"https:\/\/www.sofforsangar.se\/dk\/wp-json\/wp\/v2\/product_cat?post=571"},{"taxonomy":"product_tag","embeddable":true,"href":"https:\/\/www.sofforsangar.se\/dk\/wp-json\/wp\/v2\/product_tag?post=571"}],"curies":[{"name":"wp","href":"https:\/\/api.w.org\/{rel}","templated":true}]}}