{"id":5556,"date":"2024-09-19T20:12:44","date_gmt":"2024-09-19T18:12:44","guid":{"rendered":"https:\/\/www.sofforsangar.se\/?post_type=product&#038;p=5556"},"modified":"2026-02-17T14:20:35","modified_gmt":"2026-02-17T12:20:35","slug":"latex-lyx-baddmadrass","status":"publish","type":"product","link":"https:\/\/www.sofforsangar.se\/dk\/vare\/latex-lyx-baddmadrass\/","title":{"rendered":"Latex Lyx B\u00e4ddmadrass"},"content":{"rendered":"<h2>Skon varmeregulerende topmadras.<\/h2>\n<p>B\u00e4ddmadrassen Latex Lyx \u00e4r v\u00e5r b\u00e4sts\u00e4ljande modell, med en <strong>latex kerne<\/strong> som giver den perfekte stabilitet over tid, og giver dig en folelse av luksus, nat efter nat.\nFor at kunne give dig den optimale sovetemperatur er madrassen sv\u00f6bt i <strong>uld p\u00e5 den ene side og bomuld p\u00e5 den anden side.<\/strong> S\u00e5 du har en vinter og en sommer side.<\/p>\n<h2>Uppgradera din befintliga s\u00e4ng med en lyxig b\u00e4ddmadrass<\/h2>\n<p>Beh\u00f6ver du uppgradera din s\u00e4ng? Men vill inte k\u00f6pa en helt ny s\u00e4ng? Uppgradera din s\u00e4ng med b\u00e4ddmadrassen Latex Lyx och upplev skillnaden p\u00e5 en riktigt bra och b\u00e4sts\u00e4ljande b\u00e4ddmadrass.<\/p>\n<p>&nbsp;<\/p>","protected":false},"excerpt":{"rendered":"<h2>Skon varmeregulerende topmadras.<\/h2>\n<p>Latex Lyx ger optimal sovtemperatur \u00e5ret runt med v\u00e4ndbar madrass. Ullen h\u00e5ller dig varm under vinterhalv\u00e5ret, medan bomullen ger en svalare sovupplevelse p\u00e5 sommaren.<\/p>","protected":false},"featured_media":5573,"comment_status":"open","ping_status":"closed","template":"","meta":{"_acf_changed":false},"product_brand":[],"product_cat":[46,42],"product_tag":[],"class_list":{"0":"post-5556","1":"product","2":"type-product","3":"status-publish","4":"has-post-thumbnail","6":"product_cat-madrasser","7":"product_cat-huvudkategori-sangar","8":"product_shipping_class-sma-mobler","10":"first","11":"instock","12":"taxable","13":"shipping-taxable","14":"product-type-variable"},"acf":[],"_links":{"self":[{"href":"https:\/\/www.sofforsangar.se\/dk\/wp-json\/wp\/v2\/product\/5556","targetHints":{"allow":["GET"]}}],"collection":[{"href":"https:\/\/www.sofforsangar.se\/dk\/wp-json\/wp\/v2\/product"}],"about":[{"href":"https:\/\/www.sofforsangar.se\/dk\/wp-json\/wp\/v2\/types\/product"}],"replies":[{"embeddable":true,"href":"https:\/\/www.sofforsangar.se\/dk\/wp-json\/wp\/v2\/comments?post=5556"}],"wp:featuredmedia":[{"embeddable":true,"href":"https:\/\/www.sofforsangar.se\/dk\/wp-json\/wp\/v2\/media\/5573"}],"wp:attachment":[{"href":"https:\/\/www.sofforsangar.se\/dk\/wp-json\/wp\/v2\/media?parent=5556"}],"wp:term":[{"taxonomy":"product_brand","embeddable":true,"href":"https:\/\/www.sofforsangar.se\/dk\/wp-json\/wp\/v2\/product_brand?post=5556"},{"taxonomy":"product_cat","embeddable":true,"href":"https:\/\/www.sofforsangar.se\/dk\/wp-json\/wp\/v2\/product_cat?post=5556"},{"taxonomy":"product_tag","embeddable":true,"href":"https:\/\/www.sofforsangar.se\/dk\/wp-json\/wp\/v2\/product_tag?post=5556"}],"curies":[{"name":"wp","href":"https:\/\/api.w.org\/{rel}","templated":true}]}}