{"id":542,"date":"2022-08-30T16:48:45","date_gmt":"2022-08-30T14:48:45","guid":{"rendered":"https:\/\/www.sofforsangar.se\/?post_type=product&#038;p=542"},"modified":"2024-02-02T18:31:52","modified_gmt":"2024-02-02T16:31:52","slug":"freestyle-l-soffa","status":"publish","type":"product","link":"https:\/\/www.sofforsangar.se\/dk\/vare\/freestyle-l-soffa\/","title":{"rendered":"Freestyle Hvilemodul"},"content":{"rendered":"<p>Freestyle \u00e4r soffan med b\u00e5de stil och komfort. Konturerna \u00e4r stilrena och futuristiska men \u00e4nd\u00e5 mjuka i sina linjer. L\u00e4gg m\u00e4rke till\u00a0de stilrena minimalistiska rostfria benen vilket bidrar till\u00a0soffans\u00a0luftiga intryck.\u00a0De h\u00f6ga ryggdynorna ger ett bra st\u00f6d f\u00f6r axlarna medan den mjuka sittkomforten g\u00f6r soffan perfekt f\u00f6r sk\u00f6na hemmakv\u00e4llar. Detta \u00e4r soffan som kommer vara v\u00e4l v\u00e4rd pengarna och ge m\u00e5nga h\u00e4rliga soffh\u00e4ng.<\/p>\n<p>Leveranstid: 8-10 veckor<\/p>\n<p><strong>M\u00e5tt<br \/>\n<\/strong>L\u00e4ngd 293 cm<br \/>\nDjup 100 cm<br \/>\nH\u00f6jd 90 cm<br \/>\nDjup \u00f6ppet avslut\u00a0254 cm<br \/>\nSitth\u00f6jd 45 cm<br \/>\nSittdjup 63 cm exkl svankkuddar. 50 cm inkl svankkuddar.<br \/>\nBenh\u00f6jd 15 cm (metallben)<br \/>\nM\u00e5tten kan variera +- 3 cm beroende p\u00e5 kombination och kl\u00e4dselmaterial.<\/p>\n<p><strong>Tyg\/F\u00e4r<\/strong><strong>g<\/strong><br \/>\nCognac (prisgr. Amalfi skinn\/Pvc). Soffan \u00e4r i detta utf\u00f6rande tillverkad med skinn p\u00e5 armst\u00f6d, sitt- och ryggdynor samt med pvc p\u00e5 ramen. Man kan ocks\u00e5 f\u00e5 soffan tillverkad helt i skinn men ocks\u00e5 helt i tyg. Freestyle finns som best\u00e4llningsvara i flertalet andra tyger &amp; f\u00e4rger. Klicka p\u00e5 Tyg- och f\u00e4rgl\u00e4nken ovan f\u00f6r att best\u00e4lla Gratis skinn- eller tygprover.<\/p>\n<p><strong>Produktfakta<\/strong><br \/>\n&#8211;\u00a0 Tillverkare: Bellus.<br \/>\n&#8211;\u00a0 Sitsar: en k\u00e4rna av pocketfj\u00e4drar, Cloud-plus-system varav det ing\u00e5r\u00a0<strong>5 \u00e5rs garanti<\/strong>\u00a0avseende fj\u00e4derbrott, omsvepta med kallskum 35 kg + ERX skum 40 kg,\u00a0toppade med\u00a0fiber\u00a0 200 g och\u00a0memoryskum. Avtagbar kl\u00e4dsel.<br \/>\n&#8211;\u00a0 Ryggdynor: inneh\u00e5ller\u00a0silikoniserad fibervadd. Avtagbar kl\u00e4dsel.<br \/>\n&#8211;\u00a0 Ram: plywood,\u00a0massivt\u00a0tr\u00e4 och nozagfj\u00e4drar.<br \/>\n&#8211;\u00a0 Ben: i\u00a0metall, h\u00f6jd 17 cm, i rostfritt st\u00e5l, svart nickel eller matt svart.<br \/>\n&#8211;\u00a0 Svankkuddar: ing\u00e5r\u00a03 stycken svankkuddar till soffan\u00a0i samma tyg\/f\u00e4rg\u00a0som\u00a0\u00f6vriga soffan. Avtagbar kl\u00e4dsel.<br \/>\n&#8211;\u00a0 Ben som standard i metall, h\u00f6jd 15 cm, i rostfritt st\u00e5l eller matt svart. Valbara ben i massivt tr\u00e4 som tillval, h\u00f6jd 16 cm, i svart, m\u00f6rkbrun, valn\u00f6t, ek, bok eller vit.<\/p>\n<p><var class=\"placeholder image\" data-placeholder=\"[[img@id=;2954;@resolution=;tiny;]]\" data-edit-title=\"Redigera\"><img decoding=\"async\" class=\"\" src=\"https:\/\/cdn.starwebserver.se\/shops\/lasoffor\/files\/cache\/cloud-system-logga_tiny.jpg?_=1613393581\" alt=\"\" width=\"300\" height=\"128\" data-placeholder=\"[[img@id=;2954;@resolution=;tiny;]]\" \/><\/var>\u200b<\/p>\n<p><strong>R\u00e5d &amp; tips<\/strong><br \/>\nFreestyle L-soffa levereras i 2 st kolli + ben. De tv\u00e5 delarna monteras l\u00e4tt ihop utan verktyg. Benen skruvas p\u00e5 varp\u00e5 skruvdragare kan beh\u00f6vs beroende p\u00e5 val av ben.<\/p>\n<p>Vi rekommenderar att k\u00f6pa till <a href=\"https:\/\/www.sofforsangar.se\/produkt\/skinnvard-leather-clean-protect\/\">skinnv\u00e5rdsmede<\/a>l som skyddar, v\u00e5rdar och bevarar textilierna.<\/p>\n<h3>Intresserad av annan modell?<\/h3>\n<p>I v\u00e5r butik i Malm\u00f6 har vi m\u00e4ngder av valm\u00f6jligheter. M\u00e5nga produkter g\u00e5r att f\u00e5 i olika modeller, med olika tyger och ben. F\u00f6r intresse om annan modell, var god maila info@sofforsangar.se eller ring oss tel. 040-13 99 11.<\/p>\n","protected":false},"excerpt":{"rendered":"<p>Stil og komfort i en sofa<\/p>","protected":false},"featured_media":544,"comment_status":"open","ping_status":"closed","template":"","meta":{"_acf_changed":false},"product_brand":[],"product_cat":[35,43,54,34],"product_tag":[],"class_list":{"0":"post-542","1":"product","2":"type-product","3":"status-publish","4":"has-post-thumbnail","6":"product_cat-divan-schaslongsoffa","7":"product_cat-hornsoffa","8":"product_cat-skinnsoffa","9":"product_cat-huvudkategori-soffor","10":"product_shipping_class-stora-mobler","12":"first","13":"instock","14":"taxable","15":"shipping-taxable","16":"purchasable","17":"product-type-variable","18":"has-default-attributes"},"acf":[],"_links":{"self":[{"href":"https:\/\/www.sofforsangar.se\/dk\/wp-json\/wp\/v2\/product\/542","targetHints":{"allow":["GET"]}}],"collection":[{"href":"https:\/\/www.sofforsangar.se\/dk\/wp-json\/wp\/v2\/product"}],"about":[{"href":"https:\/\/www.sofforsangar.se\/dk\/wp-json\/wp\/v2\/types\/product"}],"replies":[{"embeddable":true,"href":"https:\/\/www.sofforsangar.se\/dk\/wp-json\/wp\/v2\/comments?post=542"}],"wp:featuredmedia":[{"embeddable":true,"href":"https:\/\/www.sofforsangar.se\/dk\/wp-json\/wp\/v2\/media\/544"}],"wp:attachment":[{"href":"https:\/\/www.sofforsangar.se\/dk\/wp-json\/wp\/v2\/media?parent=542"}],"wp:term":[{"taxonomy":"product_brand","embeddable":true,"href":"https:\/\/www.sofforsangar.se\/dk\/wp-json\/wp\/v2\/product_brand?post=542"},{"taxonomy":"product_cat","embeddable":true,"href":"https:\/\/www.sofforsangar.se\/dk\/wp-json\/wp\/v2\/product_cat?post=542"},{"taxonomy":"product_tag","embeddable":true,"href":"https:\/\/www.sofforsangar.se\/dk\/wp-json\/wp\/v2\/product_tag?post=542"}],"curies":[{"name":"wp","href":"https:\/\/api.w.org\/{rel}","templated":true}]}}