{"id":539,"date":"2022-08-30T16:37:10","date_gmt":"2022-08-30T14:37:10","guid":{"rendered":"https:\/\/www.sofforsangar.se\/?post_type=product&#038;p=539"},"modified":"2023-02-13T13:26:56","modified_gmt":"2023-02-13T11:26:56","slug":"windsor-huvudgavel","status":"publish","type":"product","link":"https:\/\/www.sofforsangar.se\/dk\/vare\/windsor-huvudgavel\/","title":{"rendered":"Windsor Gavel"},"content":{"rendered":"<p>Windsor gavel giver liv i rummet, med m\u00f8nster og knapper. Og kan selvf\u00f8lgelig f\u00e5es i en farve der matcher sengen.<\/p>\n<p>Leveringstid: 8-10 uger<\/p>\n<p><strong>M\u00e5l<\/strong><br \/>\nB: 120 cm<br \/>\nH: 140 cm<br \/>\nTykkelse: 8 cm<\/p>\n<p><strong>Stoffer og farver<\/strong><br \/>\nJuke lavendel l\u00e6kkert velour  (pris gruppe 5)\n100 % polyester\nMartindale: 100,000\nPeeling: 5\nLys\u00e6gthed: 4-5\n\nAnbefalet : kemisk rensning\n\nJuke er et super smukt velour stof, med en h\u00f8j slidstyrke.<\/p>\n<p>Windsor findes i hele Bellus Furniture favevalg.<\/p>\n<p><strong>Lidt fakta:\u00a0\u00a0<\/strong><br \/>\nGavlen er fremstillet af BELLUS.\nKan bestilles i forskellige bredder.<\/p>\n<p><strong>Vedligeholdelses r\u00e5d<\/strong><br \/>\nGavlen kommer i et kolli.<\/p>\n<p>Vi anbefaler at tilk\u00f8be vores plejeserie.\u00a0<a href=\"https:\/\/www.sofforsangar.se\/dk\/vare\/sangvard-bed-conditioner\/\">S\u00e4ngv\u00e5rdsprodukter<\/a>\u00a0for en l\u00e6nger levetid.<\/p>","protected":false},"excerpt":{"rendered":"<p>En mycket vacker och v\u00e4lgjord gavel med indragna djuph\u00e4ftade diagonala pikeringar och f\u00f6rsedd med kl\u00e4dda knappar. Lika dekorativ i sovrummet som praktisk att luta sig mot. Leveranstid: 6-8 veckor M\u00e5tt Bredd: 120 cm H\u00f6jd: 140 cm Tjocklek: 8 cm Tyg\/F\u00e4rg Juke Lavendel Sammet (Prisgr. 5). Kvalitet 100% polyester. Martindale 100,000. Pilling 5. Ljus\u00e4kthet 4-5. Tv\u00e4ttr\u00e5d [&hellip;]<\/p>\n","protected":false},"featured_media":540,"comment_status":"open","ping_status":"closed","template":"","meta":{"_acf_changed":false},"product_brand":[],"product_cat":[42,50],"product_tag":[],"class_list":{"0":"post-539","1":"product","2":"type-product","3":"status-publish","4":"has-post-thumbnail","6":"product_cat-huvudkategori-sangar","7":"product_cat-sanggavlar","8":"product_shipping_class-stora-mobler","10":"first","11":"instock","12":"taxable","13":"shipping-taxable","14":"purchasable","15":"product-type-simple"},"acf":[],"_links":{"self":[{"href":"https:\/\/www.sofforsangar.se\/dk\/wp-json\/wp\/v2\/product\/539","targetHints":{"allow":["GET"]}}],"collection":[{"href":"https:\/\/www.sofforsangar.se\/dk\/wp-json\/wp\/v2\/product"}],"about":[{"href":"https:\/\/www.sofforsangar.se\/dk\/wp-json\/wp\/v2\/types\/product"}],"replies":[{"embeddable":true,"href":"https:\/\/www.sofforsangar.se\/dk\/wp-json\/wp\/v2\/comments?post=539"}],"wp:featuredmedia":[{"embeddable":true,"href":"https:\/\/www.sofforsangar.se\/dk\/wp-json\/wp\/v2\/media\/540"}],"wp:attachment":[{"href":"https:\/\/www.sofforsangar.se\/dk\/wp-json\/wp\/v2\/media?parent=539"}],"wp:term":[{"taxonomy":"product_brand","embeddable":true,"href":"https:\/\/www.sofforsangar.se\/dk\/wp-json\/wp\/v2\/product_brand?post=539"},{"taxonomy":"product_cat","embeddable":true,"href":"https:\/\/www.sofforsangar.se\/dk\/wp-json\/wp\/v2\/product_cat?post=539"},{"taxonomy":"product_tag","embeddable":true,"href":"https:\/\/www.sofforsangar.se\/dk\/wp-json\/wp\/v2\/product_tag?post=539"}],"curies":[{"name":"wp","href":"https:\/\/api.w.org\/{rel}","templated":true}]}}