{"id":530,"date":"2022-08-30T16:14:19","date_gmt":"2022-08-30T14:14:19","guid":{"rendered":"https:\/\/www.sofforsangar.se\/?post_type=product&#038;p=530"},"modified":"2023-02-13T13:26:56","modified_gmt":"2023-02-13T11:26:56","slug":"princess-sanggavel","status":"publish","type":"product","link":"https:\/\/www.sofforsangar.se\/dk\/vare\/princess-sanggavel\/","title":{"rendered":"Princess Gavel"},"content":{"rendered":"<p>Princes er en  smuk gavel, den giver rummet et ekstra lyft. Bem\u00e6rk de fine detaljer i form af nitar.<\/p>\n<p>Leveringstid: 8-10 uger<\/p>\n<p><strong>M\u00e5l<\/strong><br \/>\nB: 180 cm<br \/>\nH: 140 cm<br \/>\nTykkelse:  12 cm<\/p>\n<p><strong>Stoffer og farver<\/strong><\/p>\n<p>Juke Bl\u00e5 velour. (pg 5)  et l\u00e6kkert kvalitets stof i bl\u00f8d velour.<\/p>\n<p>Princes findes i et v\u00e6lg af farver og materialer.<\/p>\n<p><strong>Lidt fakta:\u00a0\u00a0<\/strong><br \/>\nPrincess er fremstillet af BELLUS<br \/>\nGavlen findes i forskellige bredder.<br \/>\nFremstillet i h\u00e5nden.<br \/>\n- nitter i messing.<\/p>\n<p><strong>Vedligeholdelses r\u00e5d<\/strong><br \/>\nGavlen kommer i et kolli.<\/p>\n<p>Vi anbefaler at tilk\u00f8be vores plejeserie.\u00a0<a href=\"https:\/\/www.sofforsangar.se\/dk\/vare\/sangvard-bed-conditioner\/\">S\u00e4ngv\u00e5rdsprodukter<\/a>\u00a0for en l\u00e6nger levetid.<\/p>","protected":false},"excerpt":{"rendered":"<p>Stil<\/p>","protected":false},"featured_media":531,"comment_status":"open","ping_status":"closed","template":"","meta":{"_acf_changed":false},"product_brand":[],"product_cat":[42,50],"product_tag":[],"class_list":{"0":"post-530","1":"product","2":"type-product","3":"status-publish","4":"has-post-thumbnail","6":"product_cat-huvudkategori-sangar","7":"product_cat-sanggavlar","8":"product_shipping_class-stora-mobler","10":"first","11":"instock","12":"taxable","13":"shipping-taxable","14":"purchasable","15":"product-type-simple"},"acf":[],"_links":{"self":[{"href":"https:\/\/www.sofforsangar.se\/dk\/wp-json\/wp\/v2\/product\/530","targetHints":{"allow":["GET"]}}],"collection":[{"href":"https:\/\/www.sofforsangar.se\/dk\/wp-json\/wp\/v2\/product"}],"about":[{"href":"https:\/\/www.sofforsangar.se\/dk\/wp-json\/wp\/v2\/types\/product"}],"replies":[{"embeddable":true,"href":"https:\/\/www.sofforsangar.se\/dk\/wp-json\/wp\/v2\/comments?post=530"}],"wp:featuredmedia":[{"embeddable":true,"href":"https:\/\/www.sofforsangar.se\/dk\/wp-json\/wp\/v2\/media\/531"}],"wp:attachment":[{"href":"https:\/\/www.sofforsangar.se\/dk\/wp-json\/wp\/v2\/media?parent=530"}],"wp:term":[{"taxonomy":"product_brand","embeddable":true,"href":"https:\/\/www.sofforsangar.se\/dk\/wp-json\/wp\/v2\/product_brand?post=530"},{"taxonomy":"product_cat","embeddable":true,"href":"https:\/\/www.sofforsangar.se\/dk\/wp-json\/wp\/v2\/product_cat?post=530"},{"taxonomy":"product_tag","embeddable":true,"href":"https:\/\/www.sofforsangar.se\/dk\/wp-json\/wp\/v2\/product_tag?post=530"}],"curies":[{"name":"wp","href":"https:\/\/api.w.org\/{rel}","templated":true}]}}