{"id":523,"date":"2022-08-30T15:46:43","date_gmt":"2022-08-30T13:46:43","guid":{"rendered":"https:\/\/www.sofforsangar.se\/?post_type=product&#038;p=523"},"modified":"2023-02-13T13:26:56","modified_gmt":"2023-02-13T11:26:56","slug":"bettson-sanggavel","status":"publish","type":"product","link":"https:\/\/www.sofforsangar.se\/dk\/vare\/bettson-sanggavel\/","title":{"rendered":"Bettson Gavel"},"content":{"rendered":"<p>En sengegavel giver sovev\u00e6relset det lille ekstra.<\/p>\n<p>Leveringstid: 8-10 uger<\/p>\n<p><strong>M\u00e5l<\/strong><br \/>\nB: 180 cm<br \/>\nH: 120 cm<br \/>\nTykkelse: 7 cm<\/p>\n<p><strong>Stoffer og farver<\/strong><br \/>\nOrinoco er en  velour, som f\u00e5s i et v\u00e6ld af farver.<\/p>\n<p><strong>Lidt fakta:<\/strong><br \/>\nGavlen er fremstillet indenfor EU.\nog kan f\u00e5s i forskellige bredder: 90,1,5,120,140,160,180, 200 samt 210 cm<\/p>\n<p><strong>Vedligeholdelses r\u00e5d<\/strong><br \/>\nGavlen kommer i et kolli.<\/p>\n<p>Vi anbefaler at tilk\u00f8be vores plejeserie.\u00a0<a href=\"https:\/\/www.sofforsangar.se\/dk\/vare\/sangvard-bed-conditioner\/\">S\u00e4ngv\u00e5rdsprodukter<\/a>\u00a0for en l\u00e6nger levetid.<\/p>","protected":false},"excerpt":{"rendered":"<p>En praktisk och snygg detalj till din kontinentals\u00e4ng. Utg\u00f6r pricken \u00f6ver i:et i sovrummet. Leveranstid: 6-8 veckor M\u00e5tt Bredd: 180 cm H\u00f6jd: 120 cm Tjocklek: 7 cm Tyg\/F\u00e4rg Orinoco 23 Sand. Kvalitet 100% Polyester. Martindale 50,000. Pilling 4-5. Ljus\u00e4kthet 5. Handtv\u00e4tt. Bettson finns \u00e4ven som best\u00e4llningsvara i andra tyger &amp; f\u00e4rger. Vi har ett stort [&hellip;]<\/p>\n","protected":false},"featured_media":524,"comment_status":"open","ping_status":"closed","template":"","meta":{"_acf_changed":false},"product_brand":[],"product_cat":[42,50],"product_tag":[],"class_list":{"0":"post-523","1":"product","2":"type-product","3":"status-publish","4":"has-post-thumbnail","6":"product_cat-huvudkategori-sangar","7":"product_cat-sanggavlar","8":"product_shipping_class-stora-mobler","10":"first","11":"instock","12":"taxable","13":"shipping-taxable","14":"purchasable","15":"product-type-simple"},"acf":[],"_links":{"self":[{"href":"https:\/\/www.sofforsangar.se\/dk\/wp-json\/wp\/v2\/product\/523","targetHints":{"allow":["GET"]}}],"collection":[{"href":"https:\/\/www.sofforsangar.se\/dk\/wp-json\/wp\/v2\/product"}],"about":[{"href":"https:\/\/www.sofforsangar.se\/dk\/wp-json\/wp\/v2\/types\/product"}],"replies":[{"embeddable":true,"href":"https:\/\/www.sofforsangar.se\/dk\/wp-json\/wp\/v2\/comments?post=523"}],"wp:featuredmedia":[{"embeddable":true,"href":"https:\/\/www.sofforsangar.se\/dk\/wp-json\/wp\/v2\/media\/524"}],"wp:attachment":[{"href":"https:\/\/www.sofforsangar.se\/dk\/wp-json\/wp\/v2\/media?parent=523"}],"wp:term":[{"taxonomy":"product_brand","embeddable":true,"href":"https:\/\/www.sofforsangar.se\/dk\/wp-json\/wp\/v2\/product_brand?post=523"},{"taxonomy":"product_cat","embeddable":true,"href":"https:\/\/www.sofforsangar.se\/dk\/wp-json\/wp\/v2\/product_cat?post=523"},{"taxonomy":"product_tag","embeddable":true,"href":"https:\/\/www.sofforsangar.se\/dk\/wp-json\/wp\/v2\/product_tag?post=523"}],"curies":[{"name":"wp","href":"https:\/\/api.w.org\/{rel}","templated":true}]}}