{"id":521,"date":"2022-08-30T15:19:43","date_gmt":"2022-08-30T13:19:43","guid":{"rendered":"https:\/\/www.sofforsangar.se\/?post_type=product&#038;p=521"},"modified":"2025-05-21T22:46:41","modified_gmt":"2025-05-21T20:46:41","slug":"lazy-3-sits-djup-soffa","status":"publish","type":"product","link":"https:\/\/www.sofforsangar.se\/dk\/vare\/lazy-3-sits-djup-soffa\/","title":{"rendered":"Lazy 3 personers lounge sofa."},"content":{"rendered":"<p>Lazy er som navnet andtyder en luxi\u00f8s lounge sofa, med sine 284 cm byder Lazy p\u00e5 plads til hele familien. Med en dybde p\u00e5 120 cm er der mulighed for at krype op i sofaen og nyde en god film. Du har mulighed for at s\u00e6tte en puf til , for den ultimative lounge f\u00f8lelese.<\/p>\n<p>Leveringstid: 8-10 uger<\/p>\n<p><strong>M\u00e5l\/v\u00e6gt<br \/>\n<\/strong>L: 284 cm<br \/>\nD:120 cm<br \/>\nH: 76 cm<br \/>\nSide h\u00f8jde: 44 cm<br \/>\nSide dybde 77 cm<br \/>\nBen 6 cm<br \/>\nM\u00e5lene kan variere op til 3 cm<br \/>\nV\u00e6gt 98 kg<\/p>\n<p><strong>Materiale og farve:<\/strong><strong>:<\/strong><br \/>\nJuke Dark Grey l\u00e6kkert velour  (pris gruppe 5)\n100 % polyester\nMartindale: 100,000\nPeeling: 5\nLys\u00e6gthed: 4-5\n\nAnbefalet : kemisk rensning\n\nJuke er et super smukt velour stof, med en h\u00f8j slidstyrke.<\/p>\n<p>Lazy findes i hele Bellus Furniture favevalg.<\/p>\n<p><strong>Lidt fakta:<\/strong><br \/>\nLazy produceres af BELLUS<br \/>\nSidehynder er HR skum, med duntop.<br \/>\nRyghynder er kanalsyede poly fiber.<br \/>\nPyntepuder: Der indg\u00e5r altid 4 pyntepuder til din Lazy sofa.<br \/>\nRammen p\u00e5 sofaen er massiv tr\u00e6, og Nozag fjeder.<br \/>\nBenene er som standart 6 cm tr\u00e6, men kan ogs\u00e5 f\u00e5es i rustfrit st\u00e5l som till\u00e6g.<\/p>\n<p><strong>Vedligeholdelses r\u00e5d<\/strong><br \/>\nLazy kommer i 2 kolli, og klikkes let sammen uden brug af v\u00e6rkt\u00f8j.<\/p>\n<p>Vi anbefaler at tilk\u00f8be vores plejeserie.\u00a0<a href=\"https:\/\/www.sofforsangar.se\/dk\/vare\/textilvard-textile-clean-protect\/\">Plejeserie<\/a> for en l\u00e6nger levetid.<\/p>\n<h3>Fandt du ikke lige det du s\u00f8gte.<\/h3>\n<p>Vores butik i centrale Malm\u00f8, byder p\u00e5 masser af inspiration. Her har vi 1000 kvm med sk\u00f8nne m\u00f8bler. Ring eller mail s\u00e5 hj\u00e6lper vi dig.\n0046 40 13 99 11.<\/p>","protected":false},"excerpt":{"rendered":"<p>Lounge sofa<\/p>","protected":false},"featured_media":522,"comment_status":"open","ping_status":"closed","template":"","meta":{"_acf_changed":false},"product_brand":[],"product_cat":[31,32,33,34],"product_tag":[],"class_list":{"0":"post-521","1":"product","2":"type-product","3":"status-publish","4":"has-post-thumbnail","6":"product_cat-2-4-sitssoffa","7":"product_cat-djup-soffa","8":"product_cat-sammetssoffa","9":"product_cat-huvudkategori-soffor","10":"product_shipping_class-stora-mobler","12":"first","13":"instock","14":"taxable","15":"shipping-taxable","16":"purchasable","17":"product-type-simple"},"acf":[],"_links":{"self":[{"href":"https:\/\/www.sofforsangar.se\/dk\/wp-json\/wp\/v2\/product\/521","targetHints":{"allow":["GET"]}}],"collection":[{"href":"https:\/\/www.sofforsangar.se\/dk\/wp-json\/wp\/v2\/product"}],"about":[{"href":"https:\/\/www.sofforsangar.se\/dk\/wp-json\/wp\/v2\/types\/product"}],"replies":[{"embeddable":true,"href":"https:\/\/www.sofforsangar.se\/dk\/wp-json\/wp\/v2\/comments?post=521"}],"wp:featuredmedia":[{"embeddable":true,"href":"https:\/\/www.sofforsangar.se\/dk\/wp-json\/wp\/v2\/media\/522"}],"wp:attachment":[{"href":"https:\/\/www.sofforsangar.se\/dk\/wp-json\/wp\/v2\/media?parent=521"}],"wp:term":[{"taxonomy":"product_brand","embeddable":true,"href":"https:\/\/www.sofforsangar.se\/dk\/wp-json\/wp\/v2\/product_brand?post=521"},{"taxonomy":"product_cat","embeddable":true,"href":"https:\/\/www.sofforsangar.se\/dk\/wp-json\/wp\/v2\/product_cat?post=521"},{"taxonomy":"product_tag","embeddable":true,"href":"https:\/\/www.sofforsangar.se\/dk\/wp-json\/wp\/v2\/product_tag?post=521"}],"curies":[{"name":"wp","href":"https:\/\/api.w.org\/{rel}","templated":true}]}}