{"id":520,"date":"2022-08-30T15:11:23","date_gmt":"2022-08-30T13:11:23","guid":{"rendered":"https:\/\/www.sofforsangar.se\/?post_type=product&#038;p=520"},"modified":"2023-08-22T21:04:08","modified_gmt":"2023-08-22T19:04:08","slug":"denver-fotpall","status":"publish","type":"product","link":"https:\/\/www.sofforsangar.se\/dk\/vare\/denver-fotpall\/","title":{"rendered":"Denmark puf"},"content":{"rendered":"<p>Denmark puf kan bruges b\u00e5de til ekstra sidepladser og at l\u00e6gge f\u00f8dderne p\u00e5.<\/p>\n<p>Leveringstid: 8-10 uger<\/p>\n<p><strong>Specifikationer<\/strong><br \/>\nM\u00e5l\/v\u00e6gt<br \/>\nB: 103 cm<br \/>\nD: 70 cm<br \/>\nH: 44 cm<br \/>\nBen: 13 cm<br \/>\nM\u00e5lene kan variere op til 3 cm<br \/>\nV\u00e6gt 18 kg<\/p>\n<p><strong>Stoffer og farver<\/strong><br \/>\nRosa (prisgr. 4). Kvalitet 100% polyester.<\/p>\n<p>Denmark findes som bestillingsvare i mange farver.<\/p>\n<p><strong>Lidt fakta:<\/strong><br \/>\nDenmark er fremstillet i EU<\/p>\n<p><strong>Tips &amp; R\u00e5d<\/strong><br \/>\nVi anbefaler at andvende vores plejeserie for en l\u00e6ngere holdbarhed,<\/p>","protected":false},"excerpt":{"rendered":"<p>Denver fotpall \u00e4r ett smart tillbeh\u00f6r till soffor. Anv\u00e4ndbar att vila f\u00f6tterna p\u00e5 eller att utnyttja pallen till extra sittplatser n\u00e4r man \u00e4r m\u00e5nga. Leveranstid: 8-10 veckor. Specifikationer M\u00e5tt\/Vikt Bredd 103 cm Djup 70 cm H\u00f6jd 44 cm Benh\u00f6jd 13 cm M\u00e5tten kan variera +- 3 cm beroende p\u00e5 kombination och kl\u00e4dselmaterial. Vikt inkl emballage [&hellip;]<\/p>\n","protected":false},"featured_media":518,"comment_status":"open","ping_status":"closed","template":"","meta":{"_acf_changed":false},"product_brand":[],"product_cat":[51,34],"product_tag":[],"class_list":{"0":"post-520","1":"product","2":"type-product","3":"status-publish","4":"has-post-thumbnail","6":"product_cat-fotpallar","7":"product_cat-huvudkategori-soffor","8":"product_shipping_class-stora-mobler","10":"first","11":"instock","12":"sale","13":"taxable","14":"shipping-taxable","15":"purchasable","16":"product-type-simple"},"acf":[],"_links":{"self":[{"href":"https:\/\/www.sofforsangar.se\/dk\/wp-json\/wp\/v2\/product\/520","targetHints":{"allow":["GET"]}}],"collection":[{"href":"https:\/\/www.sofforsangar.se\/dk\/wp-json\/wp\/v2\/product"}],"about":[{"href":"https:\/\/www.sofforsangar.se\/dk\/wp-json\/wp\/v2\/types\/product"}],"replies":[{"embeddable":true,"href":"https:\/\/www.sofforsangar.se\/dk\/wp-json\/wp\/v2\/comments?post=520"}],"wp:featuredmedia":[{"embeddable":true,"href":"https:\/\/www.sofforsangar.se\/dk\/wp-json\/wp\/v2\/media\/518"}],"wp:attachment":[{"href":"https:\/\/www.sofforsangar.se\/dk\/wp-json\/wp\/v2\/media?parent=520"}],"wp:term":[{"taxonomy":"product_brand","embeddable":true,"href":"https:\/\/www.sofforsangar.se\/dk\/wp-json\/wp\/v2\/product_brand?post=520"},{"taxonomy":"product_cat","embeddable":true,"href":"https:\/\/www.sofforsangar.se\/dk\/wp-json\/wp\/v2\/product_cat?post=520"},{"taxonomy":"product_tag","embeddable":true,"href":"https:\/\/www.sofforsangar.se\/dk\/wp-json\/wp\/v2\/product_tag?post=520"}],"curies":[{"name":"wp","href":"https:\/\/api.w.org\/{rel}","templated":true}]}}