{"id":514,"date":"2022-08-30T14:55:02","date_gmt":"2022-08-30T12:55:02","guid":{"rendered":"https:\/\/www.sofforsangar.se\/?post_type=product&#038;p=514"},"modified":"2023-08-22T21:02:53","modified_gmt":"2023-08-22T19:02:53","slug":"denver-3-sits-soffa","status":"publish","type":"product","link":"https:\/\/www.sofforsangar.se\/dk\/vare\/denver-3-sits-soffa\/","title":{"rendered":"Denmark 3 personers XL"},"content":{"rendered":"<p>Denmark er ekstrem dyb sofa, som b\u00e5de er sk\u00f8n og trendig.<\/p>\n<p>Leveringstid: 8-10 uger<\/p>\n<h3>Specifikationer<\/h3>\n<p><strong>M\u00e5l<br \/>\n<\/strong>L: 230 cm<br \/>\nD: 117 cm<br \/>\nH; 87 cm<br \/>\nSide bredde 206 cm<br \/>\nSide h\u00f8jde: 44 cm<br \/>\nSide dybde 85 cm<br \/>\nBen: 13 cm<br \/>\nM\u00e5lene kan variere op til 3 cm<\/p>\n<p><strong>Materiale og farve:<\/strong><strong>:<\/strong><br \/>\nRose Kvalitet 100% polyester.<\/p>\n<p>Denmark findes som bestillingsvare i mange farver.<\/p>\n<p><strong>Lidt fakta:<\/strong><br \/>\nDenmark er fremstilliet i EU<br \/>\n-Aftagelige betr\u00e6k.<br \/>\nBen 13 cm h\u00f8je<br \/>\n-6 dekorations puder indg\u00e5r, for \u00f8get siddekomfort.<\/p>\n<p><strong>Vedligeholdelses r\u00e5d<br \/>\n<\/strong>Vi anbefaler at tilk\u00f8be vores plejeserie.\u00a0<a href=\"https:\/\/www.sofforsangar.se\/dk\/vare\/textilvard-textile-clean-protect\/\">Plejeserie<\/a>\u00a0for en l\u00e6nger levetid.<\/p>\n<p><strong>Fandt du ikke lige det du s\u00f8gte.<\/strong><br \/>\nVores butik i centrale Malm\u00f8, byder p\u00e5 masser af inspiration. Her har vi 1000 kvm med sk\u00f8nne m\u00f8bler. Ring eller mail s\u00e5 hj\u00e6lper vi dig.\n0046 40 13 99 11.<\/p>","protected":false},"excerpt":{"rendered":"<p>Dyb sofa<\/p>","protected":false},"featured_media":519,"comment_status":"open","ping_status":"closed","template":"","meta":{"_acf_changed":false},"product_brand":[],"product_cat":[31,32,34],"product_tag":[],"class_list":{"0":"post-514","1":"product","2":"type-product","3":"status-publish","4":"has-post-thumbnail","6":"product_cat-2-4-sitssoffa","7":"product_cat-djup-soffa","8":"product_cat-huvudkategori-soffor","9":"product_shipping_class-stora-mobler","11":"first","12":"instock","13":"sale","14":"taxable","15":"shipping-taxable","16":"purchasable","17":"product-type-simple"},"acf":[],"_links":{"self":[{"href":"https:\/\/www.sofforsangar.se\/dk\/wp-json\/wp\/v2\/product\/514","targetHints":{"allow":["GET"]}}],"collection":[{"href":"https:\/\/www.sofforsangar.se\/dk\/wp-json\/wp\/v2\/product"}],"about":[{"href":"https:\/\/www.sofforsangar.se\/dk\/wp-json\/wp\/v2\/types\/product"}],"replies":[{"embeddable":true,"href":"https:\/\/www.sofforsangar.se\/dk\/wp-json\/wp\/v2\/comments?post=514"}],"wp:featuredmedia":[{"embeddable":true,"href":"https:\/\/www.sofforsangar.se\/dk\/wp-json\/wp\/v2\/media\/519"}],"wp:attachment":[{"href":"https:\/\/www.sofforsangar.se\/dk\/wp-json\/wp\/v2\/media?parent=514"}],"wp:term":[{"taxonomy":"product_brand","embeddable":true,"href":"https:\/\/www.sofforsangar.se\/dk\/wp-json\/wp\/v2\/product_brand?post=514"},{"taxonomy":"product_cat","embeddable":true,"href":"https:\/\/www.sofforsangar.se\/dk\/wp-json\/wp\/v2\/product_cat?post=514"},{"taxonomy":"product_tag","embeddable":true,"href":"https:\/\/www.sofforsangar.se\/dk\/wp-json\/wp\/v2\/product_tag?post=514"}],"curies":[{"name":"wp","href":"https:\/\/api.w.org\/{rel}","templated":true}]}}