{"id":499,"date":"2022-08-29T17:52:39","date_gmt":"2022-08-29T15:52:39","guid":{"rendered":"https:\/\/www.sofforsangar.se\/?post_type=product&#038;p=499"},"modified":"2023-04-04T00:41:25","modified_gmt":"2023-04-03T22:41:25","slug":"coffee-hornsoffa-ma","status":"publish","type":"product","link":"https:\/\/www.sofforsangar.se\/dk\/vare\/coffee-hornsoffa-ma\/","title":{"rendered":"Coffee hj\u00f8rnesofa."},"content":{"rendered":"<p>Coffee modellen er stilren med en fantastisk side komfort. De h\u00f8je ben giver sofaen et let udtryk. Og de ekstra ryg puder der f\u00f8ljer med, st\u00f8tter din l\u00e6nd perfekt.\nSofaen best\u00e5r af posefjeder og memory foam, og giver f\u00f8lelsen fra din seng, i din sofa.<\/p>\n<p>Leveringstid: 8-10 uger<\/p>\n<p><strong>M\u00e5l\/v\u00e6gt<br \/>\n<\/strong>L\u00e4ngd 301 cm<br \/>\nD: 104 cm<br \/>\nH:  90 cm<br \/>\nHvilemodul: 235 cm<br \/>\nSide h\u00f8jde: 48 cm<br \/>\nSide dybde: 61 cm<br \/>\nBen: 17 cm metal<br \/>\nM\u00e5lene kan variere op til 3 cm<br \/>\nV\u00e6gt 155 kg<\/p>\n<p><strong>Materiale og farve:<\/strong><strong>:<\/strong><br \/>\nJuke Vinter hvid  l\u00e6kkert velour  (pris gruppe 5)\n100 % polyester\nMartindale: 100,000\nPeeling: 5\nLys\u00e6gthed: 4-5\n\nAnbefalet : kemisk rensning\n\nJuke er et super smukt velour stof, med en h\u00f8j slidstyrke.<\/p>\n<p>Coffee findes i et v\u00e6ld af farver og kombinationer.<\/p>\n<p><strong>Lidt fakta:<\/strong><br \/>\nProduceres af Bellus.<br \/>\nS\u00e6de hynder er aftagbare. <strong>5\u00a0\u00e5rs garanti<\/strong>\u00a0Cloud pocket<br \/>\nRyg: Siikonisereret fiber.<br \/>\nRammen p\u00e5 sofaen er massiv tr\u00e6, og Nozag fjeder.<br \/>\nBen i 17 cm metal.<br \/>\nDer indg\u00e5r 3 stks dekorations puder.<br \/>\nBen 17 cm<\/p>\n<p><img decoding=\"async\" src=\"https:\/\/cdn.starwebserver.se\/shops\/lasoffor\/files\/cache\/cloud-system-logga_tiny.jpg?_=1613393581\" \/>\u200b<\/p>\n<p><strong>Vedligeholdelses r\u00e5d<\/strong><br \/>\nCoffee sofa leveres i 3 kolli, delene monteres let uden brug af v\u00e6rkt\u00f8j.<\/p>\n<p>Vi anbefaler at tilk\u00f8be vores plejeserie.\u00a0<a href=\"https:\/\/www.sofforsangar.se\/dk\/vare\/textilvard-textile-clean-protect\/\">Plejeserie<\/a> for en l\u00e6nger levetid.<\/p>\n<h3>Fandt du ikke lige det du s\u00f8gte.<\/h3>\n<p>Vores butik i centrale Malm\u00f8, byder p\u00e5 masser af inspiration. Her har vi 1000 kvm med sk\u00f8nne m\u00f8bler. Ring eller mail s\u00e5 hj\u00e6lper vi dig.\n0046 40 13 99 11.<\/p>","protected":false},"excerpt":{"rendered":"<p>Coffee \u00f6ppet avslut Maxi \u00e4r stilren och lyxig till utseendet med\u00a0h\u00f6gre ben som ger soffan en \u00f6ppenhet.\u00a0Svankkuddar f\u00f6ljer med k\u00f6pet och bidrar till extra komfort. Sitsarna har\u00a0pocketfj\u00e4drar och memoryfoam\u00a0och bidrar till\u00a0att sittkomforten \u00e4r riktigt mjuk och komfortabel. Coffee \u00e4r idealsoffan f\u00f6r dig som vill ha\u00a0en h\u00e4rlig mix av komfort och design i din soffa. Leveranstid: [&hellip;]<\/p>\n","protected":false},"featured_media":502,"comment_status":"open","ping_status":"closed","template":"","meta":{"_acf_changed":false},"product_brand":[],"product_cat":[35,43,33,34],"product_tag":[],"class_list":{"0":"post-499","1":"product","2":"type-product","3":"status-publish","4":"has-post-thumbnail","6":"product_cat-divan-schaslongsoffa","7":"product_cat-hornsoffa","8":"product_cat-sammetssoffa","9":"product_cat-huvudkategori-soffor","10":"product_shipping_class-stora-mobler","12":"first","13":"instock","14":"taxable","15":"shipping-taxable","16":"purchasable","17":"product-type-variable","18":"has-default-attributes"},"acf":[],"_links":{"self":[{"href":"https:\/\/www.sofforsangar.se\/dk\/wp-json\/wp\/v2\/product\/499","targetHints":{"allow":["GET"]}}],"collection":[{"href":"https:\/\/www.sofforsangar.se\/dk\/wp-json\/wp\/v2\/product"}],"about":[{"href":"https:\/\/www.sofforsangar.se\/dk\/wp-json\/wp\/v2\/types\/product"}],"replies":[{"embeddable":true,"href":"https:\/\/www.sofforsangar.se\/dk\/wp-json\/wp\/v2\/comments?post=499"}],"wp:featuredmedia":[{"embeddable":true,"href":"https:\/\/www.sofforsangar.se\/dk\/wp-json\/wp\/v2\/media\/502"}],"wp:attachment":[{"href":"https:\/\/www.sofforsangar.se\/dk\/wp-json\/wp\/v2\/media?parent=499"}],"wp:term":[{"taxonomy":"product_brand","embeddable":true,"href":"https:\/\/www.sofforsangar.se\/dk\/wp-json\/wp\/v2\/product_brand?post=499"},{"taxonomy":"product_cat","embeddable":true,"href":"https:\/\/www.sofforsangar.se\/dk\/wp-json\/wp\/v2\/product_cat?post=499"},{"taxonomy":"product_tag","embeddable":true,"href":"https:\/\/www.sofforsangar.se\/dk\/wp-json\/wp\/v2\/product_tag?post=499"}],"curies":[{"name":"wp","href":"https:\/\/api.w.org\/{rel}","templated":true}]}}