{"id":498,"date":"2022-08-29T15:13:35","date_gmt":"2022-08-29T13:13:35","guid":{"rendered":"https:\/\/www.sofforsangar.se\/?post_type=product&#038;p=498"},"modified":"2024-05-05T14:52:12","modified_gmt":"2024-05-05T12:52:12","slug":"portland-35-sits-soffa","status":"publish","type":"product","link":"https:\/\/www.sofforsangar.se\/dk\/vare\/portland-35-sits-soffa\/","title":{"rendered":"Portland 3,5 personers."},"content":{"rendered":"<p>Portland har det lille ekstra, passer i fleste hjem. Den er dyb og har masser af l\u00f8se puder, s\u00e5 det er ikke sv\u00e6rt at finde sin farvorit plads. Vores kunder bestiller den ofte i velour , men vi har mange andre muligheder for betr\u00e6k.<\/p>\n<p>Leveringstid: 8-10 uger<\/p>\n<p><strong>M\u00e5l<br \/>\n<\/strong>L: 268 cm<br \/>\nD: 103 cm<br \/>\nH: 76 cm<br \/>\nSide h\u00f8jde: 45 cm<br \/>\nSide dybde: 65 cm<br \/>\nBen: 8 cm<br \/>\nM\u00e5lene kan variere op til 3 cm<\/p>\n<p><strong>Materiale og farve:<\/strong><strong>:<\/strong><br \/>\nRiviere er et velour betr\u00e6k (pris gr 1)\nMartindale: 100 000\nPilling: 4-5\nAnbefaler: Kemisk rensning<\/p>\n<p><strong>Lidt fakta:<br \/>\n<\/strong>Side hynderner er i koldskum, og aftagbart betr\u00e6k.<br \/>\nRyghynderne er et mix af skum og fiberfill, ogs\u00e5 aftag bara.<br \/>\nRammen: Tr\u00e6, sp\u00e5nplade.<br \/>\nBen: M\u00f8rk tr\u00e6<br \/>\n2 mindre dekorations puder indg\u00e5r i samme stof.<br \/>\nSofaen kommer i 2 kolli, og s\u00e6ttes let sammen uden brug af v\u00e6rkt\u00f8j.<\/p>\n<p><strong>Vedligeholdelses r\u00e5d<\/strong><br \/>\nVi anbefaler at andvende vores plejeserie for en l\u00e6ngere holdbarhed,<\/p>\n<h3>Fandt du ikke lige det du s\u00f8gte.<\/h3>\n<p>Vores butik i centrale Malm\u00f8, byder p\u00e5 masser af inspiration. Her har vi 1000 kvm med sk\u00f8nne m\u00f8bler. Ring eller mail s\u00e5 hj\u00e6lper vi dig.\n0046 40 13 99 11.<\/p>","protected":false},"excerpt":{"rendered":"<p>Dyb med masser af puder.<\/p>","protected":false},"featured_media":494,"comment_status":"open","ping_status":"closed","template":"","meta":{"_acf_changed":false},"product_brand":[],"product_cat":[31,32,33,34],"product_tag":[],"class_list":{"0":"post-498","1":"product","2":"type-product","3":"status-publish","4":"has-post-thumbnail","6":"product_cat-2-4-sitssoffa","7":"product_cat-djup-soffa","8":"product_cat-sammetssoffa","9":"product_cat-huvudkategori-soffor","10":"product_shipping_class-stora-mobler","12":"first","13":"onbackorder","14":"taxable","15":"shipping-taxable","16":"purchasable","17":"product-type-simple"},"acf":[],"_links":{"self":[{"href":"https:\/\/www.sofforsangar.se\/dk\/wp-json\/wp\/v2\/product\/498","targetHints":{"allow":["GET"]}}],"collection":[{"href":"https:\/\/www.sofforsangar.se\/dk\/wp-json\/wp\/v2\/product"}],"about":[{"href":"https:\/\/www.sofforsangar.se\/dk\/wp-json\/wp\/v2\/types\/product"}],"replies":[{"embeddable":true,"href":"https:\/\/www.sofforsangar.se\/dk\/wp-json\/wp\/v2\/comments?post=498"}],"wp:featuredmedia":[{"embeddable":true,"href":"https:\/\/www.sofforsangar.se\/dk\/wp-json\/wp\/v2\/media\/494"}],"wp:attachment":[{"href":"https:\/\/www.sofforsangar.se\/dk\/wp-json\/wp\/v2\/media?parent=498"}],"wp:term":[{"taxonomy":"product_brand","embeddable":true,"href":"https:\/\/www.sofforsangar.se\/dk\/wp-json\/wp\/v2\/product_brand?post=498"},{"taxonomy":"product_cat","embeddable":true,"href":"https:\/\/www.sofforsangar.se\/dk\/wp-json\/wp\/v2\/product_cat?post=498"},{"taxonomy":"product_tag","embeddable":true,"href":"https:\/\/www.sofforsangar.se\/dk\/wp-json\/wp\/v2\/product_tag?post=498"}],"curies":[{"name":"wp","href":"https:\/\/api.w.org\/{rel}","templated":true}]}}