{"id":486,"date":"2022-08-29T15:06:15","date_gmt":"2022-08-29T13:06:15","guid":{"rendered":"https:\/\/www.sofforsangar.se\/?post_type=product&#038;p=486"},"modified":"2024-08-01T11:08:58","modified_gmt":"2024-08-01T09:08:58","slug":"portland-fotpall","status":"publish","type":"product","link":"https:\/\/www.sofforsangar.se\/dk\/vare\/portland-fotpall\/","title":{"rendered":"Portland Puf"},"content":{"rendered":"<p>Puffen er perfekt til at hvile f\u00f8dderne p\u00e5 efter en lang dag, og skulle du beh\u00f8ve en ekstra sideplads, er denne puf lige ved h\u00e5nden,<\/p>\n<p>Leveringstid: 8-10 uger<\/p>\n<p><strong>M\u00e5l<br \/>\n<\/strong>M\u00e5l: 80x60 cm<br \/>\nH: 44 cm<br \/>\nBen: 8 cm<br \/>\nM\u00e5lene kan variere op til 3 cm<\/p>\n<p><strong>Materiale og farve:<\/strong><strong>:<br \/>\n<\/strong>Riviere er et velour betr\u00e6k (pris gr 1)\nMartindale: 100 000\nPilling: 4-5\nAnbefaler: Kemisk rensning<\/p>\n<p><strong>Lidt fakta:<br \/>\n<\/strong>Hynden er fremstilliet i 35 kg koldskum, og er betr\u00e6kket er aftagbar.<br \/>\nBen: M\u00f8rk tr\u00e6<br \/>\n&#8211; Kommer i 1 st kolli + ben. Ben ska monteras p\u00e5.<\/p>\n<p><strong>Tips &amp; R\u00e5d<\/strong><br \/>\nVi anbefaler at andvende vores plejeserie for en l\u00e6ngere holdbarhed,<\/p>","protected":false},"excerpt":{"rendered":"<p>Velour<\/p>","protected":false},"featured_media":487,"comment_status":"open","ping_status":"closed","template":"","meta":{"_acf_changed":false},"product_brand":[],"product_cat":[51,34],"product_tag":[],"class_list":{"0":"post-486","1":"product","2":"type-product","3":"status-publish","4":"has-post-thumbnail","6":"product_cat-fotpallar","7":"product_cat-huvudkategori-soffor","8":"product_shipping_class-stora-mobler","10":"first","11":"onbackorder","12":"taxable","13":"shipping-taxable","14":"purchasable","15":"product-type-simple"},"acf":[],"_links":{"self":[{"href":"https:\/\/www.sofforsangar.se\/dk\/wp-json\/wp\/v2\/product\/486","targetHints":{"allow":["GET"]}}],"collection":[{"href":"https:\/\/www.sofforsangar.se\/dk\/wp-json\/wp\/v2\/product"}],"about":[{"href":"https:\/\/www.sofforsangar.se\/dk\/wp-json\/wp\/v2\/types\/product"}],"replies":[{"embeddable":true,"href":"https:\/\/www.sofforsangar.se\/dk\/wp-json\/wp\/v2\/comments?post=486"}],"wp:featuredmedia":[{"embeddable":true,"href":"https:\/\/www.sofforsangar.se\/dk\/wp-json\/wp\/v2\/media\/487"}],"wp:attachment":[{"href":"https:\/\/www.sofforsangar.se\/dk\/wp-json\/wp\/v2\/media?parent=486"}],"wp:term":[{"taxonomy":"product_brand","embeddable":true,"href":"https:\/\/www.sofforsangar.se\/dk\/wp-json\/wp\/v2\/product_brand?post=486"},{"taxonomy":"product_cat","embeddable":true,"href":"https:\/\/www.sofforsangar.se\/dk\/wp-json\/wp\/v2\/product_cat?post=486"},{"taxonomy":"product_tag","embeddable":true,"href":"https:\/\/www.sofforsangar.se\/dk\/wp-json\/wp\/v2\/product_tag?post=486"}],"curies":[{"name":"wp","href":"https:\/\/api.w.org\/{rel}","templated":true}]}}