{"id":483,"date":"2022-08-29T14:56:55","date_gmt":"2022-08-29T12:56:55","guid":{"rendered":"https:\/\/www.sofforsangar.se\/?post_type=product&#038;p=483"},"modified":"2025-05-21T23:37:47","modified_gmt":"2025-05-21T21:37:47","slug":"mode-fotpall","status":"publish","type":"product","link":"https:\/\/www.sofforsangar.se\/dk\/vare\/mode-fotpall\/","title":{"rendered":"Mode Puf"},"content":{"rendered":"<p>MODE er det lille ekstra, som er med til at fuldende din indretning. Denne store puf er ekstrem dekorativ, og har mange anvendelses muligheder.\nVi kan bla. anbefale at bruge den som sofabord eller som en ekstra sideplads. Eller ganske enkel at l\u00e6gge benene op p\u00e5 efter en lang dag.\nAt stoffet er flettet, g\u00f8r den ekstra attraktiv i velour, hvor stoffet changere.<\/p>\n<p>Leveringstid: 8-10 uger<\/p>\n<p><strong>M\u00e5l<br \/>\n<\/strong>85 x 85 cm<br \/>\nH: 40 cm<br \/>\nM\u00e5lene kan variere op til 3 cm<br \/>\n<strong><br \/>\nMateriale og farve:<\/strong><strong>:<br \/>\n<\/strong>Adore er en h\u00f8j kvalitet velour.<\/p>\n<p>Findes i hele Bellus Furniture farve program.<\/p>\n<p><strong>Lidt fakta:<br \/>\n<\/strong>Produceres af Bellus.<br \/>\n30 kg Koldskum<br \/>\nMassiv tr\u00e6 konstruktion.<\/p>\n<p><strong>Vedligeholdelses r\u00e5d<\/strong><br \/>\nKommer i 1 kolli monteret og klar.<\/p>\n<p>Vi anbefaler at andvende vores plejeserie for en l\u00e6ngere holdbarhed,<\/p>\n<h3>Fandt du ikke lige det du s\u00f8gte.<\/h3>\n<p>Vores butik i centrale Malm\u00f8, byder p\u00e5 masser af inspiration. Her har vi 1000 kvm med sk\u00f8nne m\u00f8bler. Ring eller mail s\u00e5 hj\u00e6lper vi dig.\n0046 40 13 99 11.<\/p>","protected":false},"excerpt":{"rendered":"<p>Sk\u00f8n velour<\/p>","protected":false},"featured_media":484,"comment_status":"open","ping_status":"closed","template":"","meta":{"_acf_changed":false},"product_brand":[],"product_cat":[51,34],"product_tag":[],"class_list":{"0":"post-483","1":"product","2":"type-product","3":"status-publish","4":"has-post-thumbnail","6":"product_cat-fotpallar","7":"product_cat-huvudkategori-soffor","8":"product_shipping_class-stora-mobler","10":"first","11":"instock","12":"taxable","13":"shipping-taxable","14":"purchasable","15":"product-type-simple"},"acf":[],"_links":{"self":[{"href":"https:\/\/www.sofforsangar.se\/dk\/wp-json\/wp\/v2\/product\/483","targetHints":{"allow":["GET"]}}],"collection":[{"href":"https:\/\/www.sofforsangar.se\/dk\/wp-json\/wp\/v2\/product"}],"about":[{"href":"https:\/\/www.sofforsangar.se\/dk\/wp-json\/wp\/v2\/types\/product"}],"replies":[{"embeddable":true,"href":"https:\/\/www.sofforsangar.se\/dk\/wp-json\/wp\/v2\/comments?post=483"}],"wp:featuredmedia":[{"embeddable":true,"href":"https:\/\/www.sofforsangar.se\/dk\/wp-json\/wp\/v2\/media\/484"}],"wp:attachment":[{"href":"https:\/\/www.sofforsangar.se\/dk\/wp-json\/wp\/v2\/media?parent=483"}],"wp:term":[{"taxonomy":"product_brand","embeddable":true,"href":"https:\/\/www.sofforsangar.se\/dk\/wp-json\/wp\/v2\/product_brand?post=483"},{"taxonomy":"product_cat","embeddable":true,"href":"https:\/\/www.sofforsangar.se\/dk\/wp-json\/wp\/v2\/product_cat?post=483"},{"taxonomy":"product_tag","embeddable":true,"href":"https:\/\/www.sofforsangar.se\/dk\/wp-json\/wp\/v2\/product_tag?post=483"}],"curies":[{"name":"wp","href":"https:\/\/api.w.org\/{rel}","templated":true}]}}