{"id":4778,"date":"2024-09-19T15:51:49","date_gmt":"2024-09-19T13:51:49","guid":{"rendered":"https:\/\/www.sofforsangar.se\/?post_type=product&#038;p=4778"},"modified":"2026-02-17T14:37:36","modified_gmt":"2026-02-17T12:37:36","slug":"elizabeth-kontinentalsang-inkl-sanggavel","status":"publish","type":"product","link":"https:\/\/www.sofforsangar.se\/dk\/vare\/elizabeth-kontinentalsang-inkl-sanggavel\/","title":{"rendered":"Elizabeth Kontinentals\u00e4ng inkl s\u00e4nggavel"},"content":{"rendered":"<h2>Elizabeth Kontinentals\u00e4ng &#8211; Lyxig komfort och en fastare s\u00e4ng<\/h2>\n<p>Lidt ekstra luksus i verdagen med, <strong>Elizabeth Kontinentals\u00e4ng<\/strong> en luxus seng som kombineret med modernet teknik og et tidsl\u00f6st design. <strong>dobbelt fjedersystem<\/strong> giver Elisabeth sengen uovertruffet sovekomfort og stabilitet. Den faste komfort er for dig som syntes om fast seng, med en stottende kerne.<\/p>\n<h3>Ekstra af alt.<\/h3>\n<p>Den midterste madrass. <strong>Elizabeth Kontinentals\u00e4ng<\/strong> har en <strong>vendbar dobblet posefjeder.<\/strong>Dette indeb\u00e4r at sengen ikke bare tilpasser sig, efter din krop med giver en god st\u00f6tte.\nDen nederste kerne best\u00e5r af en fastere lag fjedre.\nDenne kombination giver sengen en optimal vagtfordeling, og dermed en bedre sovn oplevelse.<\/p>\n<h3>Komfort<\/h3>\n<p>Elizabeth kan v\u00e4ljas i tre fastheter:<\/p>\n<ul>\n<li><strong>Medium<\/strong> for en blodere komfort.<\/li>\n<li><strong>Medium Fast<\/strong> Da du og din partner sj\u00e6ldent har brug for samme fasthed, findes der mulighed for at bestille sengen med 2 madras kerner.<\/li>\n<li><strong>Fast<\/strong> for dig som onsker en mere fast komfort.<\/li>\n<\/ul>\n<p>Onsker du en fastere seng, er der mulighed for at vende mellem madrassen, vilket g\u00f6r sengen fastere. Smart ikke.<\/p>\n<h3>Skon varmeregulerende topmadras.<\/h3>\n<p>Topmadrassen har <strong>latex kerne<\/strong> som giver den perfekte stabilitet over tid, og giver dig en folelse av luksus, nat efter nat.\nFor at kunne give dig den optimale sovetemperatur er madrassen sv\u00f6bt i <strong>uld p\u00e5 den ene side og bomuld p\u00e5 den anden side.<\/strong> S\u00e5 du har en vinter og en sommer side.<\/p>\n<h3>Elegant design i din ynglingsfarve.<\/h3>\n<p>Her p\u00e5 siden kan du v\u00e4lje sengen i vores 4 polulareste farver.<\/p>\n<ul>\n<li><strong>Sand<\/strong><\/li>\n<li><strong>Lysegr\u00e5<\/strong><\/li>\n<li><strong>Beige Velour<\/strong><\/li>\n<li><strong>Gr\u00e5 Velour<\/strong><\/li>\n<\/ul>\n<p>Dessa f\u00e4rger ger en klassisk och stilren look som passar i alla sovrum. F\u00f6r den som \u00f6nskar n\u00e5got helt unikt erbjuder vi ett <strong>n\u00e4stan obegr\u00e4nsat f\u00e4rgurval i butik<\/strong> d\u00e4r vi hj\u00e4lper dig att skr\u00e4ddarsy s\u00e4ngen efter dina specifika \u00f6nskem\u00e5l.<\/p>\n<h4><strong>Perfekt Kombination av Stil, Komfort och Funktion<\/strong><\/h4>\n<p>Elizabeth kontinentals\u00e4ng erbjuder inte bara en lyxig sovupplevelse, utan \u00e4r \u00e4ven byggd f\u00f6r att h\u00e5lla \u00f6ver tid. Kombinationen av <strong>dubbla pocketres\u00e5rer<\/strong>, anpassningsbar fasthet och v\u00e5r b\u00e4sts\u00e4ljande latexmadrass g\u00f6r den till ett utm\u00e4rkt val f\u00f6r dig som v\u00e4rderar kvalitet, h\u00e5llbarhet och design. Med Elizabeth f\u00e5r du en s\u00e4ng som b\u00e5de ser fantastisk ut och som kommer ge dig o\u00f6vertr\u00e4ffad sovkomfort i m\u00e5nga \u00e5r fram\u00f6ver.<\/p>\n<h3>Vi \u00f8nsker at give dig som kunde flere muligheder.<\/h3>\n<p>Hos os kan du altid v\u00e6lge om du bare vil k\u00f8be en seng, eller du vil k\u00f8be en pakke med en matchende sengegavel. Vi tilbyder ogs\u00e5 et st\u00f8rre udvalg af ben. I b\u00e5de tr\u00e6 og metal.<br \/>\nDu kan g\u00f8re dine valg og l\u00e6gge i varekurven.<\/p>\n<h4>Leveranstid p\u00e5 Elizabeth Kontinentals\u00e4ng<\/h4>\n<p>Har vi ikke din dr\u00f8mmeseng p\u00e5 lager, har vi en forventet leveringstid p\u00e5 6-8 uger.<\/p>\n<h3>Specifikationer f\u00f6r Elizabeth Kontinentals\u00e4ng<\/h3>\n<h4>M\u00e5l<\/h4>\n<p>L\u00e6ngde:  200 eller 210 cm<br \/>\nHvilken st\u00f8rrelse passer dig.\n90,1,5,120,140.160,180,200  eller 210x210<br \/>\nH\u00f8jde: 74 cm<br \/>\nTopmadras: 10 cm<\/p>\n<h4>Betr\u00e6k og Farver.<\/h4>\n<ul>\n<li>Linea 01 Sand.<br \/>\nKvalitet 100% polyester.<br \/>\nMartindale 50,000.<br \/>\nPilling 4.<br \/>\nLysf\u00f8lsomhed: 4<br \/>\nVaskes i h\u00e5nden.<\/li>\n<\/ul>\n<h3>Tips &amp; r\u00e5d<\/h3>\n<p>Sengen kommer i 7 kolli + ben, let at montere uden brug af v\u00e6rkt\u00f8j.<\/p>\n<p>Vi anbefaler at tilk\u00f8be vores plejeserie. <a href=\"https:\/\/www.sofforsangar.se\/dk\/vare\/sangvard-bed-conditioner\/\"><strong>Plejeserie<\/strong><\/a> for en l\u00e6nger levetid.<\/p>\n<h3>Fandt du ikke lige det du s\u00f8gte.<\/h3>\n<p>Vores butik i centrale Malm\u00f8, byder p\u00e5 masser af inspiration. Her har vi 1000 kvm med sk\u00f8nne m\u00f8bler. Ring eller mail s\u00e5 hj\u00e6lper vi dig.\n0046 40 13 99 11.<\/p>","protected":false},"excerpt":{"rendered":"<p><strong>Elizabeth kontinentals\u00e4ng<\/strong> Er du p\u00e5 jagt efter en sk\u00f8n seng, som kombinere b\u00e5de komort og luxus. Topmadrassen er \u00e5ndbar samt g\u00e5r at vende.\nV\u00e6lg mellem 4 elegante farver.\n- Sand\n-Lysgr\u00e5\n-Beige\n-Gr\u00e5 velour<\/p>","protected":false},"featured_media":7907,"comment_status":"open","ping_status":"closed","template":"","meta":{"_acf_changed":false},"product_brand":[],"product_cat":[38,39,40,41,42],"product_tag":[],"class_list":{"0":"post-4778","1":"product","2":"type-product","3":"status-publish","4":"has-post-thumbnail","6":"product_cat-extra-bred-sang","7":"product_cat-extra-lang-sang","8":"product_cat-komplett-sangpaket","9":"product_cat-kontinentalsang","10":"product_cat-huvudkategori-sangar","11":"product_shipping_class-stora-mobler","13":"first","14":"onbackorder","15":"taxable","16":"shipping-taxable","17":"purchasable","18":"product-type-variable","19":"has-default-attributes"},"acf":[],"_links":{"self":[{"href":"https:\/\/www.sofforsangar.se\/dk\/wp-json\/wp\/v2\/product\/4778","targetHints":{"allow":["GET"]}}],"collection":[{"href":"https:\/\/www.sofforsangar.se\/dk\/wp-json\/wp\/v2\/product"}],"about":[{"href":"https:\/\/www.sofforsangar.se\/dk\/wp-json\/wp\/v2\/types\/product"}],"replies":[{"embeddable":true,"href":"https:\/\/www.sofforsangar.se\/dk\/wp-json\/wp\/v2\/comments?post=4778"}],"wp:featuredmedia":[{"embeddable":true,"href":"https:\/\/www.sofforsangar.se\/dk\/wp-json\/wp\/v2\/media\/7907"}],"wp:attachment":[{"href":"https:\/\/www.sofforsangar.se\/dk\/wp-json\/wp\/v2\/media?parent=4778"}],"wp:term":[{"taxonomy":"product_brand","embeddable":true,"href":"https:\/\/www.sofforsangar.se\/dk\/wp-json\/wp\/v2\/product_brand?post=4778"},{"taxonomy":"product_cat","embeddable":true,"href":"https:\/\/www.sofforsangar.se\/dk\/wp-json\/wp\/v2\/product_cat?post=4778"},{"taxonomy":"product_tag","embeddable":true,"href":"https:\/\/www.sofforsangar.se\/dk\/wp-json\/wp\/v2\/product_tag?post=4778"}],"curies":[{"name":"wp","href":"https:\/\/api.w.org\/{rel}","templated":true}]}}