{"id":464,"date":"2022-08-29T14:14:40","date_gmt":"2022-08-29T12:14:40","guid":{"rendered":"https:\/\/www.sofforsangar.se\/?post_type=product&#038;p=464"},"modified":"2025-05-21T23:55:50","modified_gmt":"2025-05-21T21:55:50","slug":"style-hornsoffa-med-divan","status":"publish","type":"product","link":"https:\/\/www.sofforsangar.se\/dk\/vare\/style-hornsoffa-med-divan\/","title":{"rendered":"Style hj\u00f8rnesofa"},"content":{"rendered":"<h2>H\u00f6rnsoffan Style &#8211; D\u00e4r stil m\u00f6ter komfort!<\/h2>\n<p>Style \u00e4r en av v\u00e5ra flaggskeppsmodeller d\u00e4r stil m\u00f6ter komfort. Modellen \u00e4r modern med fransk l\u00e4pps\u00f6m och slimmad soffram. Underbar sittkomfort d\u00e4r man kan sitta l\u00e4nge och njuta.<\/p>\n<p>Leveranstid: 8-10 veckor<\/p>\n<h3>Specifikationer f\u00f6r Style h\u00f6rnsoffa<\/h3>\n<h4>M\u00e5tt\/Vikt<\/h4>\n<p>324 x 384 cm (384 cm p\u00e5 divandelen)<br \/>\nDjup 100 cm<br \/>\nH\u00f6jd 93 cm<br \/>\nDjup divan\u00a0160 cm<br \/>\nSitth\u00f6jd 45 cm<br \/>\nSittdjup 45 cm inkl svankkudde, 60 cm exkl svankkudde<br \/>\nBenh\u00f6jd 17 cm<br \/>\nM\u00e5tten kan variera +- 3 cm beroende p\u00e5 kombination och kl\u00e4dselmaterial.<br \/>\nTotalvikt inkl emballage 210 kg<\/p>\n<h4>Tyg\/F\u00e4rg<\/h4>\n<p>Diego Light Blue (prisgr. 4).\u00a0Kvalitet 100% polyester. Martindale 80,000.\u00a0Pilling 4-5.\u00a0Ljus\u00e4kthet 5. Tv\u00e4ttr\u00e5d\u00a030\u00b0C.<\/p>\n<p>Style finns som best\u00e4llningsvara i andra tyger &amp; f\u00e4rger samt \u00e4ven i skinn\/l\u00e4der. Klicka p\u00e5 Tyg- och f\u00e4rgl\u00e4nken f\u00f6r att best\u00e4lla Gratis tygprover.<\/p>\n<h4>Produktfakta<\/h4>\n<p>&#8211;\u00a0 Style \u00e4r tillverkad av Bellus.<br \/>\n&#8211;\u00a0 Sitsar: pocketfj\u00e4drar,\u00a0Cloud-plus-system &#8211; 5 \u00e5rs garanti avs fj\u00e4derbrott, HR skum 35 kg, memoryskum, polyesterfiber. Avtagbar tv\u00e4ttbar kl\u00e4dsel.<br \/>\n&#8211;\u00a0 Ryggdynor: silikoniserad fibervadd. Avtagbar tv\u00e4ttbar kl\u00e4dsel.<br \/>\n&#8211;\u00a0 Svankkuddar: HR skum\u00a035 kg, polyesterfiber. Avtagbar tv\u00e4ttbar kl\u00e4dsel.<br \/>\n&#8211;\u00a0 Ram: nozagfj\u00e4drar, plywood, massivt tr\u00e4.<br \/>\n&#8211;\u00a0 Ben: som standard i 17 cm h\u00f6ga metallben i f\u00e4rg matt svart. Valbara ben i tr\u00e4, h\u00f6jd 17 cm, finns i svart, m\u00f6rkbrun, valn\u00f6t, ek, bok eller vit.<var class=\"placeholder image\" data-placeholder=\"[[img@id=;2954;@resolution=;tiny;]]\" data-edit-title=\"Redigera\"><\/var>\u200b<\/p>\n<h4>Tips &amp; r\u00e5d<\/h4>\n<p>Style h\u00f6rnsoffa med Divan\u00a0levereras i 4 st kolli + ben. Soffdelarna monteras l\u00e4tt ihop utan verktyg. Metallbenen skruvas p\u00e5 med hj\u00e4lp av skruvdragare. Tr\u00e4benen skruvas enkelt bara p\u00e5.<\/p>\n<p>Vi rekommenderar att k\u00f6pa till m\u00f6belskyddsmedel som skyddar, v\u00e5rdar och bevarar textilierna eller skinnet.<\/p>\n<h2>Intresserad av annan soffa?<\/h2>\n<p>I v\u00e5r butik i Malm\u00f6 har vi m\u00e4ngder av soffor, s\u00e4ngar och valm\u00f6jligheter. M\u00e5nga produkter g\u00e5r att f\u00e5 i olika modeller, med olika tyger, f\u00e4rger och ben. F\u00f6r intresse om annan modell, maila info@sofforsangar.se eller ring oss tel. 040-13 99 11.<\/p>\n","protected":false},"excerpt":{"rendered":"<p>H\u00f6rnsoffan Style &#8211; D\u00e4r stil m\u00f6ter komfort! Style \u00e4r en av v\u00e5ra flaggskeppsmodeller d\u00e4r stil m\u00f6ter komfort. Modellen \u00e4r modern med fransk l\u00e4pps\u00f6m och slimmad soffram. Underbar sittkomfort d\u00e4r man kan sitta l\u00e4nge och njuta. Leveranstid: 8-10 veckor Specifikationer f\u00f6r Style h\u00f6rnsoffa M\u00e5tt\/Vikt 324 x 384 cm (384 cm p\u00e5 divandelen) Djup 100 cm H\u00f6jd [&hellip;]<\/p>\n","protected":false},"featured_media":466,"comment_status":"open","ping_status":"closed","template":"","meta":{"_acf_changed":false},"product_brand":[],"product_cat":[35,43,34],"product_tag":[],"class_list":{"0":"post-464","1":"product","2":"type-product","3":"status-publish","4":"has-post-thumbnail","6":"product_cat-divan-schaslongsoffa","7":"product_cat-hornsoffa","8":"product_cat-huvudkategori-soffor","9":"product_shipping_class-stora-mobler","11":"first","12":"onbackorder","13":"taxable","14":"shipping-taxable","15":"purchasable","16":"product-type-variable","17":"has-default-attributes"},"acf":[],"_links":{"self":[{"href":"https:\/\/www.sofforsangar.se\/dk\/wp-json\/wp\/v2\/product\/464","targetHints":{"allow":["GET"]}}],"collection":[{"href":"https:\/\/www.sofforsangar.se\/dk\/wp-json\/wp\/v2\/product"}],"about":[{"href":"https:\/\/www.sofforsangar.se\/dk\/wp-json\/wp\/v2\/types\/product"}],"replies":[{"embeddable":true,"href":"https:\/\/www.sofforsangar.se\/dk\/wp-json\/wp\/v2\/comments?post=464"}],"wp:featuredmedia":[{"embeddable":true,"href":"https:\/\/www.sofforsangar.se\/dk\/wp-json\/wp\/v2\/media\/466"}],"wp:attachment":[{"href":"https:\/\/www.sofforsangar.se\/dk\/wp-json\/wp\/v2\/media?parent=464"}],"wp:term":[{"taxonomy":"product_brand","embeddable":true,"href":"https:\/\/www.sofforsangar.se\/dk\/wp-json\/wp\/v2\/product_brand?post=464"},{"taxonomy":"product_cat","embeddable":true,"href":"https:\/\/www.sofforsangar.se\/dk\/wp-json\/wp\/v2\/product_cat?post=464"},{"taxonomy":"product_tag","embeddable":true,"href":"https:\/\/www.sofforsangar.se\/dk\/wp-json\/wp\/v2\/product_tag?post=464"}],"curies":[{"name":"wp","href":"https:\/\/api.w.org\/{rel}","templated":true}]}}