{"id":461,"date":"2022-08-29T13:54:25","date_gmt":"2022-08-29T11:54:25","guid":{"rendered":"https:\/\/www.sofforsangar.se\/?post_type=product&#038;p=461"},"modified":"2023-02-13T13:26:57","modified_gmt":"2023-02-13T11:26:57","slug":"chess-sanggavel","status":"publish","type":"product","link":"https:\/\/www.sofforsangar.se\/dk\/vare\/chess-sanggavel\/","title":{"rendered":"Chess Gavel"},"content":{"rendered":"<p>Chess er en virkelig speciel senge gavel, det unikke desig kommer at fremh\u00e6ve dit sovev\u00e6relse.\nDen er ogs\u00e5 praktisk af l\u00e6ne sig op af, med en god bog.<\/p>\n<p>Leveringstid: 8-10 uger<\/p>\n<p><strong>M\u00e5l<\/strong><br \/>\nKan f\u00e5s i forskellige bredder: \n168,182, 212,samt 222 cm.<br \/>\nH: 122<br \/>\nTykkelse: 8 cm<br \/>\neller<br \/>\nH\u00f8jde: 140 cm<br \/>\nH: 140 cm(high)<br \/>\nTykkelse: 8 cm<\/p>\n<p><strong>Stoffer og farver<\/strong><br \/>\nChameleon Orange (pr gr 5) h\u00f8j kvalitet.<\/p>\n<p>Chess findes i et v\u00e6lg af farver og materialer.<\/p>\n<p><strong>Lidt fakta:\u00a0\u00a0<\/strong><br \/>\nChess produceres af BELLUS.<br \/>\nFremstillet i h\u00e5nden.<br \/>\nFlettet<\/p>\n<p><strong>Vedligeholdelses r\u00e5d<\/strong><br \/>\nGavlen kommer i et kolli.<\/p>\n<p>Mulighed for at s\u00e6tte ben p\u00e5.<\/p>\n<h3>Fandt du ikke lige det du s\u00f8gte.<\/h3>\n<p>Vores butik i centrale Malm\u00f8, byder p\u00e5 masser af inspiration. Her har vi 1000 kvm med sk\u00f8nne m\u00f8bler. Ring eller mail s\u00e5 hj\u00e6lper vi dig.\n0046 40 13 99 11.<\/p>","protected":false},"excerpt":{"rendered":"<p>En superfin, ovanlig och riktigt cool s\u00e4nggavel. Kommer att h\u00f6ja ditt sovrum inredningsm\u00e4ssigt men \u00e4ven praktiskt att luta huvudet mot. Leveranstid: 6-8 veckor M\u00e5tt Bredd: 168 cm (avsedd f\u00f6r 160-s\u00e4ng), 188 cm (avsedd f\u00f6r 180-s\u00e4ng) eller 218 cm (avsedd f\u00f6r 210-s\u00e4ng) H\u00f6jd: 122 cm (regular) Tjocklek: 8 cm eller Bredd: 162 cm (avsedd f\u00f6r 160-s\u00e4ng), [&hellip;]<\/p>\n","protected":false},"featured_media":462,"comment_status":"open","ping_status":"closed","template":"","meta":{"_acf_changed":false},"product_brand":[],"product_cat":[42,50],"product_tag":[],"class_list":{"0":"post-461","1":"product","2":"type-product","3":"status-publish","4":"has-post-thumbnail","6":"product_cat-huvudkategori-sangar","7":"product_cat-sanggavlar","8":"product_shipping_class-stora-mobler","10":"first","11":"instock","12":"taxable","13":"shipping-taxable","14":"purchasable","15":"product-type-simple"},"acf":[],"_links":{"self":[{"href":"https:\/\/www.sofforsangar.se\/dk\/wp-json\/wp\/v2\/product\/461","targetHints":{"allow":["GET"]}}],"collection":[{"href":"https:\/\/www.sofforsangar.se\/dk\/wp-json\/wp\/v2\/product"}],"about":[{"href":"https:\/\/www.sofforsangar.se\/dk\/wp-json\/wp\/v2\/types\/product"}],"replies":[{"embeddable":true,"href":"https:\/\/www.sofforsangar.se\/dk\/wp-json\/wp\/v2\/comments?post=461"}],"wp:featuredmedia":[{"embeddable":true,"href":"https:\/\/www.sofforsangar.se\/dk\/wp-json\/wp\/v2\/media\/462"}],"wp:attachment":[{"href":"https:\/\/www.sofforsangar.se\/dk\/wp-json\/wp\/v2\/media?parent=461"}],"wp:term":[{"taxonomy":"product_brand","embeddable":true,"href":"https:\/\/www.sofforsangar.se\/dk\/wp-json\/wp\/v2\/product_brand?post=461"},{"taxonomy":"product_cat","embeddable":true,"href":"https:\/\/www.sofforsangar.se\/dk\/wp-json\/wp\/v2\/product_cat?post=461"},{"taxonomy":"product_tag","embeddable":true,"href":"https:\/\/www.sofforsangar.se\/dk\/wp-json\/wp\/v2\/product_tag?post=461"}],"curies":[{"name":"wp","href":"https:\/\/api.w.org\/{rel}","templated":true}]}}