{"id":4013,"date":"2024-08-09T17:37:13","date_gmt":"2024-08-09T15:37:13","guid":{"rendered":"https:\/\/www.sofforsangar.se\/?post_type=product&#038;p=4013"},"modified":"2026-02-17T14:38:38","modified_gmt":"2026-02-17T12:38:38","slug":"kinnabadden-premium-kontinental","status":"publish","type":"product","link":"https:\/\/www.sofforsangar.se\/dk\/vare\/kinnabadden-premium-kontinental\/","title":{"rendered":"Kinnab\u00e4dden Premium Kontinental"},"content":{"rendered":"<p><b>Premium deluxe n\u00e5r du vil investere i din s\u00f8vn.<\/b><\/p>\n<p><span style=\"font-weight: 400;\">Pr\u00f8v den ultimative s\u00f8vnkomfort, design og produktion i Danmark. Vi anvender bare kvalitets materialer i denne seng, for at du kan sove fantastisk. Glem alt om komfort zoner, og pr\u00f8v denne progressive seng som tilpasser sig efter din krop og ikke omvendt.<\/span><\/p>\n<p><b>Specifikationer:<\/b><\/p>\n<ul>\n<li style=\"font-weight: 400;\" aria-level=\"1\"><b>Patenteret Smart Pocket.<\/b><span style=\"font-weight: 400;\"> Pr\u00f8v en seng der altid tilpasser sig.<\/span><\/li>\n<\/ul>\n<p>&nbsp;<\/p>\n<ul>\n<li style=\"font-weight: 400;\" aria-level=\"1\"><b>Latex  12 cm:<\/b><span style=\"font-weight: 400;\"> En lyxig latex b\u00e4ddmadrass som ger extra komfort och anpassar sig efter din kroppsform f\u00f6r en djupare s\u00f6mn. Tyget \u00e4r tv\u00e4ttbart. Och det finns \u00e4ven en sommar- och en vintersida.<\/span><\/li>\n<\/ul>\n<p>&nbsp;<\/p>\n<ul>\n<li style=\"list-style-type: none;\">\n<ul>\n<li style=\"font-weight: 400;\" aria-level=\"1\"><b>25 \u00e5rs garanti: <\/b><span style=\"font-weight: 400;\">P\u00e5 rammen og fjederbrud findes der garanti, som sikrer at du kan nyde din seng i mange \u00e5r.<\/span><\/li>\n<li style=\"font-weight: 400;\" aria-level=\"1\"><\/li>\n<li style=\"font-weight: 400;\" aria-level=\"1\"><b>Dubbla komfortzoner:<\/b><span style=\"font-weight: 400;\">\u00a0 2 komfortzoner p\u00e5 varje sida.\u00a0 V\u00e4lj mellan Medium\/Soft eller\u00a0 \u00a0 Fast\/ Extra fast.<\/span><\/li>\n<\/ul>\n<\/li>\n<\/ul>\n<ul>\n<li aria-level=\"1\"><b>Anti-slip holder sengemadrassen p\u00e5 plads.<\/b><\/li>\n<\/ul>\n<p>&nbsp;<\/p>\n<p><span style=\"font-weight: 400;\">Premium deluxe \u00e4r designat f\u00f6r dig som \u00f6nskar att investera i sin s\u00f6mn. Med fokus p\u00e5 b\u00e5de design och funktionalitet och den fr\u00e4msta teknologin \u00e4r denna s\u00e4ng det perfekta valet f\u00f6r en ost\u00f6rd s\u00f6mn, m\u00e5nga \u00e5r fram.<\/span><\/p>\n<p>&nbsp;<\/p>","protected":false},"excerpt":{"rendered":"<p>Premium deluxe, n\u00e4r du vil investera i din s\u00f6mn. Uppt\u00e4ck den ultimata s\u00f6mnkomforten med denna premium s\u00e4ng , designad och tillverkad i Danmark. Denna s\u00e4ng best\u00e5r av\u00a0 f\u00f6rstklassigt material f\u00f6r att erbjuda en o\u00f6vertr\u00e4ffad\u00a0 s\u00f6mnupplevelse. Gl\u00f6m allt om komfortzoner och pr\u00f6va denna progressiva s\u00e4ng som anpassar sig efter din kropp. Specifikationer: Patentered Smart pocket: H\u00f6gkvalitativ [&hellip;]<\/p>\n","protected":false},"featured_media":4014,"comment_status":"open","ping_status":"closed","template":"","meta":{"_acf_changed":false},"product_brand":[],"product_cat":[38,39,40,41,42],"product_tag":[],"class_list":{"0":"post-4013","1":"product","2":"type-product","3":"status-publish","4":"has-post-thumbnail","6":"product_cat-extra-bred-sang","7":"product_cat-extra-lang-sang","8":"product_cat-komplett-sangpaket","9":"product_cat-kontinentalsang","10":"product_cat-huvudkategori-sangar","11":"product_shipping_class-stora-mobler","13":"first","14":"instock","15":"taxable","16":"shipping-taxable","17":"purchasable","18":"product-type-variable","19":"has-default-attributes"},"acf":[],"_links":{"self":[{"href":"https:\/\/www.sofforsangar.se\/dk\/wp-json\/wp\/v2\/product\/4013","targetHints":{"allow":["GET"]}}],"collection":[{"href":"https:\/\/www.sofforsangar.se\/dk\/wp-json\/wp\/v2\/product"}],"about":[{"href":"https:\/\/www.sofforsangar.se\/dk\/wp-json\/wp\/v2\/types\/product"}],"replies":[{"embeddable":true,"href":"https:\/\/www.sofforsangar.se\/dk\/wp-json\/wp\/v2\/comments?post=4013"}],"wp:featuredmedia":[{"embeddable":true,"href":"https:\/\/www.sofforsangar.se\/dk\/wp-json\/wp\/v2\/media\/4014"}],"wp:attachment":[{"href":"https:\/\/www.sofforsangar.se\/dk\/wp-json\/wp\/v2\/media?parent=4013"}],"wp:term":[{"taxonomy":"product_brand","embeddable":true,"href":"https:\/\/www.sofforsangar.se\/dk\/wp-json\/wp\/v2\/product_brand?post=4013"},{"taxonomy":"product_cat","embeddable":true,"href":"https:\/\/www.sofforsangar.se\/dk\/wp-json\/wp\/v2\/product_cat?post=4013"},{"taxonomy":"product_tag","embeddable":true,"href":"https:\/\/www.sofforsangar.se\/dk\/wp-json\/wp\/v2\/product_tag?post=4013"}],"curies":[{"name":"wp","href":"https:\/\/api.w.org\/{rel}","templated":true}]}}