{"id":4003,"date":"2024-08-09T17:02:53","date_gmt":"2024-08-09T15:02:53","guid":{"rendered":"https:\/\/www.sofforsangar.se\/?post_type=product&#038;p=4003"},"modified":"2026-02-17T15:30:17","modified_gmt":"2026-02-17T13:30:17","slug":"kinnabadden-aurora-elevation","status":"publish","type":"product","link":"https:\/\/www.sofforsangar.se\/dk\/vare\/kinnabadden-aurora-elevation\/","title":{"rendered":"Kinnab\u00e4dden Aurora Elevation"},"content":{"rendered":"<p><b>Aurora st\u00e4llbar s\u00e4ng dansktillverkad ,pocketmadrass och 6 cm Latex b\u00e4ddmadrass.<\/b><\/p>\n<p><span style=\"font-weight: 400;\">Uppt\u00e4ck den ultimata s\u00f6mnkomforten med Aurora Elevations s\u00e4ngen, designad och tillverkad i Danmark. Denna s\u00e4ng kombinerar avancerad teknologi och f\u00f6rstklassiga material f\u00f6r att erbjuda en fantastisk s\u00f6mnupplevelse.<\/span><\/p>\n<p><b>Specifikationer:<\/b><\/p>\n<ul>\n<li style=\"list-style-type: none;\">\n<ul>\n<li style=\"font-weight: 400;\" aria-level=\"1\"><b>Dansk produceret pocketmadras<\/b><span style=\"font-weight: 400;\"> Pocketmadras af h\u00f8j kvalitet med individuelle fjedre, som tilpasser sig efter din krops konturer og sikrer optimal st\u00f8tte og trykaflastning.<\/span><\/li>\n<li style=\"font-weight: 400;\" aria-level=\"1\"><b>Latex b\u00e4ddmadrass (6 cm):<\/b><span style=\"font-weight: 400;\"> En luksuri\u00f8s latexmadras, der giver ekstra komfort og tilpasser sig din kropsform for en dybere s\u00f8vn.<\/span><\/li>\n<li style=\"font-weight: 400;\" aria-level=\"1\"><b>7 komfortzoner:<\/b><span style=\"font-weight: 400;\"> Designet med forskellige zoner, der st\u00f8tter kroppen p\u00e5 de mest kritiske punkter og fremmer en sund liggestilling.<\/span><\/li>\n<li style=\"font-weight: 400;\" aria-level=\"1\"><b>25 \u00e5rs garanti:<\/b><span style=\"font-weight: 400;\">\u00a0 P\u00e5 ram och fj\u00e4derbrott En garanti som s\u00e4kerst\u00e4ller att du kan njuta av din s\u00e4ng under m\u00e5nga \u00e5r med sinnesfrid.<\/span><\/li>\n<li style=\"font-weight: 400;\" aria-level=\"1\"><b>Cool Breeze teknologi:<\/b><span style=\"font-weight: 400;\"> Avancerat ventilationssystem som s\u00e4kerst\u00e4ller optimal luftcirkulation och h\u00e5ller temperaturen behaglig under hela natten.<\/span><\/li>\n<li style=\"font-weight: 400;\" aria-level=\"1\"><b>4 komfortzoner:<\/b><span style=\"font-weight: 400;\"> V\u00e4lj mellan mjuk, medium, fast eller extra fast f\u00f6r att hitta den perfekta komfortniv\u00e5n f\u00f6r dig.<\/span><\/li>\n<li style=\"font-weight: 400;\" aria-level=\"1\"><b>Tr\u00e5dl\u00f8s fjernbetjening:<\/b><span style=\"font-weight: 400;\"> Nem at bruge med fjernbetjening, der giver dig mulighed for at justere sengens position og funktioner med et enkelt klik.<\/span><\/li>\n<\/ul>\n<\/li>\n<\/ul>\n<ul>\n<li aria-level=\"1\"><b>Anti-slip holder sengemadrassen p\u00e5 plads.<\/b><\/li>\n<\/ul>\n<p>&nbsp;<\/p>\n<p><span style=\"font-weight: 400;\">Aurora\u00a0 \u00e4r designad f\u00f6r dig som vill ha den b\u00e4sta kombinationen av komfort, kvalitet och innovation. Med fokus p\u00e5 b\u00e5de design och funktionalitet \u00e4r denna s\u00e4ng det perfekta valet f\u00f6r en ost\u00f6rd\u00a0 s\u00f6mn. Sov gott.<\/span><\/p>\n<p>&nbsp;<\/p>","protected":false},"excerpt":{"rendered":"<p>Aurora st\u00e4llbar s\u00e4ng dansktillverkad ,pocketmadrass och 6 cm Latex b\u00e4ddmadrass. Uppt\u00e4ck den ultimata s\u00f6mnkomforten med Aurora Elevations s\u00e4ngen, designad och tillverkad i Danmark. Denna s\u00e4ng kombinerar avancerad teknologi och f\u00f6rstklassiga material f\u00f6r att erbjuda en fantastisk s\u00f6mnupplevelse. Specifikationer: Dansktillverkad pocketmadrass: H\u00f6g kvalitets pocketmadrass med individuella fj\u00e4drar som anpassar sig efter din kropps konturer och s\u00e4kerst\u00e4ller [&hellip;]<\/p>\n","protected":false},"featured_media":4004,"comment_status":"open","ping_status":"closed","template":"","meta":{"_acf_changed":false},"product_brand":[],"product_cat":[40,41,42],"product_tag":[],"class_list":{"0":"post-4003","1":"product","2":"type-product","3":"status-publish","4":"has-post-thumbnail","6":"product_cat-komplett-sangpaket","7":"product_cat-kontinentalsang","8":"product_cat-huvudkategori-sangar","9":"product_shipping_class-stora-mobler","11":"first","12":"onbackorder","13":"taxable","14":"shipping-taxable","15":"purchasable","16":"product-type-variable","17":"has-default-attributes"},"acf":[],"_links":{"self":[{"href":"https:\/\/www.sofforsangar.se\/dk\/wp-json\/wp\/v2\/product\/4003","targetHints":{"allow":["GET"]}}],"collection":[{"href":"https:\/\/www.sofforsangar.se\/dk\/wp-json\/wp\/v2\/product"}],"about":[{"href":"https:\/\/www.sofforsangar.se\/dk\/wp-json\/wp\/v2\/types\/product"}],"replies":[{"embeddable":true,"href":"https:\/\/www.sofforsangar.se\/dk\/wp-json\/wp\/v2\/comments?post=4003"}],"wp:featuredmedia":[{"embeddable":true,"href":"https:\/\/www.sofforsangar.se\/dk\/wp-json\/wp\/v2\/media\/4004"}],"wp:attachment":[{"href":"https:\/\/www.sofforsangar.se\/dk\/wp-json\/wp\/v2\/media?parent=4003"}],"wp:term":[{"taxonomy":"product_brand","embeddable":true,"href":"https:\/\/www.sofforsangar.se\/dk\/wp-json\/wp\/v2\/product_brand?post=4003"},{"taxonomy":"product_cat","embeddable":true,"href":"https:\/\/www.sofforsangar.se\/dk\/wp-json\/wp\/v2\/product_cat?post=4003"},{"taxonomy":"product_tag","embeddable":true,"href":"https:\/\/www.sofforsangar.se\/dk\/wp-json\/wp\/v2\/product_tag?post=4003"}],"curies":[{"name":"wp","href":"https:\/\/api.w.org\/{rel}","templated":true}]}}