{"id":3530,"date":"2024-01-12T17:50:47","date_gmt":"2024-01-12T15:50:47","guid":{"rendered":"https:\/\/www.sofforsangar.se\/?post_type=product&#038;p=3530"},"modified":"2025-03-12T22:36:44","modified_gmt":"2025-03-12T20:36:44","slug":"como-l-soffa","status":"publish","type":"product","link":"https:\/\/www.sofforsangar.se\/dk\/vare\/como-l-soffa\/","title":{"rendered":"Como L Sofa"},"content":{"rendered":"<p><strong>Como ! vores popul\u00e6re sofa i Skandinavisk stil.<\/strong> Como L sofa er en stilren og elegant sofa, i det nordiske design. Fra den anerkendte norske producent HOVDEN. Med sin fantastiske sidde komfort, er den svaret p\u00e5 de fleste sofa dr\u00f8mme. Como er perfekt til at sidde og hygge med venner og familie. Eller bare smide benene op efer en lang dag. Mulighederne er mange.\nKan f\u00e5es i flere forskellige farver. Og kan f\u00e5s som b\u00e5de 2 og 3 personers, och puffer.\nKvalitets sofaer som du har gl\u00e6de af mange \u00e5r fremover.<\/p>\n<p>Leveringstid: 8-10 uger<\/p>\n<h3>M\u00e5l\/v\u00e6gt<\/h3>\n<p>L: 279 cm<br \/>\nHvilemodul: 198 cm<br \/>\nH: 85 cm<br \/>\nSide h\u00f8jde: 45 cm<br \/>\nSide dybde: 57 cm<br \/>\nBen: 14 cm<br \/>\nM\u00e5lene kan variere op til 3 cm<\/p>\n<h3>Stoffer og farver<\/h3>\n<p>Ponza 14 Petrol bl\u00e5. Kvalitet 100 % polyester\n50.000 Martindale. 30 grader i maskinen.<\/p>\n<p>Como findes i andre farver.<\/p>\n<h3>Lidt fakta:<\/h3>\n<p>Produceres af Norske Hovden.<br \/>\nFyld : Koldskum med top af polyeter.<br \/>\nRyg: Fibervat<br \/>\nRammen : Massiv fyrtr\u00e6, og nozag fjeder. 5 \u00e5rs garanti.<br \/>\nBen: Metal 14 cm sort<\/p>\n<h3>Tips &amp; r\u00e5d<\/h3>\n<p>Denne sofa leveres i 2 kolli, og monteres let uden brug af v\u00e6rkt\u00f8j.<\/p>\n<p>Vi anbefaler at tilk\u00f8be vores plejeserie. <a href=\"https:\/\/www.sofforsangar.se\/dk\/vare\/textilvard-textile-clean-protect\/\">Plejeserie<\/a> for en l\u00e6nger levetid.<\/p>\n<h3>Fandt du ikke lige det du s\u00f8gte.<\/h3>\n<p>Vores butik i centrale Malm\u00f8, byder p\u00e5 masser af inspiration. Her har vi 1000 kvm med sk\u00f8nne m\u00f8bler. Ring eller mail s\u00e5 hj\u00e6lper vi dig.\n0046 40 13 99 11.<\/p>","protected":false},"excerpt":{"rendered":"<p>Como! V\u00e5r omtyckta sk\u00f6na soffa i Skandinavisk stil! Como L-soffa \u00e4r en stilren och elegant soffa i nordisk avskalad design fr\u00e5n norska Hoven. Sittkomforten \u00e4r fantastiskt fin och passar f\u00f6r m\u00e5nga trevliga aktiviteter. Sitta gott, sk\u00f6nt soffh\u00e4ng, en tupplur i soffan. M\u00f6jligheterna \u00e4r m\u00e5nga. V\u00e4lj mellan flertalet f\u00e4rger. V\u00e4lj \u00e4ven mellan L-soffa, divansoffa, 2-sits, 3-sits, [&hellip;]<\/p>\n","protected":false},"featured_media":3474,"comment_status":"closed","ping_status":"closed","template":"","meta":{"_acf_changed":false},"product_brand":[],"product_cat":[35,43,34],"product_tag":[],"class_list":{"0":"post-3530","1":"product","2":"type-product","3":"status-publish","4":"has-post-thumbnail","6":"product_cat-divan-schaslongsoffa","7":"product_cat-hornsoffa","8":"product_cat-huvudkategori-soffor","9":"product_shipping_class-stora-mobler","11":"first","12":"onbackorder","13":"taxable","14":"shipping-taxable","15":"purchasable","16":"product-type-variable","17":"has-default-attributes"},"acf":[],"_links":{"self":[{"href":"https:\/\/www.sofforsangar.se\/dk\/wp-json\/wp\/v2\/product\/3530","targetHints":{"allow":["GET"]}}],"collection":[{"href":"https:\/\/www.sofforsangar.se\/dk\/wp-json\/wp\/v2\/product"}],"about":[{"href":"https:\/\/www.sofforsangar.se\/dk\/wp-json\/wp\/v2\/types\/product"}],"replies":[{"embeddable":true,"href":"https:\/\/www.sofforsangar.se\/dk\/wp-json\/wp\/v2\/comments?post=3530"}],"wp:featuredmedia":[{"embeddable":true,"href":"https:\/\/www.sofforsangar.se\/dk\/wp-json\/wp\/v2\/media\/3474"}],"wp:attachment":[{"href":"https:\/\/www.sofforsangar.se\/dk\/wp-json\/wp\/v2\/media?parent=3530"}],"wp:term":[{"taxonomy":"product_brand","embeddable":true,"href":"https:\/\/www.sofforsangar.se\/dk\/wp-json\/wp\/v2\/product_brand?post=3530"},{"taxonomy":"product_cat","embeddable":true,"href":"https:\/\/www.sofforsangar.se\/dk\/wp-json\/wp\/v2\/product_cat?post=3530"},{"taxonomy":"product_tag","embeddable":true,"href":"https:\/\/www.sofforsangar.se\/dk\/wp-json\/wp\/v2\/product_tag?post=3530"}],"curies":[{"name":"wp","href":"https:\/\/api.w.org\/{rel}","templated":true}]}}