{"id":3376,"date":"2024-01-04T22:11:19","date_gmt":"2024-01-04T20:11:19","guid":{"rendered":"https:\/\/www.sofforsangar.se\/?post_type=product&#038;p=3376"},"modified":"2025-04-30T00:13:32","modified_gmt":"2025-04-29T22:13:32","slug":"euforia-fotpall","status":"publish","type":"product","link":"https:\/\/www.sofforsangar.se\/dk\/vare\/euforia-fotpall\/","title":{"rendered":"Euforia Puf"},"content":{"rendered":"<div class=\"elementor-element elementor-element-2d618048 elementor-widget elementor-widget-woocommerce-product-title elementor-page-title elementor-widget-heading\" data-id=\"2d618048\" data-element_type=\"widget\" data-widget_type=\"woocommerce-product-title.default\">\n<div class=\"elementor-widget-container\">\n<h2>Euforia -Verdens sk\u00f8nneste sofaserie.<\/h2>\n<p>Denne puf er som alt andet i Euforia serien, stor og  rummelig. Med mange muligheder for betr\u00e6k.<\/p>\n<\/div>\n<\/div>\n<div class=\"elementor-element elementor-element-7e329e03 elementor-widget elementor-widget-woocommerce-product-content\" data-id=\"7e329e03\" data-element_type=\"widget\" data-widget_type=\"woocommerce-product-content.default\">\n<p>Leveringstid: Bestillingsvare 6-8 uger<\/p>\n<h3>Specifikationer for Euforia.<\/h3>\n<h4>M\u00e5l<\/h4>\n<p>100x88 cm (denne st\u00f8rrelse passer prefekt til vores Euforia 3 personers sofa)<br \/>\neller<br \/>\n120x88 cm (denne st\u00f8rrelse passer prefekt til vores Euforia 3,5  personers sofa)<br \/>\neller<br \/>\n140x88 cm (denne st\u00f8rrelse passer prefekt til vores Euforia 4 personers sofa)<\/p>\n<p>H: 50 cm<\/p>\n<h4>Stoffer og farver<\/h4>\n<p>Euforia puf findes i et bredt udvalg af farver.<\/p>\n<h4>Lidt fakta:<\/h4>\n<p>-Euforia er produceret i EU.<br \/>\nBetr\u00e6kket er fastmonteret.<br \/>\n- Ben 12 cm, sorte.<\/p>\n<h4>Vedligeholdelses r\u00e5d<\/h4>\n<p>Vi anbefaler at tilk\u00f8be vores plejeserie.\u00a0<a href=\"https:\/\/www.sofforsangar.se\/dk\/vare\/textilvard-textile-clean-protect\/\">Plejeserie<\/a>\u00a0for en l\u00e6nger levetid.<\/p>\n<h2>Fandt du ikke lige det du s\u00f8gte.<\/h2>\n<p>Vores butik i centrale Malm\u00f8, byder p\u00e5 masser af inspiration. Her har vi 1000 kvm med sk\u00f8nne m\u00f8bler. Ring eller mail s\u00e5 hj\u00e6lper vi dig.\n0046 40 13 99 11.<\/p>\n<\/div>","protected":false},"excerpt":{"rendered":"<p>Stor og praktisk puf<\/p>","protected":false},"featured_media":3450,"comment_status":"open","ping_status":"closed","template":"","meta":{"_acf_changed":false},"product_brand":[],"product_cat":[51,34],"product_tag":[226],"class_list":{"0":"post-3376","1":"product","2":"type-product","3":"status-publish","4":"has-post-thumbnail","6":"product_cat-fotpallar","7":"product_cat-huvudkategori-soffor","8":"product_tag-euforia","9":"product_shipping_class-sma-mobler","11":"first","12":"onbackorder","13":"taxable","14":"shipping-taxable","15":"purchasable","16":"product-type-variable","17":"has-default-attributes"},"acf":[],"_links":{"self":[{"href":"https:\/\/www.sofforsangar.se\/dk\/wp-json\/wp\/v2\/product\/3376","targetHints":{"allow":["GET"]}}],"collection":[{"href":"https:\/\/www.sofforsangar.se\/dk\/wp-json\/wp\/v2\/product"}],"about":[{"href":"https:\/\/www.sofforsangar.se\/dk\/wp-json\/wp\/v2\/types\/product"}],"replies":[{"embeddable":true,"href":"https:\/\/www.sofforsangar.se\/dk\/wp-json\/wp\/v2\/comments?post=3376"}],"wp:featuredmedia":[{"embeddable":true,"href":"https:\/\/www.sofforsangar.se\/dk\/wp-json\/wp\/v2\/media\/3450"}],"wp:attachment":[{"href":"https:\/\/www.sofforsangar.se\/dk\/wp-json\/wp\/v2\/media?parent=3376"}],"wp:term":[{"taxonomy":"product_brand","embeddable":true,"href":"https:\/\/www.sofforsangar.se\/dk\/wp-json\/wp\/v2\/product_brand?post=3376"},{"taxonomy":"product_cat","embeddable":true,"href":"https:\/\/www.sofforsangar.se\/dk\/wp-json\/wp\/v2\/product_cat?post=3376"},{"taxonomy":"product_tag","embeddable":true,"href":"https:\/\/www.sofforsangar.se\/dk\/wp-json\/wp\/v2\/product_tag?post=3376"}],"curies":[{"name":"wp","href":"https:\/\/api.w.org\/{rel}","templated":true}]}}