{"id":329,"date":"2022-08-24T23:42:43","date_gmt":"2022-08-24T21:42:43","guid":{"rendered":"https:\/\/www.sofforsangar.se\/?post_type=product&#038;p=329"},"modified":"2023-02-13T13:26:57","modified_gmt":"2023-02-13T11:26:57","slug":"bronx-sanggavel","status":"publish","type":"product","link":"https:\/\/www.sofforsangar.se\/dk\/vare\/bronx-sanggavel\/","title":{"rendered":"Bronx Gavel"},"content":{"rendered":"<p>Denne gavel giver liv i rummet, med m\u00f8nster og knapper. Og kan selvf\u00f8lgelig f\u00e5es i en farve der matcher sengen.<\/p>\n<p>Leveringstid: 8-10 uger<\/p>\n<p><strong>M\u00e5l<\/strong><br \/>\nHvilken st\u00f8rrelse passer dig.\n90,1,5,120,140.160,180,200  eller 210x210<br \/>\nH: 120 cm<br \/>\nTykkelse 6 cm<\/p>\n<p><strong>Stoffer og farver<\/strong><br \/>\nMonolith er et velour betr\u00e6k (pris gr 1)\nMartindale: 100 000\nPilling: 4-5<\/p>\n<p>Denne  serien findes i et v\u00e6lg af farver og materialer.<\/p>\n<p><strong>Lidt fakta:\u00a0\u00a0<\/strong><br \/>\nSoft gavel er h\u00e5ndlavet indenfor EU.<\/p>\n<p><strong>Vedligeholdelses r\u00e5d<br \/>\n<\/strong>Der f\u00f8lger 2 ben med til denne gavel, benene er 15 cm.<\/p>\n<p>Vi anbefaler at tilk\u00f8be vores plejeserie. <a href=\"https:\/\/www.sofforsangar.se\/dk\/vare\/sangvard-bed-conditioner\/\">S\u00e4ngv\u00e5rdsprodukter<\/a> for en l\u00e6nger levetid.<\/p>\n<h3>Fandt du ikke lige det du s\u00f8gte.<\/h3>\n<p>Vores butik i centrale Malm\u00f8, byder p\u00e5 masser af inspiration. Her har vi 1000 kvm med sk\u00f8nne m\u00f8bler. Ring eller mail s\u00e5 hj\u00e6lper vi dig.\n0046 40 13 99 11.<\/p>","protected":false},"excerpt":{"rendered":"<p>V\u00e4lgjord och lyxig gavel med djuph\u00e4ftade pikeringar placerade diagonalt, f\u00f6rsedda med kl\u00e4dda knappar.\u00a0Praktisk att luta sig mot och ger \u00e4ven ett lyxigt intryck av\u00a0sovrummet. Leveranstid: 6-8 veckor M\u00e5tt Bredd: 90, 105, 120, 140, 160,\u00a0180, 200 eller 210 cm. H\u00f6jd: 120 cm Tjocklek: X cm Tyg\/F\u00e4rg Monolith 85 Gr\u00e5 sammet.\u00a0Kvalitet 100% polyester. Martindale &gt;100,000.\u00a0Pilling 4-5.\u00a0Ljus\u00e4kthet 4-5. [&hellip;]<\/p>\n","protected":false},"featured_media":330,"comment_status":"open","ping_status":"closed","template":"","meta":{"_acf_changed":false},"product_brand":[],"product_cat":[42,50],"product_tag":[],"class_list":{"0":"post-329","1":"product","2":"type-product","3":"status-publish","4":"has-post-thumbnail","6":"product_cat-huvudkategori-sangar","7":"product_cat-sanggavlar","8":"product_shipping_class-stora-mobler","10":"first","11":"instock","12":"taxable","13":"shipping-taxable","14":"purchasable","15":"product-type-simple"},"acf":[],"_links":{"self":[{"href":"https:\/\/www.sofforsangar.se\/dk\/wp-json\/wp\/v2\/product\/329","targetHints":{"allow":["GET"]}}],"collection":[{"href":"https:\/\/www.sofforsangar.se\/dk\/wp-json\/wp\/v2\/product"}],"about":[{"href":"https:\/\/www.sofforsangar.se\/dk\/wp-json\/wp\/v2\/types\/product"}],"replies":[{"embeddable":true,"href":"https:\/\/www.sofforsangar.se\/dk\/wp-json\/wp\/v2\/comments?post=329"}],"wp:featuredmedia":[{"embeddable":true,"href":"https:\/\/www.sofforsangar.se\/dk\/wp-json\/wp\/v2\/media\/330"}],"wp:attachment":[{"href":"https:\/\/www.sofforsangar.se\/dk\/wp-json\/wp\/v2\/media?parent=329"}],"wp:term":[{"taxonomy":"product_brand","embeddable":true,"href":"https:\/\/www.sofforsangar.se\/dk\/wp-json\/wp\/v2\/product_brand?post=329"},{"taxonomy":"product_cat","embeddable":true,"href":"https:\/\/www.sofforsangar.se\/dk\/wp-json\/wp\/v2\/product_cat?post=329"},{"taxonomy":"product_tag","embeddable":true,"href":"https:\/\/www.sofforsangar.se\/dk\/wp-json\/wp\/v2\/product_tag?post=329"}],"curies":[{"name":"wp","href":"https:\/\/api.w.org\/{rel}","templated":true}]}}