{"id":321,"date":"2022-08-24T23:18:55","date_gmt":"2022-08-24T21:18:55","guid":{"rendered":"https:\/\/www.sofforsangar.se\/?post_type=product&#038;p=321"},"modified":"2023-09-06T17:04:14","modified_gmt":"2023-09-06T15:04:14","slug":"dublin-u-soffa","status":"publish","type":"product","link":"https:\/\/www.sofforsangar.se\/dk\/vare\/dublin-u-soffa\/","title":{"rendered":"Dublin U-soffa"},"content":{"rendered":"<p>I Dublin U-soffa sm\u00e4lter design och funktion ihop p\u00e5 ett fantastiskt s\u00e4tt. Ramen \u00e4r slimmad med h\u00f6ga ben\u00a0vilket ger soffan b\u00e5de ett modernt utseende och att det g\u00e5r l\u00e4tt att dammsuga under. Tyget i sammet i en fantastisk Oceanbl\u00e5 f\u00e4rg g\u00f6r verkligen soffan till en blickpunkt. Komforten \u00e4r riktigt go &amp; fin med lagom mjuka sittdynor men \u00e4nd\u00e5 bra sp\u00e4nst. Ryggdynorna har bra h\u00f6jd vilket ger ett bra st\u00f6d f\u00f6r rygg och axlar. H\u00e4r kan man samlas m\u00e5nga f\u00f6r en bra film i soffan och sitta\/ligga b\u00e4st man vill.<\/p>\n<p>Leveranstid: 7-9 veckor<\/p>\n<p><strong>M\u00e5l<br \/>\n<\/strong>L\u00e4ngd 310 cm<br \/>\nDjup divan\u00a0145 cm<br \/>\nDjup \u00f6ppet avslut 210 cm<br \/>\nH\u00f6jd inkl ryggdynor 86 cm<br \/>\nSide h\u00f8jde: 47 cm<br \/>\nSide dybde: 55 cm<br \/>\nBen: 17 cm<br \/>\nM\u00e5lene kan variere op til 3 cm<\/p>\n<p><strong>Materiale og farve:<\/strong><strong>:<\/strong><br \/>\nMonolith Sammet Ocean Bl\u00e5.\u00a0Kvalitet 100% polyester. Martindale 80,000.\u00a0Pilling 4-5.\u00a0Ljus\u00e4kthet 4-5. Tv\u00e4ttr\u00e5d\u00a030\u00b0C.<\/p>\n<p>Dublin finns som best\u00e4llningsvara i andra tyger &amp; f\u00e4rger. Klicka p\u00e5 Tyg- och f\u00e4rgl\u00e4nken l\u00e4ngst nere p\u00e5 sidan f\u00f6r att best\u00e4lla Gratis tygprover.<\/p>\n<p><strong>Lidt fakta:<\/strong><br \/>\n&#8211;\u00a0 Sitsar: sandwichkonstruktion av fibervadd, kallskum och polyeter 30 kg\/m\u00b3 f\u00f6r b\u00e4sta b\u00e4righet men \u00e4nd\u00e5 mjuk sittyta.\u00a0Kl\u00e4dda p\u00e5 b\u00e5da sidorna.\u00a0Avtagbar tv\u00e4ttbar kl\u00e4dsel.<br \/>\n&#8211;\u00a0 Ryggdynor: kanalsydda fack av 40% polyeterchips, 60% bollfiber.\u00a0V\u00e4ndbara. Avtagbar tv\u00e4ttbar kl\u00e4dsel.<br \/>\n&#8211;\u00a0 Ing\u00e5r 2 st dekorationskuddar, 40&#215;40 cm,\u00a0i samma tyg\/f\u00e4rg\u00a0som\u00a0\u00f6vriga soffan. Avtagbar tv\u00e4ttbar kl\u00e4dsel.<br \/>\nRammen p\u00e5 sofaen er massiv tr\u00e6, og Nozag fjeder.<br \/>\n&#8211;\u00a0 Ben: metall, svart.<\/p>\n<p><strong>Vedligeholdelses r\u00e5d<\/strong><br \/>\nDublin U-soffa levereras i 3 st kolli + ben. Delarna monteras l\u00e4tt ihop utan verktyg. Benen skruvas p\u00e5 med hj\u00e4lp av skruvdragare.<\/p>\n<p>Vi anbefaler at tilk\u00f8be vores plejeserie. <a href=\"https:\/\/www.sofforsangar.se\/dk\/vare\/textilvard-textile-clean-protect\/\">Plejeserie<\/a> for en l\u00e6nger levetid.<\/p>\n<h3>Fandt du ikke lige det du s\u00f8gte.<\/h3>\n<p>Vores butik i centrale Malm\u00f8, byder p\u00e5 masser af inspiration. Her har vi 1000 kvm med sk\u00f8nne m\u00f8bler. Ring eller mail s\u00e5 hj\u00e6lper vi dig.\n0046 40 13 99 11.<\/p>","protected":false},"excerpt":{"rendered":"<p>I Dublin U-soffa sm\u00e4lter design och funktion ihop p\u00e5 ett fantastiskt s\u00e4tt. Ramen \u00e4r slimmad med h\u00f6ga ben\u00a0vilket ger soffan b\u00e5de ett modernt utseende och att det g\u00e5r l\u00e4tt att dammsuga under. Tyget i sammet i en fantastisk Oceanbl\u00e5 f\u00e4rg g\u00f6r verkligen soffan till en blickpunkt. Komforten \u00e4r riktigt go &amp; fin med lagom mjuka [&hellip;]<\/p>\n","protected":false},"featured_media":323,"comment_status":"open","ping_status":"closed","template":"","meta":{"_acf_changed":false},"product_brand":[],"product_cat":[35,43,33,34],"product_tag":[],"class_list":{"0":"post-321","1":"product","2":"type-product","3":"status-publish","4":"has-post-thumbnail","6":"product_cat-divan-schaslongsoffa","7":"product_cat-hornsoffa","8":"product_cat-sammetssoffa","9":"product_cat-huvudkategori-soffor","10":"product_shipping_class-stora-mobler","12":"first","13":"instock","14":"taxable","15":"shipping-taxable","16":"purchasable","17":"product-type-variable","18":"has-default-attributes"},"acf":[],"_links":{"self":[{"href":"https:\/\/www.sofforsangar.se\/dk\/wp-json\/wp\/v2\/product\/321","targetHints":{"allow":["GET"]}}],"collection":[{"href":"https:\/\/www.sofforsangar.se\/dk\/wp-json\/wp\/v2\/product"}],"about":[{"href":"https:\/\/www.sofforsangar.se\/dk\/wp-json\/wp\/v2\/types\/product"}],"replies":[{"embeddable":true,"href":"https:\/\/www.sofforsangar.se\/dk\/wp-json\/wp\/v2\/comments?post=321"}],"wp:featuredmedia":[{"embeddable":true,"href":"https:\/\/www.sofforsangar.se\/dk\/wp-json\/wp\/v2\/media\/323"}],"wp:attachment":[{"href":"https:\/\/www.sofforsangar.se\/dk\/wp-json\/wp\/v2\/media?parent=321"}],"wp:term":[{"taxonomy":"product_brand","embeddable":true,"href":"https:\/\/www.sofforsangar.se\/dk\/wp-json\/wp\/v2\/product_brand?post=321"},{"taxonomy":"product_cat","embeddable":true,"href":"https:\/\/www.sofforsangar.se\/dk\/wp-json\/wp\/v2\/product_cat?post=321"},{"taxonomy":"product_tag","embeddable":true,"href":"https:\/\/www.sofforsangar.se\/dk\/wp-json\/wp\/v2\/product_tag?post=321"}],"curies":[{"name":"wp","href":"https:\/\/api.w.org\/{rel}","templated":true}]}}