{"id":318,"date":"2022-08-24T23:07:12","date_gmt":"2022-08-24T21:07:12","guid":{"rendered":"https:\/\/www.sofforsangar.se\/?post_type=product&#038;p=318"},"modified":"2025-05-21T23:49:06","modified_gmt":"2025-05-21T21:49:06","slug":"style-3-sits-divansoffa","status":"publish","type":"product","link":"https:\/\/www.sofforsangar.se\/dk\/vare\/style-3-sits-divansoffa\/","title":{"rendered":"Style 3 lyx"},"content":{"rendered":"<p>Style \u00e4r en av v\u00e5ra flaggskeppsmodeller d\u00e4r stil m\u00f6ter komfort. Modellen \u00e4r modern med fransk l\u00e4pps\u00f6m och slimmad soffram. Underbar sittkomfort d\u00e4r man kan sitta l\u00e4nge och njuta.<\/p>\n<p>Leveranstid: 8-10 veckor<\/p>\n<h2>Tab 2<\/h2>\n<p><strong>M\u00e5tt\/Vikt<br \/>\n<\/strong>L\u00e4ngd 300 cm<br \/>\nDjup 100 cm<br \/>\nH\u00f6jd 93 cm<br \/>\nDjup divan\u00a0160 cm<br \/>\nSitth\u00f6jd 45 cm<br \/>\nSittdjup 45 cm inkl svankkudde, 60 cm exkl svankkudde<br \/>\nBenh\u00f6jd 17 cm<br \/>\nM\u00e5tten kan variera +- 3 cm beroende p\u00e5 kombination och kl\u00e4dselmaterial.<br \/>\nTotalvikt inkl emballage 117 kg<\/p>\n<p><strong>Tyg\/F\u00e4r<\/strong><strong>g<\/strong><br \/>\nDiego Light Blue (prisgr. 4).\u00a0Kvalitet 100% polyester. Martindale 80,000.\u00a0Pilling 4-5.\u00a0Ljus\u00e4kthet 5. Tv\u00e4ttr\u00e5d\u00a030\u00b0C.<\/p>\n<p>Style finns som best\u00e4llningsvara i andra tyger &amp; f\u00e4rger samt \u00e4ven i skinn\/l\u00e4der. Klicka p\u00e5 Tyg- och f\u00e4rgl\u00e4nken f\u00f6r att best\u00e4lla Gratis tygprover.<\/p>\n<p><strong>Produktfakta<\/strong><br \/>\n&#8211;\u00a0 Style \u00e4r tillverkad av Bellus.<br \/>\n&#8211;\u00a0 Sitsar: pocketfj\u00e4drar,\u00a0Cloud-plus-system &#8211; 5 \u00e5rs garanti avs fj\u00e4derbrott, HR skum 35 kg, memoryskum, polyesterfiber. Avtagbar tv\u00e4ttbar kl\u00e4dsel.<br \/>\n&#8211;\u00a0 Ryggdynor: silikoniserad fibervadd. Avtagbar tv\u00e4ttbar kl\u00e4dsel.<br \/>\n&#8211;\u00a0 Svankkuddar: HR skum\u00a035 kg, polyesterfiber. Avtagbar tv\u00e4ttbar kl\u00e4dsel.<br \/>\n&#8211;\u00a0 Ram: nozagfj\u00e4drar, plywood, massivt tr\u00e4.<br \/>\n&#8211;\u00a0 Ben: som standard i 17 cm h\u00f6ga metallben i f\u00e4rg matt svart. Valbara ben i tr\u00e4, h\u00f6jd 17 cm, finns i svart, m\u00f6rkbrun, valn\u00f6t, ek, bok eller vit.<\/p>\n<p><var class=\"placeholder image\" data-placeholder=\"[[img@id=;2954;@resolution=;tiny;]]\" data-edit-title=\"Redigera\"><img decoding=\"async\" class=\"\" src=\"https:\/\/cdn.starwebserver.se\/shops\/lasoffor\/files\/cache\/cloud-system-logga_tiny.jpg?_=1613393581\" alt=\"\" width=\"300\" height=\"128\" data-placeholder=\"[[img@id=;2954;@resolution=;tiny;]]\" \/><\/var>\u200b<\/p>\n<p><strong>R\u00e5d &amp; tips<\/strong><br \/>\nStyle 3-sits divansoffa levereras i 2\u00a0st kolli + ben. Delarna monteras l\u00e4tt ihop utan verktyg. Metallbenen skruvas p\u00e5 med hj\u00e4lp av skruvdragare. Tr\u00e4benen skruvas enkelt bara p\u00e5.<\/p>\n<p>Vi rekommenderar att k\u00f6pa till <a href=\"https:\/\/sofforsangar.se\/produkt\/textilvard-textile-clean-protect\/\">textilskydd<\/a> som skyddar, v\u00e5rdar och bevarar textilierna eller skinnet.<\/p>\n<h3>Intresserad av annan modell?<\/h3>\n<p>I v\u00e5r butik i Malm\u00f6 har vi m\u00e4ngder av valm\u00f6jligheter. M\u00e5nga produkter g\u00e5r att f\u00e5 i olika modeller, med olika tyger och ben. F\u00f6r intresse om annan modell, var god maila info@sofforsangar.se eller ring oss tel. 040-13 99 11.<\/p>\n","protected":false},"excerpt":{"rendered":"<p>Style \u00e4r en av v\u00e5ra flaggskeppsmodeller d\u00e4r stil m\u00f6ter komfort. Modellen \u00e4r modern med fransk l\u00e4pps\u00f6m och slimmad soffram. Underbar sittkomfort d\u00e4r man kan sitta l\u00e4nge och njuta. Leveranstid: 8-10 veckor Tab 2 M\u00e5tt\/Vikt L\u00e4ngd 300 cm Djup 100 cm H\u00f6jd 93 cm Djup divan\u00a0160 cm Sitth\u00f6jd 45 cm Sittdjup 45 cm inkl svankkudde, 60 [&hellip;]<\/p>\n","protected":false},"featured_media":7859,"comment_status":"open","ping_status":"closed","template":"","meta":{"_acf_changed":false},"product_brand":[],"product_cat":[35,53,34],"product_tag":[],"class_list":{"0":"post-318","1":"product","2":"type-product","3":"status-publish","4":"has-post-thumbnail","6":"product_cat-divan-schaslongsoffa","7":"product_cat-modulsoffa","8":"product_cat-huvudkategori-soffor","9":"product_shipping_class-stora-mobler","11":"first","12":"onbackorder","13":"taxable","14":"shipping-taxable","15":"purchasable","16":"product-type-variable","17":"has-default-attributes"},"acf":[],"_links":{"self":[{"href":"https:\/\/www.sofforsangar.se\/dk\/wp-json\/wp\/v2\/product\/318","targetHints":{"allow":["GET"]}}],"collection":[{"href":"https:\/\/www.sofforsangar.se\/dk\/wp-json\/wp\/v2\/product"}],"about":[{"href":"https:\/\/www.sofforsangar.se\/dk\/wp-json\/wp\/v2\/types\/product"}],"replies":[{"embeddable":true,"href":"https:\/\/www.sofforsangar.se\/dk\/wp-json\/wp\/v2\/comments?post=318"}],"wp:featuredmedia":[{"embeddable":true,"href":"https:\/\/www.sofforsangar.se\/dk\/wp-json\/wp\/v2\/media\/7859"}],"wp:attachment":[{"href":"https:\/\/www.sofforsangar.se\/dk\/wp-json\/wp\/v2\/media?parent=318"}],"wp:term":[{"taxonomy":"product_brand","embeddable":true,"href":"https:\/\/www.sofforsangar.se\/dk\/wp-json\/wp\/v2\/product_brand?post=318"},{"taxonomy":"product_cat","embeddable":true,"href":"https:\/\/www.sofforsangar.se\/dk\/wp-json\/wp\/v2\/product_cat?post=318"},{"taxonomy":"product_tag","embeddable":true,"href":"https:\/\/www.sofforsangar.se\/dk\/wp-json\/wp\/v2\/product_tag?post=318"}],"curies":[{"name":"wp","href":"https:\/\/api.w.org\/{rel}","templated":true}]}}