{"id":311,"date":"2022-08-23T23:49:02","date_gmt":"2022-08-23T21:49:02","guid":{"rendered":"https:\/\/www.sofforsangar.se\/?post_type=product&#038;p=311"},"modified":"2025-05-21T23:57:34","modified_gmt":"2025-05-21T21:57:34","slug":"slim-3-sits-soffa","status":"publish","type":"product","link":"https:\/\/www.sofforsangar.se\/dk\/vare\/slim-3-sits-soffa\/","title":{"rendered":"Slim 3  personers."},"content":{"rendered":"<p>Slim sofaen fra Bellus Furniture , har en fantastisk sidekomfort og et l\u00e6kkert design.\nDe smalle arml\u00e6n giver en maksimal udnyttelse af side pladser. Og de h\u00f8je ben giver sofaen et sv\u00e6vende look.<\/p>\n<p>Leveringstid: 8-10 uger<\/p>\n<p><strong>M\u00e5l\/v\u00e6gt<br \/>\n<\/strong>L: 216 cm<br \/>\nD: 95 cm<br \/>\nH: 85 cm<br \/>\nSide h\u00f8jde 42 cm<br \/>\nBen<br \/>\nBenh\u00f6jd 21 cm<br \/>\nM\u00e5lene kan variere op til 3 cm<br \/>\nV\u00e6gt: 67 kg<\/p>\n<p><strong>Materiale og farve:<\/strong><strong>:<\/strong><br \/>\nBull Cognac l\u00e6derlignende (pris gr 7)\nMartindale: 32000\nPiiling: 3-4\nReng\u00f8res med en fugtig klud.<\/p>\n<p>Slim kan f\u00e5es i hele sortimentet fra BELLUS furniture.\u00a0<u><\/u><\/p>\n<p><strong>Lidt fakta:<br \/>\n<\/strong>Produceres af Bellus.<br \/>\nS\u00e6de: koldskum og ERX skum med fiber top.<br \/>\nRyg: Siikonisereret fiber.<br \/>\n2 stk pyntepuder for en \u00f8get siddekomfort.<br \/>\nRammen p\u00e5 sofaen er massiv tr\u00e6, og Nozag fjeder.<br \/>\n&#8211;\u00a0 Ben: Metall, matt svarta.<\/p>\n<p><strong>Vedligeholdelses r\u00e5d<\/strong><br \/>\nSofaen kommer f\u00e6rdigmonteret i 1 kolli.<\/p>\n<p>Vi anbefaler at tilk\u00f8be vores plejeserie. <a href=\"https:\/\/www.sofforsangar.se\/dk\/vare\/textilvard-textile-clean-protect\/\">Plejeserie<\/a> Bull tekstilet er er fedt og v\u00e6ske avvisende,og beh\u00f8ver derfor ikke impr\u00e6gneres.<\/p>\n<h3>Fandt du ikke lige det du s\u00f8gte.<\/h3>\n<p>Vores butik i centrale Malm\u00f8, byder p\u00e5 masser af inspiration. Her har vi 1000 kvm med sk\u00f8nne m\u00f8bler. Ring eller mail s\u00e5 hj\u00e6lper vi dig.\n0046 40 13 99 11.<\/p>","protected":false},"excerpt":{"rendered":"<p>Slim \u00e4r en modern och sm\u00e4cker soffa med utm\u00e4rkt komfort. Armst\u00f6den \u00e4r smala vilket ger maximala sittytan. Komforten \u00e4r riktigt go och fin med sk\u00f6nt st\u00f6d f\u00f6r ryggen. H\u00e4r kan man sitta l\u00e4nge f\u00f6r filosofiska diskussioner om allt eller inget. Med v\u00e4nner eller med sig sj\u00e4lv. Leveranstid: 3-4 veckor. M\u00e5tt\/Vikt L\u00e4ngd 216 cm Djup 95 [&hellip;]<\/p>\n","protected":false},"featured_media":313,"comment_status":"open","ping_status":"closed","template":"","meta":{"_acf_changed":false},"product_brand":[],"product_cat":[31,34],"product_tag":[],"class_list":{"0":"post-311","1":"product","2":"type-product","3":"status-publish","4":"has-post-thumbnail","6":"product_cat-2-4-sitssoffa","7":"product_cat-huvudkategori-soffor","8":"product_shipping_class-stora-mobler","10":"first","11":"onbackorder","12":"taxable","13":"shipping-taxable","14":"purchasable","15":"product-type-simple"},"acf":[],"_links":{"self":[{"href":"https:\/\/www.sofforsangar.se\/dk\/wp-json\/wp\/v2\/product\/311","targetHints":{"allow":["GET"]}}],"collection":[{"href":"https:\/\/www.sofforsangar.se\/dk\/wp-json\/wp\/v2\/product"}],"about":[{"href":"https:\/\/www.sofforsangar.se\/dk\/wp-json\/wp\/v2\/types\/product"}],"replies":[{"embeddable":true,"href":"https:\/\/www.sofforsangar.se\/dk\/wp-json\/wp\/v2\/comments?post=311"}],"wp:featuredmedia":[{"embeddable":true,"href":"https:\/\/www.sofforsangar.se\/dk\/wp-json\/wp\/v2\/media\/313"}],"wp:attachment":[{"href":"https:\/\/www.sofforsangar.se\/dk\/wp-json\/wp\/v2\/media?parent=311"}],"wp:term":[{"taxonomy":"product_brand","embeddable":true,"href":"https:\/\/www.sofforsangar.se\/dk\/wp-json\/wp\/v2\/product_brand?post=311"},{"taxonomy":"product_cat","embeddable":true,"href":"https:\/\/www.sofforsangar.se\/dk\/wp-json\/wp\/v2\/product_cat?post=311"},{"taxonomy":"product_tag","embeddable":true,"href":"https:\/\/www.sofforsangar.se\/dk\/wp-json\/wp\/v2\/product_tag?post=311"}],"curies":[{"name":"wp","href":"https:\/\/api.w.org\/{rel}","templated":true}]}}