{"id":304,"date":"2022-08-23T23:29:19","date_gmt":"2022-08-23T21:29:19","guid":{"rendered":"https:\/\/www.sofforsangar.se\/?post_type=product&#038;p=304"},"modified":"2025-05-25T12:37:15","modified_gmt":"2025-05-25T10:37:15","slug":"lumo-15-sits-baddsoffa","status":"publish","type":"product","link":"https:\/\/www.sofforsangar.se\/dk\/vare\/lumo-15-sits-baddsoffa\/","title":{"rendered":"Lumo Sovesofa"},"content":{"rendered":"<p>En sk\u00f8n lille sovesofa.<\/p>\n<p>Leveringstid: 8-10 uger<\/p>\n<p><strong>M\u00e5l\/v\u00e6gt<br \/>\n<\/strong>Bredd 140 cm<br \/>\nD: 100 cm<br \/>\nDjup utdragen b\u00e4dd 212 cm<br \/>\nH: 83 cm<br \/>\nSittbredd XX cm<br \/>\nSide h\u00f8jde: 46 cm<br \/>\nBen<br \/>\nBenh\u00f6jd 6,5 cm<br \/>\nB\u00e4ddm\u00e5tt 100 x 195 cm<br \/>\nVikt inkl b\u00e4ddmadrass och emballage 88 kg<\/p>\n<p><strong>Materiale og farve:<\/strong><strong>:<\/strong><br \/>\nPulse Sea Blue (Prisgr. 4).\u00a0Kvalitet 100% polyester. Martindale 90,000.\u00a0Pilling 4-5.\u00a0Ljus\u00e4kthet 4-5.\u00a0Tv\u00e4ttr\u00e5d 30\u00b0C.<\/p>\n<p>Lumo sofa serien findes i et v\u00e6lg af farver og materialer.<\/p>\n<p><strong>Lidt fakta:<br \/>\n<\/strong>&#8211;\u00a0 Tillverkare:\u00a0Bellus.<br \/>\n&#8211;\u00a0 Sitsar: HR foam densitet 35 kg\/m\u00b3, p\u00e5 toppen fj\u00e4der mixat med rivet skum.\u00a0Avtagbar tv\u00e4ttbar kl\u00e4dsel.<br \/>\n&#8211;\u00a0 Ryggdynor: foam 25 kg\/m\u00b3, p\u00e5 toppen\u00a0silikoniserad polyesterfiber. Avtagbar tv\u00e4ttbar kl\u00e4dsel<br \/>\nRammen p\u00e5 sofaen er massiv tr\u00e6, og Nozag fjeder.<br \/>\n&#8211;\u00a0 Ben: metall f\u00f6rsedda med plastskydd som skydd mot golvet.\u00a0\u00c4r t\u00e4mligen dolda undertill. Inga valbara ben finns f\u00f6r denna modell.<br \/>\n&#8211;\u00a0 B\u00e4ddmadrass: ing\u00e5r som standard en b\u00e4ddmadrass med bonellfj\u00e4drar. Valbar b\u00e4ddmadrass finns\u00a0med pocketfj\u00e4drar eller i memoryskum.<\/p>\n<p><strong>Vedligeholdelses r\u00e5d<\/strong><br \/>\nB\u00e4ddsoffan kommer i 1 st kolli och b\u00e4ddmadrass separat. Benen \u00e4r f\u00f6rmonterade.<\/p>\n<p>Vi anbefaler at tilk\u00f8be vores plejeserie. <a href=\"https:\/\/www.sofforsangar.se\/dk\/vare\/textilvard-textile-clean-protect\/\">Plejeserie<\/a> for en l\u00e6nger levetid.<\/p>\n<h3>Fandt du ikke lige det du s\u00f8gte.<\/h3>\n<p>Vores butik i centrale Malm\u00f8, byder p\u00e5 masser af inspiration. Her har vi 1000 kvm med sk\u00f8nne m\u00f8bler. Ring eller mail s\u00e5 hj\u00e6lper vi dig.\n0046 40 13 99 11.<\/p>","protected":false},"excerpt":{"rendered":"<p>N\u00e4rmare beskrivning av Lumo b\u00e4ddsoffa kommer inom kort. Standard b\u00e4ddmadrass ing\u00e5r. Sittplats f\u00f6r 1-2. Leveranstid: 8-10 veckor. M\u00e5tt\/Vikt Bredd 140 cm Djup 100 cm Djup utdragen b\u00e4dd 212 cm H\u00f6jd 83 cm Sittbredd XX cm Sitth\u00f6jd 46 cm Sittdjup 56 cm Benh\u00f6jd 6,5 cm B\u00e4ddm\u00e5tt 100 x 195 cm Vikt inkl b\u00e4ddmadrass och emballage 88 [&hellip;]<\/p>\n","protected":false},"featured_media":308,"comment_status":"open","ping_status":"closed","template":"","meta":{"_acf_changed":false},"product_brand":[],"product_cat":[52,34],"product_tag":[],"class_list":{"0":"post-304","1":"product","2":"type-product","3":"status-publish","4":"has-post-thumbnail","6":"product_cat-baddsoffa","7":"product_cat-huvudkategori-soffor","8":"product_shipping_class-stora-mobler","10":"first","11":"instock","12":"taxable","13":"shipping-taxable","14":"purchasable","15":"product-type-simple"},"acf":[],"_links":{"self":[{"href":"https:\/\/www.sofforsangar.se\/dk\/wp-json\/wp\/v2\/product\/304","targetHints":{"allow":["GET"]}}],"collection":[{"href":"https:\/\/www.sofforsangar.se\/dk\/wp-json\/wp\/v2\/product"}],"about":[{"href":"https:\/\/www.sofforsangar.se\/dk\/wp-json\/wp\/v2\/types\/product"}],"replies":[{"embeddable":true,"href":"https:\/\/www.sofforsangar.se\/dk\/wp-json\/wp\/v2\/comments?post=304"}],"wp:featuredmedia":[{"embeddable":true,"href":"https:\/\/www.sofforsangar.se\/dk\/wp-json\/wp\/v2\/media\/308"}],"wp:attachment":[{"href":"https:\/\/www.sofforsangar.se\/dk\/wp-json\/wp\/v2\/media?parent=304"}],"wp:term":[{"taxonomy":"product_brand","embeddable":true,"href":"https:\/\/www.sofforsangar.se\/dk\/wp-json\/wp\/v2\/product_brand?post=304"},{"taxonomy":"product_cat","embeddable":true,"href":"https:\/\/www.sofforsangar.se\/dk\/wp-json\/wp\/v2\/product_cat?post=304"},{"taxonomy":"product_tag","embeddable":true,"href":"https:\/\/www.sofforsangar.se\/dk\/wp-json\/wp\/v2\/product_tag?post=304"}],"curies":[{"name":"wp","href":"https:\/\/api.w.org\/{rel}","templated":true}]}}