{"id":301,"date":"2022-08-23T23:16:53","date_gmt":"2022-08-23T21:16:53","guid":{"rendered":"https:\/\/www.sofforsangar.se\/?post_type=product&#038;p=301"},"modified":"2025-05-25T12:50:09","modified_gmt":"2025-05-25T10:50:09","slug":"tribeca-hornsoffa-med-divan","status":"publish","type":"product","link":"https:\/\/www.sofforsangar.se\/dk\/vare\/tribeca-hornsoffa-med-divan\/","title":{"rendered":"Tribeca"},"content":{"rendered":"<p>N\u00e4rmare info om\u00a0Tribeca kommer inom kort.<\/p>\n<p>Leveranstid: 8-10 veckor<\/p>\n<p><strong>M\u00e5tt<br \/>\n<\/strong>347 x 425 cm (425 cm p\u00e5 sidan med divanen)<br \/>\nDjup 110 cm<br \/>\nH\u00f6jd inkl ryggdyna 87\u00a0cm<br \/>\nDjup divan 175 cm<br \/>\nSitth\u00f6jd 48 cm<br \/>\nSittdjup ca 70 cm<br \/>\nBenh\u00f6jd 10 cm<br \/>\nM\u00e5tten kan variera +- 3 cm beroende p\u00e5 kombination och kl\u00e4dselmaterial.<\/p>\n<p><strong>Tyg\/F\u00e4r<\/strong><strong>g<\/strong><br \/>\nDiego Grey (prisgr. 4).\u00a0Kvalitet 100% polyester. Martindale 80,000.\u00a0Pilling 4-5.\u00a0Ljus\u00e4kthet 5. Tv\u00e4ttr\u00e5d\u00a030\u00b0C.<\/p>\n<p>Tribeca finns som best\u00e4llningsvara i andra tyger &amp; f\u00e4rger samt \u00e4ven i skinn\/l\u00e4der. Klicka p\u00e5 Tyg- och f\u00e4rgl\u00e4nken l\u00e4ngst nere i sidfoten f\u00f6r att best\u00e4lla Gratis tygprover.<\/p>\n<p><strong>Produktfakta<\/strong><br \/>\n&#8211;\u00a0 Tribeca \u00e4r tillverkad av Bellus.<br \/>\n&#8211;\u00a0 Sitsar: pocketfj\u00e4drar,\u00a0Cloud-system &#8211; 5 \u00e5rs garanti avs fj\u00e4derbrott, HR skum 35 kg, kanalsydda p\u00e5sar med en mix av fj\u00e4drar\u00a0och strimlad kallskum.\u00a0Avtagbar tv\u00e4ttbar kl\u00e4dsel.<br \/>\n&#8211;\u00a0 Ryggdynor:\u00a0kanalsydda p\u00e5sar med en mix av fj\u00e4drar\u00a0och strimlad kallskum.\u00a0Avtagbar tv\u00e4ttbar kl\u00e4dsel.<br \/>\n&#8211;\u00a0 Dekorkuddar: 1 st dekorkudde, 70&#215;75 cm, ing\u00e5r per armst\u00f6d eller h\u00f6rna. I samma tyg\/f\u00e4rg som \u00f6vriga soffan.\u00a0Avtagbar tv\u00e4ttbar kl\u00e4dsel.<br \/>\n&#8211;\u00a0 Ram: nozagfj\u00e4drar, plywood, massivt tr\u00e4.<br \/>\n&#8211;\u00a0 Ben: tr\u00e4, svarta. \u00c4r ganska dolda undertill. Inga valbara ben finns f\u00f6r denna modell.<\/p>\n<p><var class=\"placeholder image\" data-placeholder=\"[[img@id=;2954;@resolution=;tiny;]]\" data-edit-title=\"Redigera\"><img decoding=\"async\" class=\"\" src=\"https:\/\/cdn.starwebserver.se\/shops\/lasoffor\/files\/cache\/cloud-system-logga_tiny.jpg?_=1613393581\" alt=\"\" width=\"300\" height=\"128\" data-placeholder=\"[[img@id=;2954;@resolution=;tiny;]]\" \/><\/var>\u200b<\/p>\n<p>R\u00e5d &amp; tips<br \/>\nTribeca h\u00f6rnsoffa med Divan levereras i 7 st kolli. Armst\u00f6det monteras p\u00e5 med hj\u00e4lp av skruvdragare. \u00d6vriga soffdelar monteras l\u00e4tt ihop utan verktyg. Benen \u00e4r f\u00f6rmonterade p\u00e5 varje del.<\/p>\n<p>Vi rekommenderar att k\u00f6pa till <a href=\"https:\/\/sofforsangar.se\/produkt\/textilvard-textile-clean-protect\/\">textilskyddsmedel<\/a> som skyddar, v\u00e5rdar och bevarar textilierna eller skinnet.<\/p>\n<h3>Intresserad av annan modell?<\/h3>\n<p>I v\u00e5r butik i Malm\u00f6 har vi m\u00e4ngder av valm\u00f6jligheter. M\u00e5nga produkter g\u00e5r att f\u00e5 i olika modeller, med olika tyger och ben. F\u00f6r intresse om annan modell, var god maila info@sofforsangar.se eller ring oss tel. 040-13 99 11.<\/p>\n","protected":false},"excerpt":{"rendered":"<p>N\u00e4rmare info om\u00a0Tribeca kommer inom kort. Leveranstid: 8-10 veckor M\u00e5tt 347 x 425 cm (425 cm p\u00e5 sidan med divanen) Djup 110 cm H\u00f6jd inkl ryggdyna 87\u00a0cm Djup divan 175 cm Sitth\u00f6jd 48 cm Sittdjup ca 70 cm Benh\u00f6jd 10 cm M\u00e5tten kan variera +- 3 cm beroende p\u00e5 kombination och kl\u00e4dselmaterial. Tyg\/F\u00e4rg Diego Grey [&hellip;]<\/p>\n","protected":false},"featured_media":302,"comment_status":"open","ping_status":"closed","template":"","meta":{"_acf_changed":false},"product_brand":[],"product_cat":[32,43,53,34],"product_tag":[],"class_list":{"0":"post-301","1":"product","2":"type-product","3":"status-publish","4":"has-post-thumbnail","6":"product_cat-djup-soffa","7":"product_cat-hornsoffa","8":"product_cat-modulsoffa","9":"product_cat-huvudkategori-soffor","10":"product_shipping_class-stora-mobler","12":"first","13":"instock","14":"taxable","15":"shipping-taxable","16":"purchasable","17":"product-type-variable","18":"has-default-attributes"},"acf":[],"_links":{"self":[{"href":"https:\/\/www.sofforsangar.se\/dk\/wp-json\/wp\/v2\/product\/301","targetHints":{"allow":["GET"]}}],"collection":[{"href":"https:\/\/www.sofforsangar.se\/dk\/wp-json\/wp\/v2\/product"}],"about":[{"href":"https:\/\/www.sofforsangar.se\/dk\/wp-json\/wp\/v2\/types\/product"}],"replies":[{"embeddable":true,"href":"https:\/\/www.sofforsangar.se\/dk\/wp-json\/wp\/v2\/comments?post=301"}],"wp:featuredmedia":[{"embeddable":true,"href":"https:\/\/www.sofforsangar.se\/dk\/wp-json\/wp\/v2\/media\/302"}],"wp:attachment":[{"href":"https:\/\/www.sofforsangar.se\/dk\/wp-json\/wp\/v2\/media?parent=301"}],"wp:term":[{"taxonomy":"product_brand","embeddable":true,"href":"https:\/\/www.sofforsangar.se\/dk\/wp-json\/wp\/v2\/product_brand?post=301"},{"taxonomy":"product_cat","embeddable":true,"href":"https:\/\/www.sofforsangar.se\/dk\/wp-json\/wp\/v2\/product_cat?post=301"},{"taxonomy":"product_tag","embeddable":true,"href":"https:\/\/www.sofforsangar.se\/dk\/wp-json\/wp\/v2\/product_tag?post=301"}],"curies":[{"name":"wp","href":"https:\/\/api.w.org\/{rel}","templated":true}]}}