{"id":298,"date":"2022-08-23T23:08:38","date_gmt":"2022-08-23T21:08:38","guid":{"rendered":"https:\/\/www.sofforsangar.se\/?post_type=product&#038;p=298"},"modified":"2023-05-29T15:00:57","modified_gmt":"2023-05-29T13:00:57","slug":"jackson-hornsoffa-med-rundat-horn-divan","status":"publish","type":"product","link":"https:\/\/www.sofforsangar.se\/dk\/vare\/jackson-hornsoffa-med-rundat-horn-divan\/","title":{"rendered":"Jackson Maxi"},"content":{"rendered":"<h2>Jackson &#8211; Den flexibla byggbara soffan<\/h2>\n<p>Jackson er vores fleksible sofa serie, her f\u00e5r du rene linjer og dejlig bl\u00f8de s\u00e6dehynder.\nSofaen f\u00e5es i et utal af farver og materialer.\nS\u00e5 vi garantere at vi kan kombinere en Jackson som passer til dig.<\/p>\n<p>Leveranstid: 7-9 veckor<\/p>\n<h3>Specifikation f\u00f6r Jackson h\u00f6rnsoffa<\/h3>\n<h4>M\u00e5l<\/h4>\n<p>L: 340 cm<br \/>\nD: 270 cm<br \/>\nH: 92 cm<br \/>\nDybde: 145 cm<br \/>\nSide h\u00f8jde: 50 cm<br \/>\nSide dybde: 60 cm<br \/>\nBen: 10 cm<br \/>\nM\u00e5lene kan variere op til 3 cm<\/p>\n<h4>Stoffer og farver<\/h4>\n<p>Grande Gammel Rosa\nMartindale: 45000\nPilling: 4\nVi anbefaler kemisk rensning.<\/p>\n<h4>Lidt fakta:<\/h4>\n<p>S\u00e6de hynder bygget i sandwich konstruktion med fibervat.<br \/>\nRyghynderne er kanalsyede med polyeter. Og aftagbara.<br \/>\nRammen er opbygget i tr\u00e6 og nozag fjeder.<br \/>\nBen 10 cm standart i metall.<u>.<\/u><\/p>\n<h4>Vedligeholdelses r\u00e5d<\/h4>\n<p>Vi anbefaler at man vender p\u00e5 hynderne med j\u00e6vne mellemrum.<br \/>\nSofaen leveres i 4 kolli<\/p>\n<p>Vi anbefaler at tilk\u00f8be vores plejeserie. <a href=\"https:\/\/www.sofforsangar.se\/dk\/vare\/textilvard-textile-clean-protect\/\">Plejeserie<\/a> for en l\u00e6nger levetid.<\/p>\n<h2>Fandt du ikke lige det du s\u00f8gte.<\/h2>\n<p>Vores butik i centrale Malm\u00f8, byder p\u00e5 masser af inspiration. Her har vi 1000 kvm med sk\u00f8nne m\u00f8bler. Ring eller mail s\u00e5 hj\u00e6lper vi dig.\n0046 40 13 99 11.<\/p>","protected":false},"excerpt":{"rendered":"<p>Jackson er vores fleksible sofa serie, her f\u00e5r du rene linjer og dejlig bl\u00f8de s\u00e6dehynder.<\/p>","protected":false},"featured_media":299,"comment_status":"open","ping_status":"closed","template":"","meta":{"_acf_changed":false},"product_brand":[],"product_cat":[43,53,34],"product_tag":[],"class_list":{"0":"post-298","1":"product","2":"type-product","3":"status-publish","4":"has-post-thumbnail","6":"product_cat-hornsoffa","7":"product_cat-modulsoffa","8":"product_cat-huvudkategori-soffor","9":"product_shipping_class-stora-mobler","11":"first","12":"instock","13":"taxable","14":"shipping-taxable","15":"purchasable","16":"product-type-variable","17":"has-default-attributes"},"acf":[],"_links":{"self":[{"href":"https:\/\/www.sofforsangar.se\/dk\/wp-json\/wp\/v2\/product\/298","targetHints":{"allow":["GET"]}}],"collection":[{"href":"https:\/\/www.sofforsangar.se\/dk\/wp-json\/wp\/v2\/product"}],"about":[{"href":"https:\/\/www.sofforsangar.se\/dk\/wp-json\/wp\/v2\/types\/product"}],"replies":[{"embeddable":true,"href":"https:\/\/www.sofforsangar.se\/dk\/wp-json\/wp\/v2\/comments?post=298"}],"wp:featuredmedia":[{"embeddable":true,"href":"https:\/\/www.sofforsangar.se\/dk\/wp-json\/wp\/v2\/media\/299"}],"wp:attachment":[{"href":"https:\/\/www.sofforsangar.se\/dk\/wp-json\/wp\/v2\/media?parent=298"}],"wp:term":[{"taxonomy":"product_brand","embeddable":true,"href":"https:\/\/www.sofforsangar.se\/dk\/wp-json\/wp\/v2\/product_brand?post=298"},{"taxonomy":"product_cat","embeddable":true,"href":"https:\/\/www.sofforsangar.se\/dk\/wp-json\/wp\/v2\/product_cat?post=298"},{"taxonomy":"product_tag","embeddable":true,"href":"https:\/\/www.sofforsangar.se\/dk\/wp-json\/wp\/v2\/product_tag?post=298"}],"curies":[{"name":"wp","href":"https:\/\/api.w.org\/{rel}","templated":true}]}}