{"id":291,"date":"2022-08-23T17:09:33","date_gmt":"2022-08-23T15:09:33","guid":{"rendered":"https:\/\/www.sofforsangar.se\/?post_type=product&#038;p=291"},"modified":"2025-05-25T12:57:25","modified_gmt":"2025-05-25T10:57:25","slug":"robin-hornsoffa","status":"publish","type":"product","link":"https:\/\/www.sofforsangar.se\/dk\/vare\/robin-hornsoffa\/","title":{"rendered":"Robin Hj\u00f8rne"},"content":{"rendered":"<p><strong>Robin! Ack, s\u00e5 sk\u00f6n med ryggdyna hela v\u00e4gen upp!\u00a0<\/strong>V\u00e5r omtyckta soffa med h\u00f6g rygg och fint djup i sitsen\u00a0passar f\u00f6r alla m\u00f6jliga trevliga aktiviteter. Sitta bra, h\u00e4nga sk\u00f6nt, tupplura gott, ja &#8211; m\u00f6jligheterna \u00e4r stora.\u00a0V\u00e4lj mellan tokm\u00e5nga kvalitetstyger av manchester, sammet, andra tyger\u00a0eller skinn.\u00a0V\u00e4lj \u00e4ven\u00a0mellan olika storlekar av h\u00f6rnsoffor, divansoffor, 2-sits, 3-sits,\u00a0f\u00e5t\u00f6lj och fotpall. Varje modell av Robin \u00e4r en tidl\u00f6s sittm\u00f6bel med pocketfj\u00e4drar i sitsen f\u00f6r b\u00e4sta komfort som ger dig den d\u00e4r extra relaxk\u00e4nslan.<\/p>\n<p>Leveranstid: 8-10 veckor.<\/p>\n<p><strong>M\u00e5tt<br \/>\n<\/strong>304&#215;264 cm \/ 264&#215;304 cm<br \/>\nDjup 101 cm<br \/>\nH\u00f6jd 94 cm<br \/>\nSitth\u00f6jd 49 cm (med benh\u00f6jd 12 cm)<br \/>\nSittdjup 60 cm<br \/>\nBenh\u00f6jd 12 cm (tr\u00e4ben) alt. 13 cm (metallben)<br \/>\nM\u00e5tten kan variera +- 3 cm beroende p\u00e5 kombination och kl\u00e4dselmaterial.<\/p>\n<p><strong>Tyg\/F\u00e4r<\/strong><strong>g<\/strong><br \/>\nMatuu Grey (prisgr. 4). Kvalitet 100% polyester. Martindale 100,000.\u00a0Pilling 4-5.\u00a0Ljus\u00e4kthet 5. Tv\u00e4ttr\u00e5d Kemtv\u00e4tt.<\/p>\n<p>Robin h\u00f6rnsoffa finns som best\u00e4llningsvara i andra tyger &amp; f\u00e4rger samt \u00e4ven i skinn\/l\u00e4der. Klicka p\u00e5 Tyg- och f\u00e4rgl\u00e4nken i sidfoten f\u00f6r att best\u00e4lla Gratis tygprover.<\/p>\n<p><strong>Produktfakta<\/strong><br \/>\n&#8211;\u00a0 Tillverkare: Bellus.<br \/>\n&#8211;\u00a0 Sitsar: pocketfj\u00e4drar,\u00a0Cloud-plus-system &#8211; 5 \u00e5rs garanti avs fj\u00e4derbrott, HR skum 35 kg, memoryskum, polyesterfiber. Avtagbar tv\u00e4ttbar kl\u00e4dsel.<br \/>\n&#8211;\u00a0 Ryggdynor: silikoniserad fibervadd. Fixerade ryggdynor.<br \/>\n&#8211;\u00a0 Dekorkuddar: 1 st dekorkudde per armst\u00f6d\u00a0i samma tyg som soffan ing\u00e5r i k\u00f6pet\u00a0(ej vid val av l\u00e4der).\u00a0Storlek 40&#215;40 cm.<br \/>\n&#8211;\u00a0 Ram: nozagfj\u00e4drar, plywood, massivt tr\u00e4.<br \/>\n&#8211;\u00a0 Ben finns som standard i tr\u00e4, h\u00f6jd 12 cm, i svart, m\u00f6rkbrun, valn\u00f6t, ek, bok eller vit. Valbara ben som till\u00e4gg i metall, h\u00f6jd 13 cm, i rostfritt st\u00e5l eller matt svart.<\/p>\n<p><var class=\"placeholder image\" data-placeholder=\"[[img@id=;2954;@resolution=;tiny;]]\" data-edit-title=\"Redigera\"><img decoding=\"async\" class=\"\" src=\"https:\/\/cdn.starwebserver.se\/shops\/lasoffor\/files\/cache\/cloud-system-logga_tiny.jpg?_=1613393581\" alt=\"\" width=\"300\" height=\"128\" data-placeholder=\"[[img@id=;2954;@resolution=;tiny;]]\" \/><\/var>\u200b<\/p>\n<p><strong>R\u00e5d &amp; tips<\/strong><br \/>\nRobin h\u00f6rnsoffa\u00a0levereras i 3 st kolli. De tre delarna monteras l\u00e4tt ihop utan verktyg. Benen skruvas p\u00e5 alt. monteras p\u00e5\u00a0varp\u00e5 skruvdragare kan beh\u00f6vs beroende p\u00e5 val av ben.<\/p>\n<p>Vi rekommenderar att k\u00f6pa till <a href=\"https:\/\/sofforsangar.se\/produkt\/textilvard-textile-clean-protect\/\">textilskyddsmedel<\/a> som skyddar, v\u00e5rdar och bevarar textilierna eller skinnet.<\/p>\n<h3>Intresserad av annan modell?<\/h3>\n<p>I v\u00e5r butik i Malm\u00f6 har vi m\u00e4ngder av valm\u00f6jligheter. M\u00e5nga produkter g\u00e5r att f\u00e5 i olika modeller, med olika tyger och ben. F\u00f6r intresse om annan modell, var god maila info@sofforsangar.se eller ring oss tel. 040-13 99 11.<\/p>\n","protected":false},"excerpt":{"rendered":"<p>Robin! Ack, s\u00e5 sk\u00f6n med ryggdyna hela v\u00e4gen upp!\u00a0V\u00e5r omtyckta soffa med h\u00f6g rygg och fint djup i sitsen\u00a0passar f\u00f6r alla m\u00f6jliga trevliga aktiviteter. Sitta bra, h\u00e4nga sk\u00f6nt, tupplura gott, ja &#8211; m\u00f6jligheterna \u00e4r stora.\u00a0V\u00e4lj mellan tokm\u00e5nga kvalitetstyger av manchester, sammet, andra tyger\u00a0eller skinn.\u00a0V\u00e4lj \u00e4ven\u00a0mellan olika storlekar av h\u00f6rnsoffor, divansoffor, 2-sits, 3-sits,\u00a0f\u00e5t\u00f6lj och fotpall. Varje [&hellip;]<\/p>\n","protected":false},"featured_media":292,"comment_status":"open","ping_status":"closed","template":"","meta":{"_acf_changed":false},"product_brand":[],"product_cat":[43,34],"product_tag":[],"class_list":{"0":"post-291","1":"product","2":"type-product","3":"status-publish","4":"has-post-thumbnail","6":"product_cat-hornsoffa","7":"product_cat-huvudkategori-soffor","8":"product_shipping_class-stora-mobler","10":"first","11":"instock","12":"taxable","13":"shipping-taxable","14":"purchasable","15":"product-type-variable","16":"has-default-attributes"},"acf":[],"_links":{"self":[{"href":"https:\/\/www.sofforsangar.se\/dk\/wp-json\/wp\/v2\/product\/291","targetHints":{"allow":["GET"]}}],"collection":[{"href":"https:\/\/www.sofforsangar.se\/dk\/wp-json\/wp\/v2\/product"}],"about":[{"href":"https:\/\/www.sofforsangar.se\/dk\/wp-json\/wp\/v2\/types\/product"}],"replies":[{"embeddable":true,"href":"https:\/\/www.sofforsangar.se\/dk\/wp-json\/wp\/v2\/comments?post=291"}],"wp:featuredmedia":[{"embeddable":true,"href":"https:\/\/www.sofforsangar.se\/dk\/wp-json\/wp\/v2\/media\/292"}],"wp:attachment":[{"href":"https:\/\/www.sofforsangar.se\/dk\/wp-json\/wp\/v2\/media?parent=291"}],"wp:term":[{"taxonomy":"product_brand","embeddable":true,"href":"https:\/\/www.sofforsangar.se\/dk\/wp-json\/wp\/v2\/product_brand?post=291"},{"taxonomy":"product_cat","embeddable":true,"href":"https:\/\/www.sofforsangar.se\/dk\/wp-json\/wp\/v2\/product_cat?post=291"},{"taxonomy":"product_tag","embeddable":true,"href":"https:\/\/www.sofforsangar.se\/dk\/wp-json\/wp\/v2\/product_tag?post=291"}],"curies":[{"name":"wp","href":"https:\/\/api.w.org\/{rel}","templated":true}]}}