{"id":275,"date":"2022-08-23T15:18:03","date_gmt":"2022-08-23T13:18:03","guid":{"rendered":"https:\/\/www.sofforsangar.se\/?post_type=product&#038;p=275"},"modified":"2025-05-25T12:51:55","modified_gmt":"2025-05-25T10:51:55","slug":"colorado-fatolj","status":"publish","type":"product","link":"https:\/\/www.sofforsangar.se\/dk\/vare\/colorado-fatolj\/","title":{"rendered":"Colorado nordisk design."},"content":{"rendered":"<p><strong>Colorado er s\u00e5 l\u00e6kker !<\/strong> Vores popul\u00e6re er super sk\u00f8n, dejlig faste side og ryg hynder.\nDu kan v\u00e6lge mellem et helt spektra af farver og materialer.\nStolen er tidsl\u00f8st i sit design, og er ogs\u00e5 super l\u00e6kker i \u00e6gte l\u00e6der.<\/p>\n<p>Leveringstid: 8-10 uger<\/p>\n<p><strong>M\u00e5l\/v\u00e6gt<br \/>\n<\/strong>B: 97 cm<br \/>\nD: 102 cm<br \/>\nH: 78 cm<br \/>\nSide h\u00f8jde: 43 cm<br \/>\nSide dybde: 61 cm<br \/>\nBen: 12 cm<br \/>\nM\u00e5lene kan variere op til 3 cm<br \/>\nVikt inkl emballage 28 kg<\/p>\n<p><strong>Materiale og farve:<\/strong><strong>:<\/strong><br \/>\nBull Cognac l\u00e6derlignende (pris gr 7)\nMartindale: 32000\nPiiling: 3-4\nReng\u00f8res med en fugtig klud.<\/p>\n<p><strong>Lidt fakta:<\/strong><br \/>\nProduceres af Bellus.<br \/>\nSidehynder er HR skum, med duntop.<br \/>\nRygghynderne : Best\u00e5r af dun og revet koldskum.<br \/>\nRammen p\u00e5 sofaen er massiv tr\u00e6, og Nozag fjeder.<br \/>\nBen i metal.<\/p>\n<p><strong>Vedligeholdelses r\u00e5d<\/strong><br \/>\nStolen kommer i 1 kolli, og benene skrues let p\u00e5 uden brug af v\u00e6rkt\u00f8j.<\/p>\n<p>Vi anbefaler at tilk\u00f8be vores plejeserie. <a href=\"https:\/\/www.sofforsangar.se\/dk\/vare\/textilvard-textile-clean-protect\/\">Plejeserie<\/a> for en l\u00e6nger levetid.<\/p>\n<h3>Fandt du ikke lige det du s\u00f8gte.<\/h3>\n<p>Vores butik i centrale Malm\u00f8, byder p\u00e5 masser af inspiration. Her har vi 1000 kvm med sk\u00f8nne m\u00f8bler. Ring eller mail s\u00e5 hj\u00e6lper vi dig.\n0046 40 13 99 11.<\/p>","protected":false},"excerpt":{"rendered":"<p>Colorado! Gudars, s\u00e5 fin med slimmad design! V\u00e5r popul\u00e4ra f\u00e5t\u00f6lj med sk\u00f6n stil och h\u00e4rligt\u00a0djup i sitsen\u00a0passar f\u00f6r de flesta trevliga aktiviteter. Sitta och umg\u00e5s, slappa f\u00f6r TV-mys, l\u00e4sestund, v\u00e4lj sj\u00e4lv &#8211; m\u00e5nga valm\u00f6jligheter. V\u00e4lj mellan\u00a0tokm\u00e5nga kvalitetstyger av manchester, sammet, andra tyger, konstskinn eller skinn.\u00a0V\u00e4lj \u00e4ven\u00a0mellan f\u00e5t\u00f6lj och maxif\u00e5t\u00f6lj och kanske en fotpall till?\u00a0Finns \u00e4ven\u00a02-sits, [&hellip;]<\/p>\n","protected":false},"featured_media":276,"comment_status":"open","ping_status":"closed","template":"","meta":{"_acf_changed":false},"product_brand":[],"product_cat":[44,34],"product_tag":[],"class_list":{"0":"post-275","1":"product","2":"type-product","3":"status-publish","4":"has-post-thumbnail","6":"product_cat-fatoljer","7":"product_cat-huvudkategori-soffor","8":"product_shipping_class-stora-mobler","10":"first","11":"instock","12":"taxable","13":"shipping-taxable","14":"purchasable","15":"product-type-simple"},"acf":[],"_links":{"self":[{"href":"https:\/\/www.sofforsangar.se\/dk\/wp-json\/wp\/v2\/product\/275","targetHints":{"allow":["GET"]}}],"collection":[{"href":"https:\/\/www.sofforsangar.se\/dk\/wp-json\/wp\/v2\/product"}],"about":[{"href":"https:\/\/www.sofforsangar.se\/dk\/wp-json\/wp\/v2\/types\/product"}],"replies":[{"embeddable":true,"href":"https:\/\/www.sofforsangar.se\/dk\/wp-json\/wp\/v2\/comments?post=275"}],"wp:featuredmedia":[{"embeddable":true,"href":"https:\/\/www.sofforsangar.se\/dk\/wp-json\/wp\/v2\/media\/276"}],"wp:attachment":[{"href":"https:\/\/www.sofforsangar.se\/dk\/wp-json\/wp\/v2\/media?parent=275"}],"wp:term":[{"taxonomy":"product_brand","embeddable":true,"href":"https:\/\/www.sofforsangar.se\/dk\/wp-json\/wp\/v2\/product_brand?post=275"},{"taxonomy":"product_cat","embeddable":true,"href":"https:\/\/www.sofforsangar.se\/dk\/wp-json\/wp\/v2\/product_cat?post=275"},{"taxonomy":"product_tag","embeddable":true,"href":"https:\/\/www.sofforsangar.se\/dk\/wp-json\/wp\/v2\/product_tag?post=275"}],"curies":[{"name":"wp","href":"https:\/\/api.w.org\/{rel}","templated":true}]}}