{"id":272,"date":"2022-08-23T15:01:38","date_gmt":"2022-08-23T13:01:38","guid":{"rendered":"https:\/\/www.sofforsangar.se\/?post_type=product&#038;p=272"},"modified":"2025-05-22T00:10:51","modified_gmt":"2025-05-21T22:10:51","slug":"merion-divansoffa","status":"publish","type":"product","link":"https:\/\/www.sofforsangar.se\/dk\/vare\/merion-divansoffa\/","title":{"rendered":"Merion Chaiselong"},"content":{"rendered":"<p><strong>Beskrivning<\/strong><br \/>\nMerion  er er en sofa med rigtig sk\u00f8n sidekomfort. Modellen har h\u00f8je ben s\u00e5 det er muligt at st\u00f8vsuge under.\nMerion findes i flere moduler. Og et v\u00e6ld af farver og materialer.<\/p>\n<p>Leveringstid: 8-10 uger<\/p>\n<p><strong>M\u00e5l<br \/>\n<\/strong>L: 288 cm<br \/>\nChaiseloung: 184 cm<br \/>\nH; 87 cm<br \/>\nSide h\u00f8jde: 43 cm<br \/>\nBen<br \/>\nBen: 21 cm metal<br \/>\nM\u00e5lene kan variere op til 3 cm<\/p>\n<p><strong>Materiale og farve:<\/strong><strong>:<\/strong><br \/>\nHombre Bl\u00e5 (pris gr 5) \nMartindale 50000\nPilling: 5 \nLys\u00e6gtehed: 4\nBetr\u00e6k : 30 grader maskin<\/p>\n<p>Merion sofa serien findes i et v\u00e6lg af farver og materialer.<\/p>\n<p><strong>Lidt fakta:<\/strong><br \/>\nProduceres af Bellus.<br \/>\nS\u00e6de: koldskum og ERX skum med fiber top.<br \/>\nPyntepuder:<br \/>\n2 stk pyntepuder for en \u00f8get siddekomfort.<br \/>\nRammen p\u00e5 sofaen er massiv tr\u00e6, og Nozag fjeder.<br \/>\nBen standart sort metal 21 cm<\/p>\n<p><strong>Vedligeholdelses r\u00e5d<\/strong><br \/>\nDenne sofa leveres i 2 kolli, og monteres let uden brug af v\u00e6rkt\u00f8j.<\/p>\n<p>Vi anbefaler at tilk\u00f8be vores plejeserie. <a href=\"https:\/\/www.sofforsangar.se\/dk\/vare\/textilvard-textile-clean-protect\/\">Plejeserie<\/a> for en l\u00e6nger levetid.<\/p>\n<h3>Fandt du ikke lige det du s\u00f8gte.<\/h3>\n<p>Vores butik i centrale Malm\u00f8, byder p\u00e5 masser af inspiration. Her har vi 1000 kvm med sk\u00f8nne m\u00f8bler. Ring eller mail s\u00e5 hj\u00e6lper vi dig.\n0046 40 13 99 11.<\/p>","protected":false},"excerpt":{"rendered":"<p>Merion er en sk\u00f8n sofa.<\/p>","protected":false},"featured_media":273,"comment_status":"open","ping_status":"closed","template":"","meta":{"_acf_changed":false},"product_brand":[],"product_cat":[35,57,34],"product_tag":[],"class_list":{"0":"post-272","1":"product","2":"type-product","3":"status-publish","4":"has-post-thumbnail","6":"product_cat-divan-schaslongsoffa","7":"product_cat-manchestersoffa","8":"product_cat-huvudkategori-soffor","9":"product_shipping_class-stora-mobler","11":"first","12":"onbackorder","13":"taxable","14":"shipping-taxable","15":"purchasable","16":"product-type-variable","17":"has-default-attributes"},"acf":[],"_links":{"self":[{"href":"https:\/\/www.sofforsangar.se\/dk\/wp-json\/wp\/v2\/product\/272","targetHints":{"allow":["GET"]}}],"collection":[{"href":"https:\/\/www.sofforsangar.se\/dk\/wp-json\/wp\/v2\/product"}],"about":[{"href":"https:\/\/www.sofforsangar.se\/dk\/wp-json\/wp\/v2\/types\/product"}],"replies":[{"embeddable":true,"href":"https:\/\/www.sofforsangar.se\/dk\/wp-json\/wp\/v2\/comments?post=272"}],"wp:featuredmedia":[{"embeddable":true,"href":"https:\/\/www.sofforsangar.se\/dk\/wp-json\/wp\/v2\/media\/273"}],"wp:attachment":[{"href":"https:\/\/www.sofforsangar.se\/dk\/wp-json\/wp\/v2\/media?parent=272"}],"wp:term":[{"taxonomy":"product_brand","embeddable":true,"href":"https:\/\/www.sofforsangar.se\/dk\/wp-json\/wp\/v2\/product_brand?post=272"},{"taxonomy":"product_cat","embeddable":true,"href":"https:\/\/www.sofforsangar.se\/dk\/wp-json\/wp\/v2\/product_cat?post=272"},{"taxonomy":"product_tag","embeddable":true,"href":"https:\/\/www.sofforsangar.se\/dk\/wp-json\/wp\/v2\/product_tag?post=272"}],"curies":[{"name":"wp","href":"https:\/\/api.w.org\/{rel}","templated":true}]}}