{"id":2685,"date":"2023-07-25T12:19:32","date_gmt":"2023-07-25T10:19:32","guid":{"rendered":"https:\/\/www.sofforsangar.se\/?post_type=product&#038;p=2685"},"modified":"2025-12-26T15:49:46","modified_gmt":"2025-12-26T13:49:46","slug":"kingston-kontinentalsang-inkl-sanggavel","status":"publish","type":"product","link":"https:\/\/www.sofforsangar.se\/dk\/vare\/kingston-kontinentalsang-inkl-sanggavel\/","title":{"rendered":"Kingston Kontinental"},"content":{"rendered":"<h2>Komplet seng, med topmadras, gavel og valgfrie ben.<\/h2>\n<p>Kingston er en kontinental seng, med en h\u00f8j komfort og en f\u00f8lelse af luxus. \nMadrassen er vendbar og du har mulighed for at v\u00e6lge forskellige fastheder. \nEn kvalitets topmadras i latex, giver din krop god mulighed for at slappe af.\nDu kan fuldende hotel f\u00f8lelsen i dit sovev\u00e6relse med en af vores flotte hovedgavler.\nVi lover du kommer til at sove godt i denne fantastiske seng, og prisen giver ingen onde dr\u00f8mme. :)<\/p>\n<p>Leveringstid: Bestillingsvare 6-8 uger<\/p>\n<h3>M\u00e5l<\/h3>\n<p>L\u00e6ngde: 200 cm<br \/>\nHvilken st\u00f8rrelse passer dig.\n90,1,5,120,140.160,180,200  eller 210x210<br \/>\nH\u00f8jde: 73 cm<br \/>\nTopmadras: 8 cm<\/p>\n<h3>Stoffer og farver<\/h3>\n<p>Monolith er et velour betr\u00e6k (pris gr 1)\nMartindale: 100 000\nPilling: 4-5\nAnbefaler: Kemisk rensning<\/p>\n<h3>Lidt fakta:<\/h3>\n<p>Design din egen seng: Kontinental seng, incl topmadras, ben og sengegavlen. <strong>Medium komfort,<\/strong>\u00a0<strong>Fast Comfort <\/strong>eller<strong> Extra fast<\/strong> <strong>komfort.<\/strong> Madrassen er vendbar,  og vi har et stort spektra af forskellige stoffer at v\u00e6lge imellem.\nVi svare altid p\u00e5 telefon eller mail, hvis du har nogen sp\u00f8rgsm\u00e5l.<\/p>\n<p><em>Rammen:\u00a0<\/em>H\u00f8jden er 25 cm, og rammen er opbygget i tr\u00e6.\n\nMadrassen best\u00e5r af 14 cm posefjedre og et lag bl\u00f8dt skum.<\/p>\n<p><em>Mellemmadrassen: Er 20 cm posefjeder  (257 pr kvm)<\/em> H\u00f8jden er 25 cm <strong>Extra Fast<\/strong> En yderligere del med 13 cm, posefjeder. <strong>5 komfortzoner<\/strong> V\u00e6lger du en dobbeltseng, best\u00e5r den af 2 kerner og et betr\u00e6k.<\/p>\n<p><em>Topmadras: Gransios Latex<\/em>\u00a0Latex forbedre luftgennemstr\u00f8mmningen .<\/p>\n<p>Gavel: Harlem  gavlen er 9 cm tyk og h\u00f8jden er 120 cm. Kan monteres p\u00e5 v\u00e6ggen eller s\u00e6ttes p\u00e5 ben.<\/p>\n<p><em>Ben:\u00a0<\/em>Ben: 12 cm i metal<\/p>\n<h3>Tips &amp; r\u00e5d<\/h3>\n<p>Sengen kommer i 7 kolli + ben, let at montere uden brug af v\u00e6rkt\u00f8j.<\/p>\n<p>Vi anbefaler at tilk\u00f8be vores plejeserie. <a href=\"https:\/\/sofforsangar.kompetentor.se\/produkt\/sangvard-bed-conditioner\/\">Plejeserie<\/a> for en l\u00e6nger levetid.<\/p>\n<h3>Fandt du ikke lige det du s\u00f8gte.<\/h3>\n<p>Vores butik i centrale Malm\u00f8, byder p\u00e5 masser af inspiration. Her har vi 1000 kvm med sk\u00f8nne m\u00f8bler. Ring eller mail s\u00e5 hj\u00e6lper vi dig.\n0046 40 13 99 11.<\/p>","protected":false},"excerpt":{"rendered":"<p>Komplett s\u00e4ngpaket med b\u00e4ddmadrass, s\u00e4nggavel och ben Kingston \u00e4r en mer fast kontinentals\u00e4ng som \u00e4r grandios i sin utformning, doftar Lyx och \u00e4r riktigt himla komfortabel. Mellanmadrasserna \u00e4r v\u00e4ndbara och erbjuder antingen Medium, Fast eller Extra fast komfort. B\u00e4ddmadrass av latex som \u00e4r tjock och erbjuder stadga. Designen \u00e4r snygg, stilren och kan kombineras med [&hellip;]<\/p>\n","protected":false},"featured_media":2876,"comment_status":"closed","ping_status":"closed","template":"","meta":{"_acf_changed":false},"product_brand":[],"product_cat":[38,39,40,41,42],"product_tag":[],"class_list":{"0":"post-2685","1":"product","2":"type-product","3":"status-publish","4":"has-post-thumbnail","6":"product_cat-extra-bred-sang","7":"product_cat-extra-lang-sang","8":"product_cat-komplett-sangpaket","9":"product_cat-kontinentalsang","10":"product_cat-huvudkategori-sangar","11":"product_shipping_class-stora-mobler","13":"first","14":"onbackorder","15":"taxable","16":"shipping-taxable","17":"purchasable","18":"product-type-variable","19":"has-default-attributes"},"acf":[],"_links":{"self":[{"href":"https:\/\/www.sofforsangar.se\/dk\/wp-json\/wp\/v2\/product\/2685","targetHints":{"allow":["GET"]}}],"collection":[{"href":"https:\/\/www.sofforsangar.se\/dk\/wp-json\/wp\/v2\/product"}],"about":[{"href":"https:\/\/www.sofforsangar.se\/dk\/wp-json\/wp\/v2\/types\/product"}],"replies":[{"embeddable":true,"href":"https:\/\/www.sofforsangar.se\/dk\/wp-json\/wp\/v2\/comments?post=2685"}],"wp:featuredmedia":[{"embeddable":true,"href":"https:\/\/www.sofforsangar.se\/dk\/wp-json\/wp\/v2\/media\/2876"}],"wp:attachment":[{"href":"https:\/\/www.sofforsangar.se\/dk\/wp-json\/wp\/v2\/media?parent=2685"}],"wp:term":[{"taxonomy":"product_brand","embeddable":true,"href":"https:\/\/www.sofforsangar.se\/dk\/wp-json\/wp\/v2\/product_brand?post=2685"},{"taxonomy":"product_cat","embeddable":true,"href":"https:\/\/www.sofforsangar.se\/dk\/wp-json\/wp\/v2\/product_cat?post=2685"},{"taxonomy":"product_tag","embeddable":true,"href":"https:\/\/www.sofforsangar.se\/dk\/wp-json\/wp\/v2\/product_tag?post=2685"}],"curies":[{"name":"wp","href":"https:\/\/api.w.org\/{rel}","templated":true}]}}