{"id":263,"date":"2022-08-23T14:39:22","date_gmt":"2022-08-23T12:39:22","guid":{"rendered":"https:\/\/www.sofforsangar.se\/?post_type=product&#038;p=263"},"modified":"2025-05-21T22:55:35","modified_gmt":"2025-05-21T20:55:35","slug":"gustavo-3-sits-divansoffa","status":"publish","type":"product","link":"https:\/\/www.sofforsangar.se\/dk\/vare\/gustavo-3-sits-divansoffa\/","title":{"rendered":"Gustavo Lounge"},"content":{"rendered":"<p>Gustavo Divansoffa \u00e4r en lyxig, stor och imponerande soffa i\u00a0h\u00e4rlig loungestil. Dom tjocka och h\u00e4rliga ryggkuddarna s\u00e5v\u00e4l som den breda divanen inbjuder till sk\u00f6nt soffh\u00e4ng.\u00a0Med h\u00f6g komfortgrad\u00a0och i lent\u00a0sammetstyg kommer denna soffa utg\u00f6ra den sj\u00e4lvklara medelpunkten i ditt hem.<\/p>\n<p>Leveranstid: 8-10 veckor<\/p>\n<p><strong>M\u00e5tt\/Vikt<br \/>\n<\/strong>Bredd 319 cm<br \/>\nDjup 100 cm<br \/>\nH\u00f6jd 91 cm<br \/>\nDivandjup 168 cm<br \/>\nSitth\u00f6jd 43 cm<br \/>\nSittdjup ca 55-60 cm<br \/>\nBenh\u00f6jd 3 cm<br \/>\nM\u00e5tten kan variera +- 3 cm beroende p\u00e5 kombination och kl\u00e4dselmaterial.<br \/>\nVikt inkl emballage 125 kg<\/p>\n<p><strong>Tyg\/F\u00e4r<\/strong><strong>g<\/strong><br \/>\nGr\u00e5. Kvalitet 100% polyester. Martindale 50,000. Pilling 5. Ljus\u00e4kthet 4-5. Tv\u00e4ttr\u00e5d Kemtv\u00e4tt.<\/p>\n<p>Gustavo finns som best\u00e4llningsvara i andra tyger &amp; f\u00e4rger, klicka p\u00e5 Tyg- och f\u00e4rgl\u00e4nken l\u00e4ngst ner i sidfoten f\u00f6r att best\u00e4lla Gratis tygprover.<\/p>\n<p><strong>Produktfakta<\/strong><br \/>\n&#8211;\u00a0 Gustavo \u00e4r tillverkad av Bellus.<br \/>\n&#8211;\u00a0 Sitsar: pocketfj\u00e4drar,\u00a0Cloud-plus-system &#8211; 5 \u00e5rs garanti avs fj\u00e4derbrott, HR skum 36 kg, memoryskum, polyesterfiber. Avtagbar tv\u00e4ttbar kl\u00e4dsel.<br \/>\n&#8211;\u00a0 Ryggdynor: silikoniserad fibervadd. Avtagbar tv\u00e4ttbar kl\u00e4dsel.<br \/>\n&#8211;\u00a0 Ram: nozagfj\u00e4drar, plywood, massivt tr\u00e4.<br \/>\n&#8211;\u00a0 Ben: Standard i tr\u00e4, h\u00f6jd 3 cm, i svart, m\u00f6rkbrun, valn\u00f6t, ek, bok eller vit. Valbara ben, h\u00f6jd 8 cm, finns som till\u00e4gg i svart, m\u00f6rkbrun, valn\u00f6t, ek, bok eller vit eller i metall.<\/p>\n<p><var class=\"placeholder image\" data-placeholder=\"[[img@id=;2954;@resolution=;tiny;]]\" data-edit-title=\"Redigera\"><img decoding=\"async\" class=\"\" src=\"https:\/\/cdn.starwebserver.se\/shops\/lasoffor\/files\/cache\/cloud-system-logga_tiny.jpg?_=1613393581\" alt=\"\" width=\"300\" height=\"128\" data-placeholder=\"[[img@id=;2954;@resolution=;tiny;]]\" \/><\/var>\u200b<\/p>\n<p><strong>Tips &amp; R\u00e5d<\/strong><\/p>\n<p>Gustavo levereras i 2 st kolli, divandelen och 2-sits-delen. De tv\u00e5 delarna monteras l\u00e4tt ihop utan verktyg. Soffan kommer med benen p\u00e5monterade.<\/p>\n<p>Vi rekommenderar att k\u00f6pa till <a href=\"https:\/\/sofforsangar.se\/produkt\/textilvard-textile-clean-protect\/\">textilskyddsmedel<\/a> som skyddar, v\u00e5rdar och bevarar textilierna.<\/p>\n<h3>Intresserad av annan modell?<\/h3>\n<p>I v\u00e5r butik i Malm\u00f6 har vi m\u00e4ngder av valm\u00f6jligheter. M\u00e5nga produkter g\u00e5r att f\u00e5 i olika modeller, med olika tyger och ben. F\u00f6r intresse om annan modell, var god maila info@sofforsangar.se eller ring oss tel. 040-13 99 11.<\/p>\n","protected":false},"excerpt":{"rendered":"<p>Gustavo Divansoffa \u00e4r en lyxig, stor och imponerande soffa i\u00a0h\u00e4rlig loungestil. Dom tjocka och h\u00e4rliga ryggkuddarna s\u00e5v\u00e4l som den breda divanen inbjuder till sk\u00f6nt soffh\u00e4ng.\u00a0Med h\u00f6g komfortgrad\u00a0och i lent\u00a0sammetstyg kommer denna soffa utg\u00f6ra den sj\u00e4lvklara medelpunkten i ditt hem. Leveranstid: 8-10 veckor M\u00e5tt\/Vikt Bredd 319 cm Djup 100 cm H\u00f6jd 91 cm Divandjup 168 cm [&hellip;]<\/p>\n","protected":false},"featured_media":265,"comment_status":"open","ping_status":"closed","template":"","meta":{"_acf_changed":false},"product_brand":[],"product_cat":[35,34],"product_tag":[],"class_list":{"0":"post-263","1":"product","2":"type-product","3":"status-publish","4":"has-post-thumbnail","6":"product_cat-divan-schaslongsoffa","7":"product_cat-huvudkategori-soffor","8":"product_shipping_class-stora-mobler","10":"first","11":"onbackorder","12":"sale","13":"taxable","14":"shipping-taxable","15":"purchasable","16":"product-type-variable","17":"has-default-attributes"},"acf":[],"_links":{"self":[{"href":"https:\/\/www.sofforsangar.se\/dk\/wp-json\/wp\/v2\/product\/263","targetHints":{"allow":["GET"]}}],"collection":[{"href":"https:\/\/www.sofforsangar.se\/dk\/wp-json\/wp\/v2\/product"}],"about":[{"href":"https:\/\/www.sofforsangar.se\/dk\/wp-json\/wp\/v2\/types\/product"}],"replies":[{"embeddable":true,"href":"https:\/\/www.sofforsangar.se\/dk\/wp-json\/wp\/v2\/comments?post=263"}],"wp:featuredmedia":[{"embeddable":true,"href":"https:\/\/www.sofforsangar.se\/dk\/wp-json\/wp\/v2\/media\/265"}],"wp:attachment":[{"href":"https:\/\/www.sofforsangar.se\/dk\/wp-json\/wp\/v2\/media?parent=263"}],"wp:term":[{"taxonomy":"product_brand","embeddable":true,"href":"https:\/\/www.sofforsangar.se\/dk\/wp-json\/wp\/v2\/product_brand?post=263"},{"taxonomy":"product_cat","embeddable":true,"href":"https:\/\/www.sofforsangar.se\/dk\/wp-json\/wp\/v2\/product_cat?post=263"},{"taxonomy":"product_tag","embeddable":true,"href":"https:\/\/www.sofforsangar.se\/dk\/wp-json\/wp\/v2\/product_tag?post=263"}],"curies":[{"name":"wp","href":"https:\/\/api.w.org\/{rel}","templated":true}]}}