{"id":2581,"date":"2023-07-25T10:52:57","date_gmt":"2023-07-25T08:52:57","guid":{"rendered":"https:\/\/www.sofforsangar.se\/?post_type=product&#038;p=2581"},"modified":"2026-01-09T19:14:05","modified_gmt":"2026-01-09T17:14:05","slug":"grayson-kontinentalsang-inkl-sanggavel","status":"publish","type":"product","link":"https:\/\/www.sofforsangar.se\/dk\/vare\/grayson-kontinentalsang-inkl-sanggavel\/","title":{"rendered":"Grayson kontinentals\u00e4ng inkl s\u00e4nggavel"},"content":{"rendered":"<h2>Grayson Kontinentalseng - N\u00e5r du dr\u00f8mmer om en bl\u00f8d seng.<\/h2>\n<p>S\u00e6tter du pris p\u00e5 en seng: <strong>Ekstra bl\u00f8d komfort<\/strong> er <strong>Greyson<\/strong> det perfekte valg. <strong>En f\u00f8lsom madras.<\/strong> Sengen har dobbeltfjedring, og best\u00e5r af flere lag fjedre som er omsluttet av et lag a skum. Grayson er designet til at gi dig en. <strong>GOD NATS S\u00d8VN<\/strong> nat efter nat \u00e5r efter \u00e5r.<\/p>\n<h3>Dobbeltfjeder for en optimal komfort.<\/h3>\n<p>Grayson er opbygget med et lag af <strong>Bonell fjeder<\/strong>hvilket giver et grundst\u00f8tte og en stabilitet i sengen. <strong>Posefjeder<\/strong> Som giver en ekstra f\u00f8lsom madras, hvor fjedrene avlaster kroppen ved dine hofter og skuldre. <strong>dette sikre dig en den bedste s\u00f8vn.<\/strong>.<\/p>\n<h3>10 cm topmadras for ekstra komfort.<\/h3>\n<p>Det \u00f8verste sag i sengen er topmadrassen, er designet til at give ekstra komfort. Den <strong>10 cm topmadras<\/strong> Den best\u00e5r af <strong>Koldskum af h\u00f8j kvlitet<\/strong> den tilpasser sig efter den kop, og gir dig en fantastisk f\u00f8lelse af v\u00e6gtl\u00f8shed.<\/p>\n<h4><strong>Den perfekte fasthed<\/strong><\/h4>\n<p>Grayson findes i b\u00e5de Medium og Fast.<\/p>\n<ul>\n<li><strong>Medium<\/strong>\u00a0Oplev f\u00f8lelsen av at synke ned i madrasen.<\/li>\n<li><strong>Medium Fast<\/strong>\u00a0Da du og din partner sj\u00e6ldent har brug for samme fasthed, findes der mulighed for at bestille sengen med 2 madras kerner.<\/li>\n<li><strong>Fast<\/strong>\u00a0For dig der \u00f8nsker at ligge lidt fastere, uden at g\u00e5 p\u00e5 kompromis med kvaliteten.<\/li>\n<\/ul>\n<p>V\u00e6lg frit hvilken komfort som passer dig bedst, er du i tvivl er du altid velkommen til at komme ind i butikken og pr\u00f8ve.<\/p>\n<h3>Stilrent design i fire l\u00e6kre farver.<\/h3>\n<p>Med Grayson oplever du en fantastisk komfort, og et flot design. <strong>Elegant og silren seng.<\/strong> Vi har valgt 4 sk\u00f8nne farver, s\u00e5 du kan v\u00e6lge den som passer bedst i dit sovev\u00e6relse.<\/p>\n<ul>\n<li><strong>Lysegr\u00e5<\/strong><\/li>\n<li><strong>Beige<\/strong><\/li>\n<li><strong>M\u00f8rkegr\u00e5<\/strong><\/li>\n<li><strong>Greige sammet<\/strong><\/li>\n<\/ul>\n<p>Sengen f\u00e5es som standard med elegante 13 cm metalben. <strong>.<\/strong> som giver et eksklusivt look.<\/p>\n<h3>Vil du tilf\u00f8re lidt ekstra luksus, er der mulighed for at v\u00e6lge en matchende gavel.<\/h3>\n<p>Gavel for den komplette sovev\u00e6relses l\u00f8sning. <strong>Grayson<\/strong> du kan v\u00e6lge om du bare vil k\u00f8be sengen, eller du vil bestille en matchende gavel.<\/p>\n<h3>Hvad er leveringstiden for min nye seng.<\/h3>\n<p>Vi har flere senge p\u00e5 lager til direkte leverans, \u00f8nsker du at tilbasse st\u00f8rrelser og betr\u00e6k, har vi en estimeret leveringstid p\u00e5 6-8 uger.<\/p>\n<h3>Specifikationer:<\/h3>\n<h4>M\u00e5l<\/h4>\n<p>L\u00e6ngde:  200 eller 210 cm<br \/>\nHvilken st\u00f8rrelse passer dig.\n90,120,140.160,180,200  eller 210x210<br \/>\nH\u00f8jde: 71 cm<br \/>\nTopmadras: 10 cm<\/p>\n<h3><strong>Materiale og farve:<\/strong><strong>:<\/strong><\/h3>\n<ul>\n<li>Fresh 1 Greige<br \/>\nKvalitet 100% polyester.<br \/>\nMartindale 50,000.<br \/>\nPilling 4.<br \/>\nLysf\u00f8lsomhed: 4<br \/>\nVaskes i h\u00e5nden.<\/li>\n<\/ul>\n<h4><strong>Lidt fakta:<\/strong><\/h4>\n<p>Pocketmadasen er vendbar <strong>Medium Comfort\u00a0<\/strong>eller\u00a0<strong>Fast Comfort<\/strong>Visste du at du kan v\u00e6lge forskellig komfort i hver side af sengen., hvis du v\u00e6lger en dobbeltseng.<\/p>\n<p>Den nederste  del er 29 cm h\u00f8j.<\/p>\n<p>Madraskernen er 19 cm h\u00f8j, og best\u00e5r af en pocket madras  (257 fj\u00e4drar\/m\u00b3),<\/p>\n<p>Gavel: Soft gavlen er 9 cm tyk og h\u00f8jden er 120 cm. Kan monteres p\u00e5 v\u00e6ggen eller s\u00e6ttes p\u00e5 ben.<\/p>\n<p>Ben: 13 cm metal<\/p>\n<h3>Tips &amp; r\u00e5d<\/h3>\n<p>Sengen kommer i 7 kolli + ben, let at montere uden brug af v\u00e6rkt\u00f8j.<\/p>\n<p>Vi anbefaler at tilk\u00f8be vores plejeserie. <a href=\"https:\/\/www.sofforsangar.se\/dk\/vare\/sangvard-bed-conditioner\/\">Plejeserie<\/a> for en l\u00e6nger levetid.<\/p>\n<h3>Fandt du ikke lige det du s\u00f8gte.<\/h3>\n<p>Vores butik i centrale Malm\u00f8, byder p\u00e5 masser af inspiration. Her har vi 1000 kvm med sk\u00f8nne m\u00f8bler. Ring eller mail s\u00e5 hj\u00e6lper vi dig.\n0046 40 13 99 11.<\/p>","protected":false},"excerpt":{"rendered":"<h2>En fantastisk sk\u00f8n seng.<\/h2>\n<p><strong>Greyson<\/strong> I denne seng oplever du en fantastisk god st\u00f8tte og komfort, rammen er opbygget i massivt tr\u00e6, og madrasserne best\u00e5r af 2 lag fjedre. Toppmadrassen er 10 cm og best\u00e5r af en l\u00e6kker bl\u00f8d koldskum.\n\nAlle senge har 5 komfortzoner, og kan f\u00e5s i b\u00e5de medium og en lidt fastere model.<\/p>","protected":false},"featured_media":7905,"comment_status":"closed","ping_status":"closed","template":"","meta":{"_acf_changed":false},"product_brand":[],"product_cat":[38,39,40,41,42],"product_tag":[],"class_list":{"0":"post-2581","1":"product","2":"type-product","3":"status-publish","4":"has-post-thumbnail","6":"product_cat-extra-bred-sang","7":"product_cat-extra-lang-sang","8":"product_cat-komplett-sangpaket","9":"product_cat-kontinentalsang","10":"product_cat-huvudkategori-sangar","11":"product_shipping_class-stora-mobler","13":"first","14":"instock","15":"taxable","16":"shipping-taxable","17":"purchasable","18":"product-type-variable","19":"has-default-attributes"},"acf":[],"_links":{"self":[{"href":"https:\/\/www.sofforsangar.se\/dk\/wp-json\/wp\/v2\/product\/2581","targetHints":{"allow":["GET"]}}],"collection":[{"href":"https:\/\/www.sofforsangar.se\/dk\/wp-json\/wp\/v2\/product"}],"about":[{"href":"https:\/\/www.sofforsangar.se\/dk\/wp-json\/wp\/v2\/types\/product"}],"replies":[{"embeddable":true,"href":"https:\/\/www.sofforsangar.se\/dk\/wp-json\/wp\/v2\/comments?post=2581"}],"wp:featuredmedia":[{"embeddable":true,"href":"https:\/\/www.sofforsangar.se\/dk\/wp-json\/wp\/v2\/media\/7905"}],"wp:attachment":[{"href":"https:\/\/www.sofforsangar.se\/dk\/wp-json\/wp\/v2\/media?parent=2581"}],"wp:term":[{"taxonomy":"product_brand","embeddable":true,"href":"https:\/\/www.sofforsangar.se\/dk\/wp-json\/wp\/v2\/product_brand?post=2581"},{"taxonomy":"product_cat","embeddable":true,"href":"https:\/\/www.sofforsangar.se\/dk\/wp-json\/wp\/v2\/product_cat?post=2581"},{"taxonomy":"product_tag","embeddable":true,"href":"https:\/\/www.sofforsangar.se\/dk\/wp-json\/wp\/v2\/product_tag?post=2581"}],"curies":[{"name":"wp","href":"https:\/\/api.w.org\/{rel}","templated":true}]}}