{"id":2552,"date":"2023-07-24T13:46:50","date_gmt":"2023-07-24T11:46:50","guid":{"rendered":"https:\/\/www.sofforsangar.se\/?post_type=product&#038;p=2552"},"modified":"2025-11-14T18:17:50","modified_gmt":"2025-11-14T16:17:50","slug":"mirelle-kontinentalsang-inkl-sanggavel","status":"publish","type":"product","link":"https:\/\/www.sofforsangar.se\/dk\/vare\/mirelle-kontinentalsang-inkl-sanggavel\/","title":{"rendered":"Mirelle Kontinental"},"content":{"rendered":"<h2>Mirelle Kontinentalseng - Luksuri\u00f8s kvalitetsseng<\/h2>\n<p>For dig som s\u00f8ger efter en seng som kombinere <strong>luksus, holdbarhed og overlegen komfort<\/strong>er <strong>Mirelle Kontinentalseng<\/strong> det oplagte valg. Denne kvalitetsseng byder p\u00e5 en fantastisk soveoplevelse takket v\u00e6re dens n\u00f8je udvalgte konstruktion og design, som g\u00f8r den til en <strong>god investering i din s\u00f8vn<\/strong> i de n\u00e6ste mange \u00e5r.<\/p>\n<h3>Luksuri\u00f8s konstruktion for optimal sovekomfort<\/h3>\n<p>Mirelle er bygget til at give dig den ultimative sovekomfort hver nat. Sengens <strong>dobbelt lag af pocketfjedre<\/strong> som giver en unik f\u00f8lelse, der tilpasser sig udfra din krop og lindrer trykpunkter. Det betyder, at du f\u00e5r st\u00f8tte lige der, hvor du har brug for det, hvilket giver en j\u00e6vn og behagelig soveoplevelse, uanset din kropstype eller sovestilling.<\/p>\n<h3>10 cm tyk toppmadras med viskoelastisk skum<\/h3>\n<p>Toppmadrasen p\u00e5 Mirelle er et <strong>mesterv\u00e6rk af komfort<\/strong>. Den best\u00e5r af 10 cm viskoelastisk skum, som er et materiale af h\u00f8j kvalitet, der former sig efter din krop og giver maksimal aflastning. For at g\u00f8re det endnu mere behageligt er sengemadrassen pakket ind <strong>bomuld<\/strong>, hvilket giver en bl\u00f8d og behalig overflade som f\u00f8les k\u00f8lig og sk\u00f8n.<\/p>\n<h3>Valgbare komforter for din s\u00f8vn<\/h3>\n<p>Med Mirelle har du mulighed for at tilpasse din seng til netop dine behov. Du kan v\u00e6lge mellem tre forskellige komforter:<\/p>\n<ul>\n<li><strong>Medium<\/strong> for en bl\u00f8dere f\u00f8lelse<\/li>\n<li><strong>Medium\/Fast<\/strong> Da du og din partner sj\u00e6ldent har brug for samme fasthed, findes der mulighed for at bestille sengen med 2 madras kerner.<\/li>\n<li><strong>Fast<\/strong> for dig som \u00f8nsker et mere stabil seng<\/li>\n<\/ul>\n<p>Uanset hvilken komfort du v\u00e6lger, vil du opleve den samme h\u00f8je kvalitet og holdbarhed, som Mirelle er kendt for.<\/p>\n<h3>Elegante farvemuligheder og stilfulde egetr\u00e6sben<\/h3>\n<p>Mirelle kombinerer sin funktionelle kvalitet med et sofistikeret design. V\u00e6lg mellem fire<strong>\u00a0faver online<\/strong>:<\/p>\n<ul>\n<li><strong>Sand<\/strong><\/li>\n<li><strong>Lysegr\u00e5<\/strong><\/li>\n<li><strong>Lysebl\u00e5<\/strong><\/li>\n<li><strong>Beige Velour<\/strong><\/li>\n<\/ul>\n<p>Disse farvevalg g\u00f8r det nemt at integrere sengen i forskellige interi\u00f8rstilarter, fra klassisk til moderne. Som en del af Mirelles elegante design medf\u00f8lger <strong>15 cm h\u00f8je egeben<\/strong> som standard, hvilket giver sengen en stabil og stilfuld base.<\/p>\n<h3>Fantastisk H\u00e5llbarhed och Kvalitet<\/h3>\n<p>Mirelle er ikke kun en luksuri\u00f8s kontinentalseng \u2013 den er ogs\u00e5 bygget til at holde over tid. Den stabile konstruktion og slidst\u00e6rke materialer sikrer, at sengen bevarer sin form og komfort i mange \u00e5r. Det g\u00f8r Mirelle til en <strong>smart investering<\/strong> for dem, der s\u00f8ger b\u00e5de langsigtet komfort og en seng, der forbliver ligs\u00e5 p\u00e6n som ny.<\/p>\n<h3>Vi \u00f8nsker at give dig som kunde flere muligheder.<\/h3>\n<p>Hos os kan du altid v\u00e6lge om du bare vil k\u00f8be en seng, eller du vil k\u00f8be en pakke med en matchende sengegavel. Vi tilbyder ogs\u00e5 et st\u00f8rre udvalg af ben. I b\u00e5de tr\u00e6 og metal.<br \/>\nDu kan g\u00f8re dine valg og l\u00e6gge i varekurven.<\/p>\n<h4>Leveranstid p\u00e5 Mirelle Kontinentals\u00e4ng<\/h4>\n<p>Har vi ikke din dr\u00f8mmeseng p\u00e5 lager, har vi en forventet leveringstid p\u00e5 6-8 uger.<\/p>\n<h3>Specifikationer f\u00f6r Mariella Kontinentals\u00e4ng<\/h3>\n<h4>M\u00e5l<\/h4>\n<p>L\u00e6ngde:  200 eller 210 cm<br \/>\nHvilken st\u00f8rrelse passer dig.\n90,1,5,120,140.160,180,200  eller 210x210<br \/>\nH\u00f8jde: 74 cm<br \/>\nTopmadras: 10 cm<\/p>\n<h4>Betr\u00e6k og Farver.<\/h4>\n<ul>\n<li>Linea 01 Sand.<br \/>\nKvalitet 100% polyester.<br \/>\nMartindale 50,000.<br \/>\nPilling 4.<br \/>\nLysf\u00f8lsomhed: 4<br \/>\nVaskes i h\u00e5nden.<\/li>\n<\/ul>\n<h4>Lidt fakta:<\/h4>\n<p>Pocketmadasen er vendbar <strong>Medium Comfort\u00a0<\/strong>eller\u00a0<strong>Fast Comfort<\/strong>Visste du at du kan v\u00e6lge forskellig komfort i hver side af sengen., hvis du v\u00e6lger en dobbeltseng.<\/p>\n<p>Bunddelen er 30 cm h\u00f8j og best\u00e5r af tr\u00e6ramme, kerne af pocketfjeder, omgivet med skum, betr\u00e6k i slidst\u00e6rkt tekstilstof.<\/p>\n<p>Mellemmadras\/e: H\u00f8jde 20 cm, lommemadras med pocketfjederkerne, pakket ind i skum forneden og langs siderne, betr\u00e6k i slidst\u00e6rkt tekstilstof. Ved valg af dobbeltseng kommer 2 lommemadrasser med 1 betr\u00e6k.<\/p>\n<p>Sengemadrassen er 10 cm tyk, vendbar, 5 cm kerne af Eucatherm viskoelastisk skum omviklet p\u00e5 begge sider med et lag bomuld. Bomuld beskytter kroppen b\u00e5de mod at v\u00e6re for varm og for kold p\u00e5 forskellige tidspunkter af \u00e5ret. Denne madras har god luftgennemstr\u00f8mning og er desuden trykaflastende.<\/p>\n<p>Gavel: Soft gavlen er 9 cm tyk og h\u00f8jden er 120 cm. Kan monteres p\u00e5 v\u00e6ggen eller s\u00e6ttes p\u00e5 ben.<\/p>\n<p>Sengebenene er 15 cm h\u00f8je, lavet af egetr\u00e6.<\/p>\n<h3>Tips &amp; r\u00e5d<\/h3>\n<p>Sengen kommer i 7 kolli + ben, let at montere uden brug af v\u00e6rkt\u00f8j.<\/p>\n<p>Vi anbefaler at tilk\u00f8be vores plejeserie. <a href=\"https:\/\/www.sofforsangar.se\/dk\/vare\/sangvard-bed-conditioner\/\"><strong>Plejeserie<\/strong><\/a> for en l\u00e6nger levetid.<\/p>\n<h3>Fandt du ikke lige det du s\u00f8gte.<\/h3>\n<p>Vores butik i centrale Malm\u00f8, byder p\u00e5 masser af inspiration. Her har vi 1000 kvm med sk\u00f8nne m\u00f8bler. Ring eller mail s\u00e5 hj\u00e6lper vi dig.\n0046 40 13 99 11.<\/p>","protected":false},"excerpt":{"rendered":"<h2>Luksuri\u00f8s kvalitetsseng<\/h2>\n<p><strong>Mirelle Kontinental<\/strong> kombinerer luksuri\u00f8s komfort med holdbar kvalitet. Den er bygget med dobbelte pocketfjedre og en 10 cm tyk sengemadras med viskoelastisk skum pakket ind i bomuld, som giver en smidig og behagelig f\u00f8lelse. V\u00e6lg mellem fire elegante farver: Sand, Lysegr\u00e5, Lysebl\u00e5 eller Beige velour. F\u00e5s i medium, medium\/fast eller fast komfort. Egetr\u00e6sben p\u00e5 15 cm medf\u00f8lger som standard.<\/p>","protected":false},"featured_media":3195,"comment_status":"closed","ping_status":"closed","template":"","meta":{"_acf_changed":false},"product_brand":[],"product_cat":[38,39,40,41,42],"product_tag":[],"class_list":{"0":"post-2552","1":"product","2":"type-product","3":"status-publish","4":"has-post-thumbnail","6":"product_cat-extra-bred-sang","7":"product_cat-extra-lang-sang","8":"product_cat-komplett-sangpaket","9":"product_cat-kontinentalsang","10":"product_cat-huvudkategori-sangar","11":"product_shipping_class-stora-mobler","13":"first","14":"onbackorder","15":"taxable","16":"shipping-taxable","17":"purchasable","18":"product-type-variable","19":"has-default-attributes"},"acf":[],"_links":{"self":[{"href":"https:\/\/www.sofforsangar.se\/dk\/wp-json\/wp\/v2\/product\/2552","targetHints":{"allow":["GET"]}}],"collection":[{"href":"https:\/\/www.sofforsangar.se\/dk\/wp-json\/wp\/v2\/product"}],"about":[{"href":"https:\/\/www.sofforsangar.se\/dk\/wp-json\/wp\/v2\/types\/product"}],"replies":[{"embeddable":true,"href":"https:\/\/www.sofforsangar.se\/dk\/wp-json\/wp\/v2\/comments?post=2552"}],"wp:featuredmedia":[{"embeddable":true,"href":"https:\/\/www.sofforsangar.se\/dk\/wp-json\/wp\/v2\/media\/3195"}],"wp:attachment":[{"href":"https:\/\/www.sofforsangar.se\/dk\/wp-json\/wp\/v2\/media?parent=2552"}],"wp:term":[{"taxonomy":"product_brand","embeddable":true,"href":"https:\/\/www.sofforsangar.se\/dk\/wp-json\/wp\/v2\/product_brand?post=2552"},{"taxonomy":"product_cat","embeddable":true,"href":"https:\/\/www.sofforsangar.se\/dk\/wp-json\/wp\/v2\/product_cat?post=2552"},{"taxonomy":"product_tag","embeddable":true,"href":"https:\/\/www.sofforsangar.se\/dk\/wp-json\/wp\/v2\/product_tag?post=2552"}],"curies":[{"name":"wp","href":"https:\/\/api.w.org\/{rel}","templated":true}]}}